{"id":15328,"date":"2024-11-28T19:49:27","date_gmt":"2024-11-28T16:49:27","guid":{"rendered":"https:\/\/www.makitamarket.com.tr\/site\/urun\/bts-numaratorlu-tur-metresi\/"},"modified":"2026-04-06T16:40:44","modified_gmt":"2026-04-06T13:40:44","slug":"bts-numaratorlu-tur-metresi","status":"publish","type":"product","link":"https:\/\/www.makitamarket.com.tr\/site\/urun\/bts-numaratorlu-tur-metresi\/","title":{"rendered":"Bts BTS12395 NUMARAT\u00d6RL\u00dc TUR METRES\u0130"},"content":{"rendered":"<div>\n\t\u2022 Hassas tasar\u0131m\u0131 ile y\u00fcksek kalite.<\/div>\n<div>\n\t\u2022 Siz y\u00fcr\u00fcd\u00fck\u00e7e \u00f6l\u00e7\u00fcm yapar.<\/div>\n<div>\n\t\u2022 \u0130n\u015faat\u00e7\u0131lar, \u00e7ift\u00e7iler, emlak\u00e7\u0131lar, polisler (olay yeri inceleme) i\u00e7in kullan\u0131ma uygundur.<\/div>\n<div>\n\t\u2022 Dayan\u0131kl\u0131 ve hafi f 140 mm. \u00e7apl\u0131 teker ile kolay \u00f6l\u00e7\u00fcm imkan\u0131.<\/div>\n<div>\n\t\u2022 Blister ambalajl\u0131.<\/div>\n<table>\n<tr>\n<td>Teker \u00c7ap\u0131<\/td>\n<td>140 mm.<\/td>\n<\/tr>\n<tr>\n<td>G\u00f6sterge<\/td>\n<td>4 Haneli  Numarat\u00f6r<\/td>\n<\/tr>\n<\/table>\n","protected":false},"excerpt":{"rendered":"<div>\n\t\u2022 Hassas tasar\u0131m\u0131 ile y\u00fcksek kalite.<\/div>\n<div>\n\t\u2022 Siz y\u00fcr\u00fcd\u00fck\u00e7e \u00f6l\u00e7\u00fcm yapar.<\/div>\n<div>\n\t\u2022 \u0130n\u015faat\u00e7\u0131lar, \u00e7ift\u00e7iler, emlak\u00e7\u0131lar, polisler (olay yeri inceleme) i\u00e7in kullan\u0131ma uygundur.<\/div>\n<div>\n\t\u2022 Dayan\u0131kl\u0131 ve hafi f 140 mm. \u00e7apl\u0131 teker ile kolay \u00f6l\u00e7\u00fcm imkan\u0131.<\/div>\n<div>\n\t\u2022 Blister ambalajl\u0131.<\/div>\n","protected":false},"featured_media":19080,"comment_status":"open","ping_status":"closed","template":"","meta":{"_acf_changed":false},"product_brand":[1548],"product_cat":[1306],"product_tag":[],"class_list":{"0":"post-15328","1":"product","2":"type-product","3":"status-publish","4":"has-post-thumbnail","6":"product_brand-bts","7":"product_cat-tur-yol-metreler","9":"first","10":"instock","11":"taxable","12":"shipping-taxable","13":"purchasable","14":"product-type-simple","15":"add-to-wishlist-after_add_to_cart"},"acf":[],"_links":{"self":[{"href":"https:\/\/www.makitamarket.com.tr\/site\/wp-json\/wp\/v2\/product\/15328","targetHints":{"allow":["GET"]}}],"collection":[{"href":"https:\/\/www.makitamarket.com.tr\/site\/wp-json\/wp\/v2\/product"}],"about":[{"href":"https:\/\/www.makitamarket.com.tr\/site\/wp-json\/wp\/v2\/types\/product"}],"replies":[{"embeddable":true,"href":"https:\/\/www.makitamarket.com.tr\/site\/wp-json\/wp\/v2\/comments?post=15328"}],"wp:featuredmedia":[{"embeddable":true,"href":"https:\/\/www.makitamarket.com.tr\/site\/wp-json\/wp\/v2\/media\/19080"}],"wp:attachment":[{"href":"https:\/\/www.makitamarket.com.tr\/site\/wp-json\/wp\/v2\/media?parent=15328"}],"wp:term":[{"taxonomy":"product_brand","embeddable":true,"href":"https:\/\/www.makitamarket.com.tr\/site\/wp-json\/wp\/v2\/product_brand?post=15328"},{"taxonomy":"product_cat","embeddable":true,"href":"https:\/\/www.makitamarket.com.tr\/site\/wp-json\/wp\/v2\/product_cat?post=15328"},{"taxonomy":"product_tag","embeddable":true,"href":"https:\/\/www.makitamarket.com.tr\/site\/wp-json\/wp\/v2\/product_tag?post=15328"}],"curies":[{"name":"wp","href":"https:\/\/api.w.org\/{rel}","templated":true}]}}