{"id":15349,"date":"2024-11-28T19:49:40","date_gmt":"2024-11-28T16:49:40","guid":{"rendered":"https:\/\/www.makitamarket.com.tr\/site\/urun\/knipex-kablo-siyirma-aleti-165-mm\/"},"modified":"2026-04-06T15:20:58","modified_gmt":"2026-04-06T12:20:58","slug":"knipex-kablo-siyirma-aleti-165-mm","status":"publish","type":"product","link":"https:\/\/www.makitamarket.com.tr\/site\/urun\/knipex-kablo-siyirma-aleti-165-mm\/","title":{"rendered":"Knipex 1620165 KABLO SIYIRMA ALET\u0130 165 mm"},"content":{"rendered":"<p><b>16 20 165 SB Kablo D\u0131\u015f K\u0131l\u0131f\u0131 Soyma Aletleri<\/b><br \/>Piyasada kullan\u0131lan t\u00fcm yuvarlak kablolar\u0131n d\u0131\u015f k\u0131l\u0131f\u0131n\u0131 soymak i\u00e7in. Kendinden germeli tutma mandal\u0131. Ayarlama vidas\u0131 ile kesim derinli\u011finin ayarlanmas\u0131. \u00c7evresel ve uzunlamas\u0131na kesim i\u00e7in kendili\u011finden d\u00f6nen b\u0131\u00e7ak. Alet g\u00f6vdesi i\u00e7inde yedek b\u0131\u00e7ak. Sapta ve tutma mandal\u0131nda kaymay\u0131 \u00f6nleyici olarak yerle\u015ftirilmi\u015f yumu\u015fak komponentli malzeme sayesinde g\u00fcvenlik. B\u0131\u00e7ak ve koruyucu kapakl\u0131 \u00e7engel b\u0131\u00e7a\u011f\u0131 ile birlikte. <\/p>\n<li><b>Kablo s\u0131y\u0131rma de\u011ferleri (\u00e7ap): <\/b>\u00d8 8,0 \u2014 28,0 mm<\/li>\n<table>\n<tr>\n<td>S\u0131y\u0131rma Kapasitesi<\/td>\n<td>8,0-28mm<\/td>\n<\/tr>\n<tr>\n<td>Sap<\/td>\n<td>Plastik<\/td>\n<\/tr>\n<tr>\n<td>Uzunluk<\/td>\n<td>165<\/td>\n<\/tr>\n<tr>\n<td>A\u011f\u0131rl\u0131k<\/td>\n<td>85 gr<\/td>\n<\/tr>\n<\/table>\n","protected":false},"excerpt":{"rendered":"<p><b>16 20 165 SB Kablo D\u0131\u015f K\u0131l\u0131f\u0131 Soyma Aletleri<\/b><br \/>Piyasada kullan\u0131lan t\u00fcm yuvarlak kablolar\u0131n d\u0131\u015f k\u0131l\u0131f\u0131n\u0131 soymak i\u00e7in. Kendinden germeli tutma mandal\u0131. Ayarlama vidas\u0131 ile kesim derinli\u011finin ayarlanmas\u0131. \u00c7evresel ve uzunlamas\u0131na kesim i\u00e7in kendili\u011finden d\u00f6nen b\u0131\u00e7ak. Alet g\u00f6vdesi i\u00e7inde yedek b\u0131\u00e7ak. Sapta ve tutma mandal\u0131nda kaymay\u0131 \u00f6nleyici olarak yerle\u015ftirilmi\u015f yumu\u015fak komponentli malzeme sayesinde g\u00fcvenlik. B\u0131\u00e7ak ve koruyucu kapakl\u0131 \u00e7engel b\u0131\u00e7a\u011f\u0131 ile birlikte. <\/p>\n<li><b>Kablo s\u0131y\u0131rma de\u011ferleri (\u00e7ap): <\/b>\u00d8 8,0 \u2014 28,0 mm<\/li>\n","protected":false},"featured_media":15348,"comment_status":"open","ping_status":"closed","template":"","meta":{"_acf_changed":false},"product_brand":[1486],"product_cat":[991],"product_tag":[],"class_list":{"0":"post-15349","1":"product","2":"type-product","3":"status-publish","4":"has-post-thumbnail","6":"product_brand-knipex","7":"product_cat-kablo-siyirmalar","9":"first","10":"outofstock","11":"taxable","12":"shipping-taxable","13":"purchasable","14":"product-type-simple","15":"add-to-wishlist-after_add_to_cart"},"acf":[],"_links":{"self":[{"href":"https:\/\/www.makitamarket.com.tr\/site\/wp-json\/wp\/v2\/product\/15349","targetHints":{"allow":["GET"]}}],"collection":[{"href":"https:\/\/www.makitamarket.com.tr\/site\/wp-json\/wp\/v2\/product"}],"about":[{"href":"https:\/\/www.makitamarket.com.tr\/site\/wp-json\/wp\/v2\/types\/product"}],"replies":[{"embeddable":true,"href":"https:\/\/www.makitamarket.com.tr\/site\/wp-json\/wp\/v2\/comments?post=15349"}],"wp:featuredmedia":[{"embeddable":true,"href":"https:\/\/www.makitamarket.com.tr\/site\/wp-json\/wp\/v2\/media\/15348"}],"wp:attachment":[{"href":"https:\/\/www.makitamarket.com.tr\/site\/wp-json\/wp\/v2\/media?parent=15349"}],"wp:term":[{"taxonomy":"product_brand","embeddable":true,"href":"https:\/\/www.makitamarket.com.tr\/site\/wp-json\/wp\/v2\/product_brand?post=15349"},{"taxonomy":"product_cat","embeddable":true,"href":"https:\/\/www.makitamarket.com.tr\/site\/wp-json\/wp\/v2\/product_cat?post=15349"},{"taxonomy":"product_tag","embeddable":true,"href":"https:\/\/www.makitamarket.com.tr\/site\/wp-json\/wp\/v2\/product_tag?post=15349"}],"curies":[{"name":"wp","href":"https:\/\/api.w.org\/{rel}","templated":true}]}}