{"id":15379,"date":"2024-11-28T19:49:48","date_gmt":"2024-11-28T16:49:48","guid":{"rendered":"https:\/\/www.makitamarket.com.tr\/site\/urun\/knipex-tek-agiz-anahtar-13-0-mm\/"},"modified":"2026-04-06T15:21:51","modified_gmt":"2026-04-06T12:21:51","slug":"knipex-tek-agiz-anahtar-13-0-mm","status":"publish","type":"product","link":"https:\/\/www.makitamarket.com.tr\/site\/urun\/knipex-tek-agiz-anahtar-13-0-mm\/","title":{"rendered":"Knipex 980013 TEK A\u011eIZ ANAHTAR 13.0 mm"},"content":{"rendered":"<p><b>98 00 13 D\u00fcz anahtar<\/b><br \/>A\u011f\u0131z konumu 15\u00b0. Krom anahtar \u00fczeri plastik kaplama. <\/p>\n<li><b>Anahtar geni\u015fli\u011fi: <\/b>13 mm<\/li>\n<li><b>Uzunluk l max: <\/b>130 mm<\/li>\n<li><b>Kafa kal\u0131nl\u0131\u011f\u0131 a max.: <\/b>6,5 mm<\/li>\n<li><b>Kafa geni\u015fli\u011fi b max.: <\/b>34 mm<\/li>\n<table>\n<tr>\n<td>Anahtar \u00d6l\u00e7\u00fcs\u00fc<\/td>\n<td>13.0 mm<\/td>\n<\/tr>\n<tr>\n<td>Uzunluk (l)<\/td>\n<td>130 mm<\/td>\n<\/tr>\n<tr>\n<td>Kafa Geni\u015fli\u011fi (b)<\/td>\n<td>34 mm<\/td>\n<\/tr>\n<tr>\n<td>Kafa Kal\u0131nl\u0131\u011f\u0131 (a)<\/td>\n<td>6.5 mm<\/td>\n<\/tr>\n<tr>\n<td>A\u011f\u0131rl\u0131k<\/td>\n<td>68 gr<\/td>\n<\/tr>\n<\/table>\n","protected":false},"excerpt":{"rendered":"<p><b>98 00 13 D\u00fcz anahtar<\/b><br \/>A\u011f\u0131z konumu 15\u00b0. Krom anahtar \u00fczeri plastik kaplama. <\/p>\n<li><b>Anahtar geni\u015fli\u011fi: <\/b>13 mm<\/li>\n<li><b>Uzunluk l max: <\/b>130 mm<\/li>\n<li><b>Kafa kal\u0131nl\u0131\u011f\u0131 a max.: <\/b>6,5 mm<\/li>\n<li><b>Kafa geni\u015fli\u011fi b max.: <\/b>34 mm<\/li>\n","protected":false},"featured_media":15378,"comment_status":"open","ping_status":"closed","template":"","meta":{"_acf_changed":false},"product_brand":[1486],"product_cat":[1233],"product_tag":[],"class_list":{"0":"post-15379","1":"product","2":"type-product","3":"status-publish","4":"has-post-thumbnail","6":"product_brand-knipex","7":"product_cat-izoleli-anahtarlar","9":"first","10":"instock","11":"taxable","12":"shipping-taxable","13":"purchasable","14":"product-type-simple","15":"add-to-wishlist-after_add_to_cart"},"acf":[],"_links":{"self":[{"href":"https:\/\/www.makitamarket.com.tr\/site\/wp-json\/wp\/v2\/product\/15379","targetHints":{"allow":["GET"]}}],"collection":[{"href":"https:\/\/www.makitamarket.com.tr\/site\/wp-json\/wp\/v2\/product"}],"about":[{"href":"https:\/\/www.makitamarket.com.tr\/site\/wp-json\/wp\/v2\/types\/product"}],"replies":[{"embeddable":true,"href":"https:\/\/www.makitamarket.com.tr\/site\/wp-json\/wp\/v2\/comments?post=15379"}],"wp:featuredmedia":[{"embeddable":true,"href":"https:\/\/www.makitamarket.com.tr\/site\/wp-json\/wp\/v2\/media\/15378"}],"wp:attachment":[{"href":"https:\/\/www.makitamarket.com.tr\/site\/wp-json\/wp\/v2\/media?parent=15379"}],"wp:term":[{"taxonomy":"product_brand","embeddable":true,"href":"https:\/\/www.makitamarket.com.tr\/site\/wp-json\/wp\/v2\/product_brand?post=15379"},{"taxonomy":"product_cat","embeddable":true,"href":"https:\/\/www.makitamarket.com.tr\/site\/wp-json\/wp\/v2\/product_cat?post=15379"},{"taxonomy":"product_tag","embeddable":true,"href":"https:\/\/www.makitamarket.com.tr\/site\/wp-json\/wp\/v2\/product_tag?post=15379"}],"curies":[{"name":"wp","href":"https:\/\/api.w.org\/{rel}","templated":true}]}}