{"id":15381,"date":"2024-11-28T19:49:48","date_gmt":"2024-11-28T16:49:48","guid":{"rendered":"https:\/\/www.makitamarket.com.tr\/site\/urun\/hawk-gri-telli-pimli-daire-firca-100x10-mm\/"},"modified":"2026-04-13T21:13:41","modified_gmt":"2026-04-13T18:13:41","slug":"hawk-gri-telli-pimli-daire-firca-100x10-mm","status":"publish","type":"product","link":"https:\/\/www.makitamarket.com.tr\/site\/urun\/hawk-gri-telli-pimli-daire-firca-100x10-mm\/","title":{"rendered":"Hawk HA11135 GR\u0130 TELL\u0130 P\u0130ML\u0130 DA\u0130RE FIR\u00c7A 100&#215;10 mm"},"content":{"rendered":"<table>\n<tr>\n<td>\u00c7ap (mm) (\u00dcr\u00fcn x Pim)<\/td>\n<td>\u00d8100 x 10<\/td>\n<\/tr>\n<tr>\n<td>Tel \u00c7ap\u0131 (mm)<\/td>\n<td>0.30<\/td>\n<\/tr>\n<tr>\n<td>Paket \/ Koli \u0130\u00e7i Adedi<\/td>\n<td>18 \/ 108<\/td>\n<\/tr>\n<\/table>\n","protected":false},"excerpt":{"rendered":"<p>\u00c7ap (mm) (\u00dcr\u00fcn x Pim) \u00d8100 x 10 Tel \u00c7ap\u0131 (mm) 0.30 Paket \/ Koli \u0130\u00e7i Adedi 18 \/ 108<\/p>\n","protected":false},"featured_media":15380,"comment_status":"open","ping_status":"closed","template":"","meta":{"_acf_changed":false},"product_brand":[1538],"product_cat":[807],"product_tag":[],"class_list":{"0":"post-15381","1":"product","2":"type-product","3":"status-publish","4":"has-post-thumbnail","6":"product_brand-hawk","7":"product_cat-aksesuarlar-fircalar","9":"first","10":"outofstock","11":"taxable","12":"shipping-taxable","13":"purchasable","14":"product-type-simple","15":"add-to-wishlist-after_add_to_cart"},"acf":[],"_links":{"self":[{"href":"https:\/\/www.makitamarket.com.tr\/site\/wp-json\/wp\/v2\/product\/15381","targetHints":{"allow":["GET"]}}],"collection":[{"href":"https:\/\/www.makitamarket.com.tr\/site\/wp-json\/wp\/v2\/product"}],"about":[{"href":"https:\/\/www.makitamarket.com.tr\/site\/wp-json\/wp\/v2\/types\/product"}],"replies":[{"embeddable":true,"href":"https:\/\/www.makitamarket.com.tr\/site\/wp-json\/wp\/v2\/comments?post=15381"}],"wp:featuredmedia":[{"embeddable":true,"href":"https:\/\/www.makitamarket.com.tr\/site\/wp-json\/wp\/v2\/media\/15380"}],"wp:attachment":[{"href":"https:\/\/www.makitamarket.com.tr\/site\/wp-json\/wp\/v2\/media?parent=15381"}],"wp:term":[{"taxonomy":"product_brand","embeddable":true,"href":"https:\/\/www.makitamarket.com.tr\/site\/wp-json\/wp\/v2\/product_brand?post=15381"},{"taxonomy":"product_cat","embeddable":true,"href":"https:\/\/www.makitamarket.com.tr\/site\/wp-json\/wp\/v2\/product_cat?post=15381"},{"taxonomy":"product_tag","embeddable":true,"href":"https:\/\/www.makitamarket.com.tr\/site\/wp-json\/wp\/v2\/product_tag?post=15381"}],"curies":[{"name":"wp","href":"https:\/\/api.w.org\/{rel}","templated":true}]}}