{"id":15414,"date":"2024-11-28T19:50:03","date_gmt":"2024-11-28T16:50:03","guid":{"rendered":"https:\/\/www.makitamarket.com.tr\/site\/urun\/knipex-kumanda-dolabi-anahtari-155-mm\/"},"modified":"2026-04-06T15:22:42","modified_gmt":"2026-04-06T12:22:42","slug":"knipex-kumanda-dolabi-anahtari-155-mm","status":"publish","type":"product","link":"https:\/\/www.makitamarket.com.tr\/site\/urun\/knipex-kumanda-dolabi-anahtari-155-mm\/","title":{"rendered":"Knipex 001107 KUMANDA DOLABI ANAHTARI 155 mm"},"content":{"rendered":"<p><b>00 11 07 Kalem Tipi Kumanda Dolab\u0131 Anahtar\u0131<\/b><br \/>Kolay ta\u015f\u0131nabilir, g\u00fcvenli muhafaza i\u00e7in ba\u011flama klipsli, t\u00fckenmez kalem \u015feklinde kontrol panosu anahtar\u0131. Kumanda dolaplar\u0131, gaz &#8211; su ve elektrik tedari\u011finde kesme sistemleri i\u00e7in 2 adet d\u00f6ner u\u00e7 ile: Y\u0131ld\u0131z tornavida ucu PH \/ d\u00fcz tornavida ucu 7,0 x 1,2 mm ve TX20 \/ TX25. 1\/4 in\u00e7 bit u\u00e7 tak\u0131labilen m\u0131knat\u0131sl\u0131 u\u00e7 ba\u011flant\u0131s\u0131. Toplam kol uzunlu\u011fu: 145 mm. self servis kart\/kabartma. <\/p>\n<li><b>\u00c7ift sakal kapasitesi: <\/b>3 \u2013 5 mm<\/li>\n<li><b>D\u00f6rt k\u00f6\u015fe mm kapasitesi: <\/b>5,0 \/ 6,0 \/ 8,0 mm<\/li>\n<li><b>Kapasite \u00fc\u00e7gen: <\/b>9,0 mm<\/li>\n<li><b>: <\/b>1\/4 in14<\/li>\n<table>\n<tr>\n<td>U\u00e7lar<\/td>\n<td>6\/8 &#8211; 9 &#8211; \u00d8 5 (i\u00e7) \u00d8 9 (d\u0131\u015f)<\/td>\n<\/tr>\n<tr>\n<td>\u00d6l\u00e7\u00fc<\/td>\n<td>155 mm<\/td>\n<\/tr>\n<tr>\n<td>A\u011f\u0131rl\u0131k<\/td>\n<td>136 gr<\/td>\n<\/tr>\n<\/table>\n","protected":false},"excerpt":{"rendered":"<p><b>00 11 07 Kalem Tipi Kumanda Dolab\u0131 Anahtar\u0131<\/b><br \/>Kolay ta\u015f\u0131nabilir, g\u00fcvenli muhafaza i\u00e7in ba\u011flama klipsli, t\u00fckenmez kalem \u015feklinde kontrol panosu anahtar\u0131. Kumanda dolaplar\u0131, gaz &#8211; su ve elektrik tedari\u011finde kesme sistemleri i\u00e7in 2 adet d\u00f6ner u\u00e7 ile: Y\u0131ld\u0131z tornavida ucu PH \/ d\u00fcz tornavida ucu 7,0 x 1,2 mm ve TX20 \/ TX25. 1\/4 in\u00e7 bit u\u00e7 tak\u0131labilen m\u0131knat\u0131sl\u0131 u\u00e7 ba\u011flant\u0131s\u0131. Toplam kol uzunlu\u011fu: 145 mm. self servis kart\/kabartma. <\/p>\n<li><b>\u00c7ift sakal kapasitesi: <\/b>3 \u2013 5 mm<\/li>\n<li><b>D\u00f6rt k\u00f6\u015fe mm kapasitesi: <\/b>5,0 \/ 6,0 \/ 8,0 mm<\/li>\n<li><b>Kapasite \u00fc\u00e7gen: <\/b>9,0 mm<\/li>\n<li><b>: <\/b>1\/4 in14<\/li>\n","protected":false},"featured_media":15413,"comment_status":"open","ping_status":"closed","template":"","meta":{"_acf_changed":false},"product_brand":[1486],"product_cat":[1330],"product_tag":[],"class_list":{"0":"post-15414","1":"product","2":"type-product","3":"status-publish","4":"has-post-thumbnail","6":"product_brand-knipex","7":"product_cat-anahtarlar-el-aletleri-el-aletleri","9":"first","10":"outofstock","11":"taxable","12":"shipping-taxable","13":"purchasable","14":"product-type-simple","15":"add-to-wishlist-after_add_to_cart"},"acf":[],"_links":{"self":[{"href":"https:\/\/www.makitamarket.com.tr\/site\/wp-json\/wp\/v2\/product\/15414","targetHints":{"allow":["GET"]}}],"collection":[{"href":"https:\/\/www.makitamarket.com.tr\/site\/wp-json\/wp\/v2\/product"}],"about":[{"href":"https:\/\/www.makitamarket.com.tr\/site\/wp-json\/wp\/v2\/types\/product"}],"replies":[{"embeddable":true,"href":"https:\/\/www.makitamarket.com.tr\/site\/wp-json\/wp\/v2\/comments?post=15414"}],"wp:featuredmedia":[{"embeddable":true,"href":"https:\/\/www.makitamarket.com.tr\/site\/wp-json\/wp\/v2\/media\/15413"}],"wp:attachment":[{"href":"https:\/\/www.makitamarket.com.tr\/site\/wp-json\/wp\/v2\/media?parent=15414"}],"wp:term":[{"taxonomy":"product_brand","embeddable":true,"href":"https:\/\/www.makitamarket.com.tr\/site\/wp-json\/wp\/v2\/product_brand?post=15414"},{"taxonomy":"product_cat","embeddable":true,"href":"https:\/\/www.makitamarket.com.tr\/site\/wp-json\/wp\/v2\/product_cat?post=15414"},{"taxonomy":"product_tag","embeddable":true,"href":"https:\/\/www.makitamarket.com.tr\/site\/wp-json\/wp\/v2\/product_tag?post=15414"}],"curies":[{"name":"wp","href":"https:\/\/api.w.org\/{rel}","templated":true}]}}