{"id":15419,"date":"2024-11-28T19:50:04","date_gmt":"2024-11-28T16:50:04","guid":{"rendered":"https:\/\/www.makitamarket.com.tr\/site\/urun\/knipex-kablo-bicagi-185-mm\/"},"modified":"2026-04-06T15:22:45","modified_gmt":"2026-04-06T12:22:45","slug":"knipex-kablo-bicagi-185-mm","status":"publish","type":"product","link":"https:\/\/www.makitamarket.com.tr\/site\/urun\/knipex-kablo-bicagi-185-mm\/","title":{"rendered":"Knipex 9856 KABLO BI\u00c7A\u011eI 185 mm"},"content":{"rendered":"<p><strong>98 56 Kablo Kesme B\u0131\u00e7a\u011f\u0131<\/strong><\/p>\n<p>Spesyal ta\u015flamal\u0131 b\u0131\u00e7ak; de\u011fi\u015ftirilebilir. Sap i\u00e7inde kaybedilmeyecek \u015fekilde entegre edilmi\u015f katlan\u0131r b\u0131\u00e7ak korumas\u0131 ile. K\u0131sa devrelerin \u00f6nlenmesi i\u00e7in b\u0131\u00e7ak s\u0131rt\u0131 plastikle kaplanm\u0131\u015ft\u0131r. Kayma emniyetli sap. <\/p>\n<p><strong>S\u00fcng\u00fc Uzunlu\u011fu: <\/strong>50 mm<\/p>\n<p><strong>VDE onayl\u0131: <\/strong>evet&nbsp;<\/p>\n<table>\n<tr>\n<td>Uzunluk<\/td>\n<td>180<\/td>\n<\/tr>\n<tr>\n<td>B\u0131\u00e7ak Uzunlu\u011fu<\/td>\n<td>50 mm<\/td>\n<\/tr>\n<tr>\n<td>A\u011f\u0131rl\u0131k<\/td>\n<td>64 gr<\/td>\n<\/tr>\n<\/table>\n","protected":false},"excerpt":{"rendered":"<p><strong>98 56 Kablo Kesme B\u0131\u00e7a\u011f\u0131<\/strong><\/p>\n<p>Spesyal ta\u015flamal\u0131 b\u0131\u00e7ak; de\u011fi\u015ftirilebilir. Sap i\u00e7inde kaybedilmeyecek \u015fekilde entegre edilmi\u015f katlan\u0131r b\u0131\u00e7ak korumas\u0131 ile. K\u0131sa devrelerin \u00f6nlenmesi i\u00e7in b\u0131\u00e7ak s\u0131rt\u0131 plastikle kaplanm\u0131\u015ft\u0131r. Kayma emniyetli sap. <\/p>\n<p><strong>S\u00fcng\u00fc Uzunlu\u011fu: <\/strong>50 mm<\/p>\n<p><strong>VDE onayl\u0131: <\/strong>evet&nbsp;<\/p>\n","protected":false},"featured_media":0,"comment_status":"open","ping_status":"closed","template":"","meta":{"_acf_changed":false},"product_brand":[1486],"product_cat":[1270],"product_tag":[],"class_list":{"0":"post-15419","1":"product","2":"type-product","3":"status-publish","5":"product_brand-knipex","6":"product_cat-izoleli-bicaklar-ve-aletler","8":"first","9":"instock","10":"taxable","11":"shipping-taxable","12":"purchasable","13":"product-type-simple","14":"add-to-wishlist-after_add_to_cart"},"acf":[],"_links":{"self":[{"href":"https:\/\/www.makitamarket.com.tr\/site\/wp-json\/wp\/v2\/product\/15419","targetHints":{"allow":["GET"]}}],"collection":[{"href":"https:\/\/www.makitamarket.com.tr\/site\/wp-json\/wp\/v2\/product"}],"about":[{"href":"https:\/\/www.makitamarket.com.tr\/site\/wp-json\/wp\/v2\/types\/product"}],"replies":[{"embeddable":true,"href":"https:\/\/www.makitamarket.com.tr\/site\/wp-json\/wp\/v2\/comments?post=15419"}],"wp:attachment":[{"href":"https:\/\/www.makitamarket.com.tr\/site\/wp-json\/wp\/v2\/media?parent=15419"}],"wp:term":[{"taxonomy":"product_brand","embeddable":true,"href":"https:\/\/www.makitamarket.com.tr\/site\/wp-json\/wp\/v2\/product_brand?post=15419"},{"taxonomy":"product_cat","embeddable":true,"href":"https:\/\/www.makitamarket.com.tr\/site\/wp-json\/wp\/v2\/product_cat?post=15419"},{"taxonomy":"product_tag","embeddable":true,"href":"https:\/\/www.makitamarket.com.tr\/site\/wp-json\/wp\/v2\/product_tag?post=15419"}],"curies":[{"name":"wp","href":"https:\/\/api.w.org\/{rel}","templated":true}]}}