{"id":15444,"date":"2024-11-28T19:50:14","date_gmt":"2024-11-28T16:50:14","guid":{"rendered":"https:\/\/www.makitamarket.com.tr\/site\/urun\/proxxon-db250-icin-4-ceneli-ayna\/"},"modified":"2026-03-30T09:11:31","modified_gmt":"2026-03-30T06:11:31","slug":"proxxon-db250-icin-4-ceneli-ayna","status":"publish","type":"product","link":"https:\/\/www.makitamarket.com.tr\/site\/urun\/proxxon-db250-icin-4-ceneli-ayna\/","title":{"rendered":"Proxxon 27024 DB250 \u0130\u00c7\u0130N 4 \u00c7ENEL\u0130 AYNA"},"content":{"rendered":"<div>\n\tK\u00f6\u015feli \u015fekildeki asimetrik par\u00e7alar\u0131 s\u0131k\u0131\u015ft\u0131rmak i\u00e7in kullan\u0131l\u0131r.Ters \u00e7evrilebilir \u00e7eneler i\u00e7ten 1.5 &#8211; 35 mm aras\u0131 ve d\u0131\u015ftan 14 &#8211; 67 mm aras\u0131 s\u0131k\u0131\u015ft\u0131rma yapabilir. DB 250&#8217;in M16x1 di\u015fli ayna miline direk vidalanabilmektedir.<\/div>\n<table><\/table>\n","protected":false},"excerpt":{"rendered":"<div>\n\tK\u00f6\u015feli \u015fekildeki asimetrik par\u00e7alar\u0131 s\u0131k\u0131\u015ft\u0131rmak i\u00e7in kullan\u0131l\u0131r.Ters \u00e7evrilebilir \u00e7eneler i\u00e7ten 1.5 &#8211; 35 mm aras\u0131 ve d\u0131\u015ftan 14 &#8211; 67 mm aras\u0131 s\u0131k\u0131\u015ft\u0131rma yapabilir. DB 250&#8217;in M16x1 di\u015fli ayna miline direk vidalanabilmektedir.<\/div>\n","protected":false},"featured_media":15443,"comment_status":"open","ping_status":"closed","template":"","meta":{"_acf_changed":false},"product_brand":[1501],"product_cat":[926],"product_tag":[],"class_list":{"0":"post-15444","1":"product","2":"type-product","3":"status-publish","4":"has-post-thumbnail","6":"product_brand-proxxon","7":"product_cat-aksesuarlar-mikro-aletleri","9":"first","10":"instock","11":"taxable","12":"shipping-taxable","13":"purchasable","14":"product-type-simple","15":"add-to-wishlist-after_add_to_cart"},"acf":[],"_links":{"self":[{"href":"https:\/\/www.makitamarket.com.tr\/site\/wp-json\/wp\/v2\/product\/15444","targetHints":{"allow":["GET"]}}],"collection":[{"href":"https:\/\/www.makitamarket.com.tr\/site\/wp-json\/wp\/v2\/product"}],"about":[{"href":"https:\/\/www.makitamarket.com.tr\/site\/wp-json\/wp\/v2\/types\/product"}],"replies":[{"embeddable":true,"href":"https:\/\/www.makitamarket.com.tr\/site\/wp-json\/wp\/v2\/comments?post=15444"}],"wp:featuredmedia":[{"embeddable":true,"href":"https:\/\/www.makitamarket.com.tr\/site\/wp-json\/wp\/v2\/media\/15443"}],"wp:attachment":[{"href":"https:\/\/www.makitamarket.com.tr\/site\/wp-json\/wp\/v2\/media?parent=15444"}],"wp:term":[{"taxonomy":"product_brand","embeddable":true,"href":"https:\/\/www.makitamarket.com.tr\/site\/wp-json\/wp\/v2\/product_brand?post=15444"},{"taxonomy":"product_cat","embeddable":true,"href":"https:\/\/www.makitamarket.com.tr\/site\/wp-json\/wp\/v2\/product_cat?post=15444"},{"taxonomy":"product_tag","embeddable":true,"href":"https:\/\/www.makitamarket.com.tr\/site\/wp-json\/wp\/v2\/product_tag?post=15444"}],"curies":[{"name":"wp","href":"https:\/\/api.w.org\/{rel}","templated":true}]}}