{"id":15472,"date":"2024-11-28T19:50:27","date_gmt":"2024-11-28T16:50:27","guid":{"rendered":"https:\/\/www.makitamarket.com.tr\/site\/urun\/mapa-tibbi-atik-eldiveni\/"},"modified":"2026-03-30T09:12:25","modified_gmt":"2026-03-30T06:12:25","slug":"mapa-tibbi-atik-eldiveni","status":"publish","type":"product","link":"https:\/\/www.makitamarket.com.tr\/site\/urun\/mapa-tibbi-atik-eldiveni\/","title":{"rendered":"Mapa BIO-PRO860 TIBB\u0130 ATIK ELD\u0130VEN\u0130"},"content":{"rendered":"<div id=\"cke_pastebin\">\n\t<strong>BIO-PRO AKT\u0130F KORUMA<\/strong><\/div>\n<div id=\"cke_pastebin\">\n\t<strong>D\u0131\u015f Katman:<\/strong> Bio-Pro\u2019nun d\u0131\u015f katman\u0131 Termoplastik Elastomer<\/div>\n<div id=\"cke_pastebin\">\n\tmaddeden ap\u0131lm\u0131\u015ft\u0131r. Koruyucu d\u0131\u015f katman\u0131n alt\u0131nda dezenfektan madde<\/div>\n<div id=\"cke_pastebin\">\n\tbulunmaktad\u0131r. Bio-Pro ne Lateks ne de Vulkanizasyon i\u00e7ermektedir.<\/div>\n<div id=\"cke_pastebin\">\n\t<strong>Orta Katman:<\/strong> Orta katmanda 5 ile 10 gr\u2019l\u0131k dezenfektan madde<\/div>\n<div id=\"cke_pastebin\">\n\tbulunmaktad\u0131r. Bu dezenfektan e\u015fit s\u0131kl\u0131kta t\u00fcm y\u00fczeye da\u011f\u0131lm\u0131\u015f mikro<\/div>\n<div id=\"cke_pastebin\">\n\tdamlac\u0131klardan olu\u015fur. (Eldiven ba\u015f\u0131na 300 milyon damlac\u0131k)<\/div>\n<div id=\"cke_pastebin\">\n\t<strong>\u0130\u00e7 Katman :<\/strong> Bio-Pro\u2019nun i\u00e7 katman\u0131 termoplastik elostamer maddeden<\/div>\n<div id=\"cke_pastebin\">\n\tyap\u0131lm\u0131\u015ft\u0131r. Bio-Pro Lateks ve ulkanizasyon i\u00e7ermez. Mikro kabartmal\u0131 astar<\/div>\n<div id=\"cke_pastebin\">\n\tbulunmaktad\u0131r.<\/div>\n<div id=\"cke_pastebin\">\n\t<strong>DEZENFAKTANIN SE\u00c7\u0130M<\/strong>\u0130<\/div>\n<div id=\"cke_pastebin\">\n\tMapa uzmanlar\u0131 dezenfektan se\u00e7imin ba\u015fl\u0131ca \u015funlar\u0131 dikkate alm\u0131\u015ft\u0131r.<\/div>\n<div id=\"cke_pastebin\">\n\t&#8211; Dezenfektan objenin, eldiven i\u00e7erisine girece\u011fi b\u00f6l\u00fcme an\u0131nda etki<\/div>\n<div id=\"cke_pastebin\">\n\tetmelidir.<\/div>\n<div id=\"cke_pastebin\">\n\t&#8211; Dezenfektan; eldivenin \u00fcretim a\u015famas\u0131nda \u00f6zelli\u011fini yitirmemelidir.<\/div>\n<div id=\"cke_pastebin\">\n\t&#8211; Koruma alt\u0131na al\u0131nm\u0131\u015f dezenfektan bile\u015fenlerinin insan i\u00e7in hi\u00e7bir zararl\u0131<\/div>\n<div id=\"cke_pastebin\">\n\ttoksin madde i\u00e7ermemelidir.<\/div>\n<div id=\"cke_pastebin\">\n\t<strong>DEZENFAKTANIN ETK\u0130NL\u0130\u011e\u0130<\/strong><\/div>\n<div id=\"cke_pastebin\">\n\tVivo ve Vitro deney modelleri, HEPAT\u0130T C ve AIDS vir\u00fcsleri \u00fczerinde kana<\/div>\n<div id=\"cke_pastebin\">\n\tvir\u00fcs bula\u015fma kazalar\u0131 risklerini deneysel olarak indirgemi\u015ftir.<\/div>\n<div id=\"cke_pastebin\">\n\t\u201cJournal of Medical Virology\u201d \u2018nin 2003 y\u0131l\u0131nda yay\u0131nlanan yaz\u0131ya g\u00f6re<\/div>\n<div id=\"cke_pastebin\">\n\tdezenfektanl\u0131 eldivenlerde batma sonucu deriye enfeksiyon ge\u00e7mesi, ayn\u0131<\/div>\n<div id=\"cke_pastebin\">\n\tkal\u0131nl\u0131ktaki dezenfektans\u0131z eldivenlere nazaran %80 oran\u0131nda d\u00fc\u015ft\u00fc\u011f\u00fc<\/div>\n<div id=\"cke_pastebin\">\n\tsaptanm\u0131\u015ft\u0131r. Bio-Pro Eldivenleri HEPAT\u0130T B, HEPAT\u0130T C, ve AIDS vir\u00fcslerine<\/div>\n<div id=\"cke_pastebin\">\n\tkar\u015f\u0131 koruma sa\u011flamaktad\u0131r.<\/div>\n<div id=\"cke_pastebin\">\n\t<strong>STER\u0130L DE\u011e\u0130LD\u0130R.<\/strong><\/div>\n<table><\/table>\n","protected":false},"excerpt":{"rendered":"<div id=\"cke_pastebin\">\n\t<strong>BIO-PRO AKT\u0130F KORUMA<\/strong><\/div>\n<div id=\"cke_pastebin\">\n\t<strong>D\u0131\u015f Katman:<\/strong> Bio-Pro\u2019nun d\u0131\u015f katman\u0131 Termoplastik Elastomer<\/div>\n<div id=\"cke_pastebin\">\n\tmaddeden ap\u0131lm\u0131\u015ft\u0131r. Koruyucu d\u0131\u015f katman\u0131n alt\u0131nda dezenfektan madde<\/div>\n<div id=\"cke_pastebin\">\n\tbulunmaktad\u0131r. Bio-Pro ne Lateks ne de Vulkanizasyon i\u00e7ermektedir.<\/div>\n<div id=\"cke_pastebin\">\n\t<strong>Orta Katman:<\/strong> Orta katmanda 5 ile 10 gr\u2019l\u0131k dezenfektan madde<\/div>\n<div id=\"cke_pastebin\">\n\tbulunmaktad\u0131r. Bu dezenfektan e\u015fit s\u0131kl\u0131kta t\u00fcm y\u00fczeye da\u011f\u0131lm\u0131\u015f mikro<\/div>\n<div id=\"cke_pastebin\">\n\tdamlac\u0131klardan olu\u015fur. (Eldiven ba\u015f\u0131na 300 milyon damlac\u0131k)<\/div>\n<div id=\"cke_pastebin\">\n\t<strong>\u0130\u00e7 Katman :<\/strong> Bio-Pro\u2019nun i\u00e7 katman\u0131 termoplastik elostamer maddeden<\/div>\n<div id=\"cke_pastebin\">\n\tyap\u0131lm\u0131\u015ft\u0131r. Bio-Pro Lateks ve ulkanizasyon i\u00e7ermez. Mikro kabartmal\u0131 astar<\/div>\n<div id=\"cke_pastebin\">\n\tbulunmaktad\u0131r.<\/div>\n<div id=\"cke_pastebin\">\n\t<strong>DEZENFAKTANIN SE\u00c7\u0130M<\/strong>\u0130<\/div>\n<div id=\"cke_pastebin\">\n\tMapa uzmanlar\u0131 dezenfektan se\u00e7imin ba\u015fl\u0131ca \u015funlar\u0131 dikkate alm\u0131\u015ft\u0131r.<\/div>\n<div id=\"cke_pastebin\">\n\t&#8211; Dezenfektan objenin, eldiven i\u00e7erisine girece\u011fi b\u00f6l\u00fcme an\u0131nda etki<\/div>\n<div id=\"cke_pastebin\">\n\tetmelidir.<\/div>\n<div id=\"cke_pastebin\">\n\t&#8211; Dezenfektan; eldivenin \u00fcretim a\u015famas\u0131nda \u00f6zelli\u011fini yitirmemelidir.<\/div>\n<div id=\"cke_pastebin\">\n\t&#8211; Koruma alt\u0131na al\u0131nm\u0131\u015f dezenfektan bile\u015fenlerinin insan i\u00e7in hi\u00e7bir zararl\u0131<\/div>\n<div id=\"cke_pastebin\">\n\ttoksin madde i\u00e7ermemelidir.<\/div>\n<div id=\"cke_pastebin\">\n\t<strong>DEZENFAKTANIN ETK\u0130NL\u0130\u011e\u0130<\/strong><\/div>\n<div id=\"cke_pastebin\">\n\tVivo ve Vitro deney modelleri, HEPAT\u0130T C ve AIDS vir\u00fcsleri \u00fczerinde kana<\/div>\n<div id=\"cke_pastebin\">\n\tvir\u00fcs bula\u015fma kazalar\u0131 risklerini deneysel olarak indirgemi\u015ftir.<\/div>\n<div id=\"cke_pastebin\">\n\t\u201cJournal of Medical Virology\u201d \u2018nin 2003 y\u0131l\u0131nda yay\u0131nlanan yaz\u0131ya g\u00f6re<\/div>\n<div id=\"cke_pastebin\">\n\tdezenfektanl\u0131 eldivenlerde batma sonucu deriye enfeksiyon ge\u00e7mesi, ayn\u0131<\/div>\n<div id=\"cke_pastebin\">\n\tkal\u0131nl\u0131ktaki dezenfektans\u0131z eldivenlere nazaran %80 oran\u0131nda d\u00fc\u015ft\u00fc\u011f\u00fc<\/div>\n<div id=\"cke_pastebin\">\n\tsaptanm\u0131\u015ft\u0131r. Bio-Pro Eldivenleri HEPAT\u0130T B, HEPAT\u0130T C, ve AIDS vir\u00fcslerine<\/div>\n<div id=\"cke_pastebin\">\n\tkar\u015f\u0131 koruma sa\u011flamaktad\u0131r.<\/div>\n<div id=\"cke_pastebin\">\n\t<strong>STER\u0130L DE\u011e\u0130LD\u0130R.<\/strong><\/div>\n","protected":false},"featured_media":15471,"comment_status":"open","ping_status":"closed","template":"","meta":{"_acf_changed":false},"product_brand":[1521],"product_cat":[708],"product_tag":[],"class_list":{"0":"post-15472","1":"product","2":"type-product","3":"status-publish","4":"has-post-thumbnail","6":"product_brand-mapa","7":"product_cat-el-koruyucular","9":"first","10":"instock","11":"taxable","12":"shipping-taxable","13":"purchasable","14":"product-type-simple","15":"add-to-wishlist-after_add_to_cart"},"acf":[],"_links":{"self":[{"href":"https:\/\/www.makitamarket.com.tr\/site\/wp-json\/wp\/v2\/product\/15472","targetHints":{"allow":["GET"]}}],"collection":[{"href":"https:\/\/www.makitamarket.com.tr\/site\/wp-json\/wp\/v2\/product"}],"about":[{"href":"https:\/\/www.makitamarket.com.tr\/site\/wp-json\/wp\/v2\/types\/product"}],"replies":[{"embeddable":true,"href":"https:\/\/www.makitamarket.com.tr\/site\/wp-json\/wp\/v2\/comments?post=15472"}],"wp:featuredmedia":[{"embeddable":true,"href":"https:\/\/www.makitamarket.com.tr\/site\/wp-json\/wp\/v2\/media\/15471"}],"wp:attachment":[{"href":"https:\/\/www.makitamarket.com.tr\/site\/wp-json\/wp\/v2\/media?parent=15472"}],"wp:term":[{"taxonomy":"product_brand","embeddable":true,"href":"https:\/\/www.makitamarket.com.tr\/site\/wp-json\/wp\/v2\/product_brand?post=15472"},{"taxonomy":"product_cat","embeddable":true,"href":"https:\/\/www.makitamarket.com.tr\/site\/wp-json\/wp\/v2\/product_cat?post=15472"},{"taxonomy":"product_tag","embeddable":true,"href":"https:\/\/www.makitamarket.com.tr\/site\/wp-json\/wp\/v2\/product_tag?post=15472"}],"curies":[{"name":"wp","href":"https:\/\/api.w.org\/{rel}","templated":true}]}}