{"id":15486,"date":"2024-11-28T19:50:34","date_gmt":"2024-11-28T16:50:34","guid":{"rendered":"https:\/\/www.makitamarket.com.tr\/site\/urun\/prosaw-karot-uc-soketli-ve-sulu-tip-adaptoru-20-cm\/"},"modified":"2026-03-15T10:15:27","modified_gmt":"2026-03-15T07:15:27","slug":"prosaw-karot-uc-soketli-ve-sulu-tip-adaptoru-20-cm","status":"publish","type":"product","link":"https:\/\/www.makitamarket.com.tr\/site\/urun\/prosaw-karot-uc-soketli-ve-sulu-tip-adaptoru-20-cm\/","title":{"rendered":"Prosaw PS56063 KAROT U\u00c7 SOKETL\u0130 VE SULU T\u0130P ADAPT\u00d6R\u00dc 20 cm"},"content":{"rendered":"<table>\n<tr>\n<td>Uzunluk (cm)<\/td>\n<td>20<\/td>\n<\/tr>\n<\/table>\n","protected":false},"excerpt":{"rendered":"<p>Uzunluk (cm) 20<\/p>\n","protected":false},"featured_media":15485,"comment_status":"open","ping_status":"closed","template":"","meta":{"_acf_changed":false},"product_brand":[1524],"product_cat":[1194],"product_tag":[],"class_list":{"0":"post-15486","1":"product","2":"type-product","3":"status-publish","4":"has-post-thumbnail","6":"product_brand-prosaw","7":"product_cat-aksesuarlar-bits-uclar-aparatlar-adaptorler","9":"first","10":"outofstock","11":"taxable","12":"shipping-taxable","13":"purchasable","14":"product-type-simple","15":"add-to-wishlist-after_add_to_cart"},"acf":[],"_links":{"self":[{"href":"https:\/\/www.makitamarket.com.tr\/site\/wp-json\/wp\/v2\/product\/15486","targetHints":{"allow":["GET"]}}],"collection":[{"href":"https:\/\/www.makitamarket.com.tr\/site\/wp-json\/wp\/v2\/product"}],"about":[{"href":"https:\/\/www.makitamarket.com.tr\/site\/wp-json\/wp\/v2\/types\/product"}],"replies":[{"embeddable":true,"href":"https:\/\/www.makitamarket.com.tr\/site\/wp-json\/wp\/v2\/comments?post=15486"}],"wp:featuredmedia":[{"embeddable":true,"href":"https:\/\/www.makitamarket.com.tr\/site\/wp-json\/wp\/v2\/media\/15485"}],"wp:attachment":[{"href":"https:\/\/www.makitamarket.com.tr\/site\/wp-json\/wp\/v2\/media?parent=15486"}],"wp:term":[{"taxonomy":"product_brand","embeddable":true,"href":"https:\/\/www.makitamarket.com.tr\/site\/wp-json\/wp\/v2\/product_brand?post=15486"},{"taxonomy":"product_cat","embeddable":true,"href":"https:\/\/www.makitamarket.com.tr\/site\/wp-json\/wp\/v2\/product_cat?post=15486"},{"taxonomy":"product_tag","embeddable":true,"href":"https:\/\/www.makitamarket.com.tr\/site\/wp-json\/wp\/v2\/product_tag?post=15486"}],"curies":[{"name":"wp","href":"https:\/\/api.w.org\/{rel}","templated":true}]}}