{"id":15492,"date":"2024-11-28T19:50:36","date_gmt":"2024-11-28T16:50:36","guid":{"rendered":"https:\/\/www.makitamarket.com.tr\/site\/urun\/edn-lfz1-ahsap-testere-300x3-4x30mm-12-dis\/"},"modified":"2026-04-06T15:23:58","modified_gmt":"2026-04-06T12:23:58","slug":"edn-lfz1-ahsap-testere-300x3-4x30mm-12-dis","status":"publish","type":"product","link":"https:\/\/www.makitamarket.com.tr\/site\/urun\/edn-lfz1-ahsap-testere-300x3-4x30mm-12-dis\/","title":{"rendered":"Edn LFZ130012 LFZ1 AH\u015eAP TESTERE 300&#215;3.4x30mm 12 D\u0130\u015e"},"content":{"rendered":"<div>\n<div>\n\t\t<span style=\"font-size:14px;\"><span dir=\"ltr\" role=\"presentation\" style=\"left: 353.312px; top: 990.268px; font-family: serif; transform: scaleX(0.551909);\">\u2022 Ses azalt\u0131lm\u0131\u015f<\/span><\/span><\/div>\n<div>\n\t\t<span style=\"font-size:14px;\"><span dir=\"ltr\" role=\"presentation\" style=\"left: 353.312px; top: 990.268px; font-family: serif; transform: scaleX(0.551909);\"><span dir=\"ltr\" role=\"presentation\" style=\"left: 353.312px; top: 990.268px; font-family: serif; transform: scaleX(0.551909);\">\u2022 <\/span>Lazer genle\u015fme yar\u0131kl\u0131 <\/span><\/span><\/div>\n<div>\n\t\t<span style=\"font-size:14px;\"><span dir=\"ltr\" role=\"presentation\" style=\"left: 353.312px; top: 990.268px; font-family: serif; transform: scaleX(0.551909);\"><span dir=\"ltr\" role=\"presentation\" style=\"left: 353.312px; top: 990.268px; font-family: serif; transform: scaleX(0.551909);\">\u2022 <\/span>Tala\u015f kal\u0131nl\u0131\u011f\u0131s\u0131n\u0131rlamas\u0131<\/span><\/span><\/div>\n<div>\n\t\t<span style=\"font-size:14px;\"><span dir=\"ltr\" role=\"presentation\" style=\"left: 353.312px; top: 990.268px; font-family: serif; transform: scaleX(0.551909);\"><span dir=\"ltr\" role=\"presentation\" style=\"left: 353.312px; top: 990.268px; font-family: serif; transform: scaleX(0.551909);\">\u2022 <\/span>Sert do\u011fal ah\u015fap malzemeler<\/span><\/span><\/div>\n<div>\n\t\t<span style=\"font-size:14px;\"><span dir=\"ltr\" role=\"presentation\" style=\"left: 353.312px; top: 990.268px; font-family: serif; transform: scaleX(0.551909);\"><span dir=\"ltr\" role=\"presentation\" style=\"left: 353.312px; top: 990.268px; font-family: serif; transform: scaleX(0.551909);\">\u2022 <\/span>D\u00fcz di\u015fli\u00a0<\/span><\/span><\/div>\n<p>\t<span style=\"font-size:14px;\"><span dir=\"ltr\" role=\"presentation\" style=\"left: 353.312px; top: 990.268px; font-family: serif; transform: scaleX(0.551909);\"><span dir=\"ltr\" role=\"presentation\" style=\"left: 353.312px; top: 990.268px; font-family: serif; transform: scaleX(0.551909);\">\u2022 <\/span>Yumu\u015fak ve sert do\u011fal ah\u015fap kesim<\/span><\/span><\/div>\n<table>\n<tr>\n<td>\u00c7ap<\/td>\n<td>300<\/td>\n<\/tr>\n<tr>\n<td>Kal\u0131nl\u0131k<\/td>\n<td>3,2<\/td>\n<\/tr>\n<tr>\n<td>G\u00f6bek<\/td>\n<td>30<\/td>\n<\/tr>\n<tr>\n<td>Di\u015f<\/td>\n<td>12 di\u015f<\/td>\n<\/tr>\n<\/table>\n","protected":false},"excerpt":{"rendered":"<div>\n<div>\n\t\t<span style=\"font-size:14px;\"><span dir=\"ltr\" role=\"presentation\" style=\"left: 353.312px; top: 990.268px; font-family: serif; transform: scaleX(0.551909);\">\u2022 Ses azalt\u0131lm\u0131\u015f<\/span><\/span><\/div>\n<div>\n\t\t<span style=\"font-size:14px;\"><span dir=\"ltr\" role=\"presentation\" style=\"left: 353.312px; top: 990.268px; font-family: serif; transform: scaleX(0.551909);\"><span dir=\"ltr\" role=\"presentation\" style=\"left: 353.312px; top: 990.268px; font-family: serif; transform: scaleX(0.551909);\">\u2022 <\/span>Lazer genle\u015fme yar\u0131kl\u0131 <\/span><\/span><\/div>\n<div>\n\t\t<span style=\"font-size:14px;\"><span dir=\"ltr\" role=\"presentation\" style=\"left: 353.312px; top: 990.268px; font-family: serif; transform: scaleX(0.551909);\"><span dir=\"ltr\" role=\"presentation\" style=\"left: 353.312px; top: 990.268px; font-family: serif; transform: scaleX(0.551909);\">\u2022 <\/span>Tala\u015f kal\u0131nl\u0131\u011f\u0131s\u0131n\u0131rlamas\u0131<\/span><\/span><\/div>\n<div>\n\t\t<span style=\"font-size:14px;\"><span dir=\"ltr\" role=\"presentation\" style=\"left: 353.312px; top: 990.268px; font-family: serif; transform: scaleX(0.551909);\"><span dir=\"ltr\" role=\"presentation\" style=\"left: 353.312px; top: 990.268px; font-family: serif; transform: scaleX(0.551909);\">\u2022 <\/span>Sert do\u011fal ah\u015fap malzemeler<\/span><\/span><\/div>\n<div>\n\t\t<span style=\"font-size:14px;\"><span dir=\"ltr\" role=\"presentation\" style=\"left: 353.312px; top: 990.268px; font-family: serif; transform: scaleX(0.551909);\"><span dir=\"ltr\" role=\"presentation\" style=\"left: 353.312px; top: 990.268px; font-family: serif; transform: scaleX(0.551909);\">\u2022 <\/span>D\u00fcz di\u015fli\u00a0<\/span><\/span><\/div>\n<p>\t<span style=\"font-size:14px;\"><span dir=\"ltr\" role=\"presentation\" style=\"left: 353.312px; top: 990.268px; font-family: serif; transform: scaleX(0.551909);\"><span dir=\"ltr\" role=\"presentation\" style=\"left: 353.312px; top: 990.268px; font-family: serif; transform: scaleX(0.551909);\">\u2022 <\/span>Yumu\u015fak ve sert do\u011fal ah\u015fap kesim<\/span><\/span><\/div>\n","protected":false},"featured_media":15491,"comment_status":"open","ping_status":"closed","template":"","meta":{"_acf_changed":false},"product_brand":[1542],"product_cat":[1050],"product_tag":[],"class_list":{"0":"post-15492","1":"product","2":"type-product","3":"status-publish","4":"has-post-thumbnail","6":"product_brand-edn","7":"product_cat-ahsap-daire-testereler","9":"first","10":"instock","11":"taxable","12":"shipping-taxable","13":"purchasable","14":"product-type-simple","15":"add-to-wishlist-after_add_to_cart"},"acf":[],"_links":{"self":[{"href":"https:\/\/www.makitamarket.com.tr\/site\/wp-json\/wp\/v2\/product\/15492","targetHints":{"allow":["GET"]}}],"collection":[{"href":"https:\/\/www.makitamarket.com.tr\/site\/wp-json\/wp\/v2\/product"}],"about":[{"href":"https:\/\/www.makitamarket.com.tr\/site\/wp-json\/wp\/v2\/types\/product"}],"replies":[{"embeddable":true,"href":"https:\/\/www.makitamarket.com.tr\/site\/wp-json\/wp\/v2\/comments?post=15492"}],"wp:featuredmedia":[{"embeddable":true,"href":"https:\/\/www.makitamarket.com.tr\/site\/wp-json\/wp\/v2\/media\/15491"}],"wp:attachment":[{"href":"https:\/\/www.makitamarket.com.tr\/site\/wp-json\/wp\/v2\/media?parent=15492"}],"wp:term":[{"taxonomy":"product_brand","embeddable":true,"href":"https:\/\/www.makitamarket.com.tr\/site\/wp-json\/wp\/v2\/product_brand?post=15492"},{"taxonomy":"product_cat","embeddable":true,"href":"https:\/\/www.makitamarket.com.tr\/site\/wp-json\/wp\/v2\/product_cat?post=15492"},{"taxonomy":"product_tag","embeddable":true,"href":"https:\/\/www.makitamarket.com.tr\/site\/wp-json\/wp\/v2\/product_tag?post=15492"}],"curies":[{"name":"wp","href":"https:\/\/api.w.org\/{rel}","templated":true}]}}