{"id":15509,"date":"2024-11-28T19:50:41","date_gmt":"2024-11-28T16:50:41","guid":{"rendered":"https:\/\/www.makitamarket.com.tr\/site\/urun\/proxxon-proxxon-28594-ps-13-kalem-zimpara\/"},"modified":"2026-04-06T15:24:47","modified_gmt":"2026-04-06T12:24:47","slug":"proxxon-proxxon-28594-ps-13-kalem-zimpara","status":"publish","type":"product","link":"https:\/\/www.makitamarket.com.tr\/site\/urun\/proxxon-proxxon-28594-ps-13-kalem-zimpara\/","title":{"rendered":"Proxxon 28594 PS 12 PROXXON 28594 PS 13 KALEM ZIMPARA"},"content":{"rendered":"<div>\n\t<strong>Kullan\u0131m Alanlar\u0131 : <\/strong>Maket uygulamalar\u0131nda ula\u015f\u0131lmas\u0131 g\u00fc\u00e7 k\u00f6\u015felerin z\u0131mparalanmas\u0131 i\u00e7in uygundur.<\/div>\n<div>\n\t<strong>Sevkiyat Kapsam\u0131: <\/strong>4 ad.d\u00fcz sapl\u203a 3 ad.e\u011fimli kendinden ap\u0131\u015fkanl\u0131 z\u0131mpara pedleri, 180-240- 400 kum ve her bir ped de 5\u2019er adet z\u0131mpara ka\u011f\u0131d\u0131 ile birlikte sevk edilir.<\/div>\n<div>\n\t\u2022<strong>Makinaya adapt\u00f6r dahil de\u011fildir.<\/strong><\/div>\n<div>\n\t<strong>Uyumlu Aksesuarlar:<\/strong><\/div>\n<div>\n\t<strong>PROX28822:<\/strong> Z\u0131mpara 180 kum (20)<\/div>\n<div>\n\t<strong>PROX28824:<\/strong> Z\u0131mpara 240 kum (20)<\/div>\n<div>\n\t<strong>PROX28826:<\/strong> Z\u0131mpara 400 kum (20)<\/div>\n<div>\n\t<strong>PROX28700:<\/strong> Ayak \u015falteri<\/div>\n<div>\n\t<strong>PROX28704:<\/strong> Micromot adapt\u00f6r<\/div>\n<div>\n\t<strong>PROX28707:<\/strong> Micromot adapt\u00f6r<\/div>\n<div>\n\t<strong>PROX28706:<\/strong> Micromot adapt\u00f6r<\/div>\n<table>\n<tr>\n<td>G\u00fc\u00e7<\/td>\n<td>10 W<\/td>\n<\/tr>\n<tr>\n<td>\u00c7al\u0131\u015fma gerilimi<\/td>\n<td>12-18V<\/td>\n<\/tr>\n<tr>\n<td>Darbe say\u0131s\u0131<\/td>\n<td>8.000d\/dak<\/td>\n<\/tr>\n<tr>\n<td>Uzunluk<\/td>\n<td>16 cm<\/td>\n<\/tr>\n<tr>\n<td>A\u011f\u0131rl\u0131k<\/td>\n<td>130g<\/td>\n<\/tr>\n<\/table>\n","protected":false},"excerpt":{"rendered":"<div>\n\t<strong>Kullan\u0131m Alanlar\u0131 : <\/strong>Maket uygulamalar\u0131nda ula\u015f\u0131lmas\u0131 g\u00fc\u00e7 k\u00f6\u015felerin z\u0131mparalanmas\u0131 i\u00e7in uygundur.<\/div>\n<div>\n\t<strong>Sevkiyat Kapsam\u0131: <\/strong>4 ad.d\u00fcz sapl\u203a 3 ad.e\u011fimli kendinden ap\u0131\u015fkanl\u0131 z\u0131mpara pedleri, 180-240- 400 kum ve her bir ped de 5\u2019er adet z\u0131mpara ka\u011f\u0131d\u0131 ile birlikte sevk edilir.<\/div>\n<div>\n\t\u2022<strong>Makinaya adapt\u00f6r dahil de\u011fildir.<\/strong><\/div>\n<div>\n\t<strong>Uyumlu Aksesuarlar:<\/strong><\/div>\n<div>\n\t<strong>PROX28822:<\/strong> Z\u0131mpara 180 kum (20)<\/div>\n<div>\n\t<strong>PROX28824:<\/strong> Z\u0131mpara 240 kum (20)<\/div>\n<div>\n\t<strong>PROX28826:<\/strong> Z\u0131mpara 400 kum (20)<\/div>\n<div>\n\t<strong>PROX28700:<\/strong> Ayak \u015falteri<\/div>\n<div>\n\t<strong>PROX28704:<\/strong> Micromot adapt\u00f6r<\/div>\n<div>\n\t<strong>PROX28707:<\/strong> Micromot adapt\u00f6r<\/div>\n<div>\n\t<strong>PROX28706:<\/strong> Micromot adapt\u00f6r<\/div>\n","protected":false},"featured_media":15508,"comment_status":"open","ping_status":"closed","template":"","meta":{"_acf_changed":false},"product_brand":[1501],"product_cat":[1565],"product_tag":[],"class_list":{"0":"post-15509","1":"product","2":"type-product","3":"status-publish","4":"has-post-thumbnail","6":"product_brand-proxxon","7":"product_cat-yok-yok","9":"first","10":"outofstock","11":"taxable","12":"shipping-taxable","13":"purchasable","14":"product-type-simple","15":"add-to-wishlist-after_add_to_cart"},"acf":[],"_links":{"self":[{"href":"https:\/\/www.makitamarket.com.tr\/site\/wp-json\/wp\/v2\/product\/15509","targetHints":{"allow":["GET"]}}],"collection":[{"href":"https:\/\/www.makitamarket.com.tr\/site\/wp-json\/wp\/v2\/product"}],"about":[{"href":"https:\/\/www.makitamarket.com.tr\/site\/wp-json\/wp\/v2\/types\/product"}],"replies":[{"embeddable":true,"href":"https:\/\/www.makitamarket.com.tr\/site\/wp-json\/wp\/v2\/comments?post=15509"}],"wp:featuredmedia":[{"embeddable":true,"href":"https:\/\/www.makitamarket.com.tr\/site\/wp-json\/wp\/v2\/media\/15508"}],"wp:attachment":[{"href":"https:\/\/www.makitamarket.com.tr\/site\/wp-json\/wp\/v2\/media?parent=15509"}],"wp:term":[{"taxonomy":"product_brand","embeddable":true,"href":"https:\/\/www.makitamarket.com.tr\/site\/wp-json\/wp\/v2\/product_brand?post=15509"},{"taxonomy":"product_cat","embeddable":true,"href":"https:\/\/www.makitamarket.com.tr\/site\/wp-json\/wp\/v2\/product_cat?post=15509"},{"taxonomy":"product_tag","embeddable":true,"href":"https:\/\/www.makitamarket.com.tr\/site\/wp-json\/wp\/v2\/product_tag?post=15509"}],"curies":[{"name":"wp","href":"https:\/\/api.w.org\/{rel}","templated":true}]}}