{"id":15519,"date":"2024-11-28T19:50:44","date_gmt":"2024-11-28T16:50:44","guid":{"rendered":"https:\/\/www.makitamarket.com.tr\/site\/urun\/makita-zentro-serisi-sds-max-iki-elmasli-uc-15x340-mm\/"},"modified":"2026-04-06T15:24:50","modified_gmt":"2026-04-06T12:24:50","slug":"makita-zentro-serisi-sds-max-iki-elmasli-uc-15x340-mm","status":"publish","type":"product","link":"https:\/\/www.makitamarket.com.tr\/site\/urun\/makita-zentro-serisi-sds-max-iki-elmasli-uc-15x340-mm\/","title":{"rendered":"Makita P-17108 ZENTRO SER\u0130S\u0130 SDS MAX \u0130K\u0130 ELMASLI U\u00c7 15&#215;340 mm"},"content":{"rendered":"<table>\n<tr>\n<td>Matkap \u00c7ap\u0131<\/td>\n<td>15<\/td>\n<\/tr>\n<tr>\n<td>Matkap Boyu<\/td>\n<td>340<\/td>\n<\/tr>\n<tr>\n<td>\u00c7al\u0131\u015fma Uzunlu\u011fu<\/td>\n<td>200<\/td>\n<\/tr>\n<tr>\n<td>\u00c7ap<\/td>\n<td>15 mm<\/td>\n<\/tr>\n<tr>\n<td>Uzunluk<\/td>\n<td>340 mm<\/td>\n<\/tr>\n<tr>\n<td>\u00c7al\u0131\u015fma Uzunlu\u011fu<\/td>\n<td>200 mm<\/td>\n<\/tr>\n<\/table>\n","protected":false},"excerpt":{"rendered":"<p>Matkap \u00c7ap\u0131 15 Matkap Boyu 340 \u00c7al\u0131\u015fma Uzunlu\u011fu 200 \u00c7ap 15 mm Uzunluk 340 mm \u00c7al\u0131\u015fma Uzunlu\u011fu 200 mm<\/p>\n","protected":false},"featured_media":0,"comment_status":"open","ping_status":"closed","template":"","meta":{"_acf_changed":false},"product_brand":[1485],"product_cat":[809],"product_tag":[],"class_list":{"0":"post-15519","1":"product","2":"type-product","3":"status-publish","5":"product_brand-makita","6":"product_cat-sds-max-uclar","8":"first","9":"instock","10":"taxable","11":"shipping-taxable","12":"purchasable","13":"product-type-simple","14":"add-to-wishlist-after_add_to_cart"},"acf":[],"_links":{"self":[{"href":"https:\/\/www.makitamarket.com.tr\/site\/wp-json\/wp\/v2\/product\/15519","targetHints":{"allow":["GET"]}}],"collection":[{"href":"https:\/\/www.makitamarket.com.tr\/site\/wp-json\/wp\/v2\/product"}],"about":[{"href":"https:\/\/www.makitamarket.com.tr\/site\/wp-json\/wp\/v2\/types\/product"}],"replies":[{"embeddable":true,"href":"https:\/\/www.makitamarket.com.tr\/site\/wp-json\/wp\/v2\/comments?post=15519"}],"wp:attachment":[{"href":"https:\/\/www.makitamarket.com.tr\/site\/wp-json\/wp\/v2\/media?parent=15519"}],"wp:term":[{"taxonomy":"product_brand","embeddable":true,"href":"https:\/\/www.makitamarket.com.tr\/site\/wp-json\/wp\/v2\/product_brand?post=15519"},{"taxonomy":"product_cat","embeddable":true,"href":"https:\/\/www.makitamarket.com.tr\/site\/wp-json\/wp\/v2\/product_cat?post=15519"},{"taxonomy":"product_tag","embeddable":true,"href":"https:\/\/www.makitamarket.com.tr\/site\/wp-json\/wp\/v2\/product_tag?post=15519"}],"curies":[{"name":"wp","href":"https:\/\/api.w.org\/{rel}","templated":true}]}}