{"id":15557,"date":"2024-11-28T19:51:01","date_gmt":"2024-11-28T16:51:01","guid":{"rendered":"https:\/\/www.makitamarket.com.tr\/site\/urun\/bmi-bmi-alustar-691100-aluminyum-su-terazisi-100cm\/"},"modified":"2026-04-06T15:25:50","modified_gmt":"2026-04-06T12:25:50","slug":"bmi-bmi-alustar-691100-aluminyum-su-terazisi-100cm","status":"publish","type":"product","link":"https:\/\/www.makitamarket.com.tr\/site\/urun\/bmi-bmi-alustar-691100-aluminyum-su-terazisi-100cm\/","title":{"rendered":"Bmi ALUSTAR 691 100CM BMI ALUSTAR 691100 AL\u00dcM\u0130NYUM SU TERAZ\u0130S\u0130 100cm"},"content":{"rendered":"<div style=\"font-family: Arial, Verdana, sans-serif; font-size: 12px; color: rgb(34, 34, 34); background-color: rgb(255, 255, 255); \">\n<div>\n\t\tYuvarlak bi\u00e7imli orjinal BMI terazi g\u00f6zleri sayesinde b\u00fcy\u00fcte\u00e7 etkisi ile rahat okuma sa\u011flan\u0131r.<\/div>\n<div>\n\t\tDayan\u0131kl\u0131 al\u00fcminyum profil ve \u015fok emici lastik tamponlar.<\/div>\n<div>\n\t\tUltrasonik kaynakl\u0131 terazi g\u00f6zleri sayesinde \u00f6m\u00fcr boyu y\u00fcksek hassasiyet 0.5mm\/m<\/div>\n<\/div>\n<table>\n<tr>\n<td>Uzunluk<\/td>\n<td>100cm<\/td>\n<\/tr>\n<\/table>\n","protected":false},"excerpt":{"rendered":"<div style=\"font-family: Arial, Verdana, sans-serif; font-size: 12px; color: rgb(34, 34, 34); background-color: rgb(255, 255, 255); \">\n<div>\n\t\tYuvarlak bi\u00e7imli orjinal BMI terazi g\u00f6zleri sayesinde b\u00fcy\u00fcte\u00e7 etkisi ile rahat okuma sa\u011flan\u0131r.<\/div>\n<div>\n\t\tDayan\u0131kl\u0131 al\u00fcminyum profil ve \u015fok emici lastik tamponlar.<\/div>\n<div>\n\t\tUltrasonik kaynakl\u0131 terazi g\u00f6zleri sayesinde \u00f6m\u00fcr boyu y\u00fcksek hassasiyet 0.5mm\/m<\/div>\n<\/div>\n","protected":false},"featured_media":15556,"comment_status":"open","ping_status":"closed","template":"","meta":{"_acf_changed":false},"product_brand":[1522],"product_cat":[974],"product_tag":[],"class_list":{"0":"post-15557","1":"product","2":"type-product","3":"status-publish","4":"has-post-thumbnail","6":"product_brand-bmi","7":"product_cat-su-terazileri","9":"first","10":"instock","11":"taxable","12":"shipping-taxable","13":"purchasable","14":"product-type-simple","15":"add-to-wishlist-after_add_to_cart"},"acf":[],"_links":{"self":[{"href":"https:\/\/www.makitamarket.com.tr\/site\/wp-json\/wp\/v2\/product\/15557","targetHints":{"allow":["GET"]}}],"collection":[{"href":"https:\/\/www.makitamarket.com.tr\/site\/wp-json\/wp\/v2\/product"}],"about":[{"href":"https:\/\/www.makitamarket.com.tr\/site\/wp-json\/wp\/v2\/types\/product"}],"replies":[{"embeddable":true,"href":"https:\/\/www.makitamarket.com.tr\/site\/wp-json\/wp\/v2\/comments?post=15557"}],"wp:featuredmedia":[{"embeddable":true,"href":"https:\/\/www.makitamarket.com.tr\/site\/wp-json\/wp\/v2\/media\/15556"}],"wp:attachment":[{"href":"https:\/\/www.makitamarket.com.tr\/site\/wp-json\/wp\/v2\/media?parent=15557"}],"wp:term":[{"taxonomy":"product_brand","embeddable":true,"href":"https:\/\/www.makitamarket.com.tr\/site\/wp-json\/wp\/v2\/product_brand?post=15557"},{"taxonomy":"product_cat","embeddable":true,"href":"https:\/\/www.makitamarket.com.tr\/site\/wp-json\/wp\/v2\/product_cat?post=15557"},{"taxonomy":"product_tag","embeddable":true,"href":"https:\/\/www.makitamarket.com.tr\/site\/wp-json\/wp\/v2\/product_tag?post=15557"}],"curies":[{"name":"wp","href":"https:\/\/api.w.org\/{rel}","templated":true}]}}