{"id":15640,"date":"2024-11-28T19:51:39","date_gmt":"2024-11-28T16:51:39","guid":{"rendered":"https:\/\/www.makitamarket.com.tr\/site\/urun\/knipex-agir-hizmet-ic-segman-pensi-225-mm\/"},"modified":"2026-04-06T15:27:42","modified_gmt":"2026-04-06T12:27:42","slug":"knipex-agir-hizmet-ic-segman-pensi-225-mm","status":"publish","type":"product","link":"https:\/\/www.makitamarket.com.tr\/site\/urun\/knipex-agir-hizmet-ic-segman-pensi-225-mm\/","title":{"rendered":"Knipex 4811J3 A\u011eIR H\u0130ZMET \u0130\u00c7 SEGMAN PENS\u0130 225 mm"},"content":{"rendered":"<p><b>48 11 J3 Hassas segman pensesi<\/b><br \/>Daimi kullan\u0131mda y\u00fcksek derecede dayan\u0131kl\u0131, eklemeli u\u00e7lara k\u0131yasla 10 kata kadar daha fazla kullan\u0131m \u00f6mr\u00fc. Entegre u\u00e7lar ile g\u00fcvenli \u00e7al\u0131\u015fma. U\u00e7larda b\u00fcy\u00fck y\u00fczeyler: Halkalarda burkulma olmaz, kolay montaj yap\u0131l\u0131r. Civata ile ba\u011flanm\u0131\u015f mafsal: Kolayca, pensenin bo\u015fluksuz hareket etmesi sa\u011flan\u0131r. Saplarda kaymaz plastik kaplama. DIN 5256 C; d\u00fcz u\u00e7lar. <\/p>\n<li><b>Delik \u00e7ap\u0131 kapasitesi: <\/b>\u00d8 40 \u2013 100 mm<\/li>\n<li><b>U\u00e7lar (\u00e7ap): <\/b>\u00d8 2,3 mm<\/li>\n<table>\n<tr>\n<td>Mil \u00d6l\u00e7\u00fcs\u00fc<\/td>\n<td>40-100mm<\/td>\n<\/tr>\n<tr>\n<td>Sap<\/td>\n<td>\u0130nce \u0130zole<\/td>\n<\/tr>\n<tr>\n<td>Form<\/td>\n<td>D\u00fcz<\/td>\n<\/tr>\n<tr>\n<td>Uzunluk<\/td>\n<td>225<\/td>\n<\/tr>\n<tr>\n<td>Kafa<\/td>\n<td>Polisaj<\/td>\n<\/tr>\n<tr>\n<td>A\u011f\u0131rl\u0131k<\/td>\n<td>260 gr<\/td>\n<\/tr>\n<\/table>\n","protected":false},"excerpt":{"rendered":"<p><b>48 11 J3 Hassas segman pensesi<\/b><br \/>Daimi kullan\u0131mda y\u00fcksek derecede dayan\u0131kl\u0131, eklemeli u\u00e7lara k\u0131yasla 10 kata kadar daha fazla kullan\u0131m \u00f6mr\u00fc. Entegre u\u00e7lar ile g\u00fcvenli \u00e7al\u0131\u015fma. U\u00e7larda b\u00fcy\u00fck y\u00fczeyler: Halkalarda burkulma olmaz, kolay montaj yap\u0131l\u0131r. Civata ile ba\u011flanm\u0131\u015f mafsal: Kolayca, pensenin bo\u015fluksuz hareket etmesi sa\u011flan\u0131r. Saplarda kaymaz plastik kaplama. DIN 5256 C; d\u00fcz u\u00e7lar. <\/p>\n<li><b>Delik \u00e7ap\u0131 kapasitesi: <\/b>\u00d8 40 \u2013 100 mm<\/li>\n<li><b>U\u00e7lar (\u00e7ap): <\/b>\u00d8 2,3 mm<\/li>\n","protected":false},"featured_media":15639,"comment_status":"open","ping_status":"closed","template":"","meta":{"_acf_changed":false},"product_brand":[1486],"product_cat":[811],"product_tag":[],"class_list":{"0":"post-15640","1":"product","2":"type-product","3":"status-publish","4":"has-post-thumbnail","6":"product_brand-knipex","7":"product_cat-segman-penseleri","9":"first","10":"instock","11":"taxable","12":"shipping-taxable","13":"purchasable","14":"product-type-simple","15":"add-to-wishlist-after_add_to_cart"},"acf":[],"_links":{"self":[{"href":"https:\/\/www.makitamarket.com.tr\/site\/wp-json\/wp\/v2\/product\/15640","targetHints":{"allow":["GET"]}}],"collection":[{"href":"https:\/\/www.makitamarket.com.tr\/site\/wp-json\/wp\/v2\/product"}],"about":[{"href":"https:\/\/www.makitamarket.com.tr\/site\/wp-json\/wp\/v2\/types\/product"}],"replies":[{"embeddable":true,"href":"https:\/\/www.makitamarket.com.tr\/site\/wp-json\/wp\/v2\/comments?post=15640"}],"wp:featuredmedia":[{"embeddable":true,"href":"https:\/\/www.makitamarket.com.tr\/site\/wp-json\/wp\/v2\/media\/15639"}],"wp:attachment":[{"href":"https:\/\/www.makitamarket.com.tr\/site\/wp-json\/wp\/v2\/media?parent=15640"}],"wp:term":[{"taxonomy":"product_brand","embeddable":true,"href":"https:\/\/www.makitamarket.com.tr\/site\/wp-json\/wp\/v2\/product_brand?post=15640"},{"taxonomy":"product_cat","embeddable":true,"href":"https:\/\/www.makitamarket.com.tr\/site\/wp-json\/wp\/v2\/product_cat?post=15640"},{"taxonomy":"product_tag","embeddable":true,"href":"https:\/\/www.makitamarket.com.tr\/site\/wp-json\/wp\/v2\/product_tag?post=15640"}],"curies":[{"name":"wp","href":"https:\/\/api.w.org\/{rel}","templated":true}]}}