{"id":15646,"date":"2024-11-28T19:51:40","date_gmt":"2024-11-28T16:51:40","guid":{"rendered":"https:\/\/www.makitamarket.com.tr\/site\/urun\/makita-vidalama-uc-seti-50-mm\/"},"modified":"2026-03-30T09:15:26","modified_gmt":"2026-03-30T06:15:26","slug":"makita-vidalama-uc-seti-50-mm","status":"publish","type":"product","link":"https:\/\/www.makitamarket.com.tr\/site\/urun\/makita-vidalama-uc-seti-50-mm\/","title":{"rendered":"Makita B-26509 V\u0130DALAMA U\u00c7 SET\u0130 50 mm"},"content":{"rendered":"<p>\n\t\u00a0<\/p>\n<table border=\"1\" cellpadding=\"1\" cellspacing=\"1\" height=\"76\" width=\"426\">\n<tbody>\n<tr>\n<td style=\"text-align: center;\">\n\t\t\t\t<strong>KOD<br \/>\n\t\t\t\t<\/strong><\/td>\n<td colspan=\"2\" rowspan=\"1\" style=\"text-align: center;\">\n\t\t\t\t<strong>\u00d6l\u00e7\u00fc<br \/>\n\t\t\t\t<\/strong><\/td>\n<td style=\"text-align: center;\">\n\t\t\t\t<strong>Uzunluk (mm)<br \/>\n\t\t\t\t<\/strong><\/td>\n<td style=\"text-align: center;\">\n\t\t\t\t<strong>Tip<br \/>\n\t\t\t\t<\/strong><\/td>\n<td style=\"text-align: center;\">\n\t\t\t\t<strong>Kutu i\u00e7i (ad.)<br \/>\n\t\t\t\t<\/strong><\/td>\n<\/tr>\n<tr>\n<td style=\"text-align: center;\">\n\t\t\t\t<strong>B-26509<br \/>\n\t\t\t\t<\/strong><\/td>\n<td style=\"text-align: center;\">\n\t\t\t\t<strong><img loading=\"lazy\" decoding=\"async\" alt=\"\" height=\"30\" src=\"\/images\/stories\/art\u01312.png\" width=\"29\" \/><br \/>\n\t\t\t\t<\/strong><\/td>\n<td style=\"text-align: center;\">\n\t\t\t\tPz 2<\/td>\n<td style=\"text-align: center;\">\n\t\t\t\t50 mm<\/td>\n<td style=\"text-align: center;\">\n\t\t\t\t<strong><img loading=\"lazy\" decoding=\"async\" alt=\"\" height=\"48\" src=\"\/images\/stories\/26490-.png\" width=\"74\" \/><br \/>\n\t\t\t\t<\/strong><\/td>\n<td style=\"text-align: center;\">\n\t\t\t\t50<\/td>\n<\/tr>\n<\/tbody>\n<\/table>\n<table><\/table>\n","protected":false},"excerpt":{"rendered":"<p>\n\t\u00a0<\/p>\n<table border=\"1\" cellpadding=\"1\" cellspacing=\"1\" height=\"76\" width=\"426\">\n<tbody>\n<tr>\n<td style=\"text-align: center;\">\n\t\t\t\t<strong>KOD<br \/>\n\t\t\t\t<\/strong><\/td>\n<td colspan=\"2\" rowspan=\"1\" style=\"text-align: center;\">\n\t\t\t\t<strong>\u00d6l\u00e7\u00fc<br \/>\n\t\t\t\t<\/strong><\/td>\n<td style=\"text-align: center;\">\n\t\t\t\t<strong>Uzunluk (mm)<br \/>\n\t\t\t\t<\/strong><\/td>\n<td style=\"text-align: center;\">\n\t\t\t\t<strong>Tip<br \/>\n\t\t\t\t<\/strong><\/td>\n<td style=\"text-align: center;\">\n\t\t\t\t<strong>Kutu i\u00e7i (ad.)<br \/>\n\t\t\t\t<\/strong><\/td>\n<\/tr>\n<tr>\n<td style=\"text-align: center;\">\n\t\t\t\t<strong>B-26509<br \/>\n\t\t\t\t<\/strong><\/td>\n<td style=\"text-align: center;\">\n\t\t\t\t<strong><img loading=\"lazy\" decoding=\"async\" alt=\"\" height=\"30\" src=\"\/images\/stories\/art\u01312.png\" width=\"29\" \/><br \/>\n\t\t\t\t<\/strong><\/td>\n<td style=\"text-align: center;\">\n\t\t\t\tPz 2<\/td>\n<td style=\"text-align: center;\">\n\t\t\t\t50 mm<\/td>\n<td style=\"text-align: center;\">\n\t\t\t\t<strong><img loading=\"lazy\" decoding=\"async\" alt=\"\" height=\"48\" src=\"\/images\/stories\/26490-.png\" width=\"74\" \/><br \/>\n\t\t\t\t<\/strong><\/td>\n<td style=\"text-align: center;\">\n\t\t\t\t50<\/td>\n<\/tr>\n<\/tbody>\n<\/table>\n","protected":false},"featured_media":15645,"comment_status":"open","ping_status":"closed","template":"","meta":{"_acf_changed":false},"product_brand":[1485],"product_cat":[798],"product_tag":[],"class_list":{"0":"post-15646","1":"product","2":"type-product","3":"status-publish","4":"has-post-thumbnail","6":"product_brand-makita","7":"product_cat-vidalama-uc-setleri","9":"first","10":"instock","11":"taxable","12":"shipping-taxable","13":"purchasable","14":"product-type-simple","15":"add-to-wishlist-after_add_to_cart"},"acf":[],"_links":{"self":[{"href":"https:\/\/www.makitamarket.com.tr\/site\/wp-json\/wp\/v2\/product\/15646","targetHints":{"allow":["GET"]}}],"collection":[{"href":"https:\/\/www.makitamarket.com.tr\/site\/wp-json\/wp\/v2\/product"}],"about":[{"href":"https:\/\/www.makitamarket.com.tr\/site\/wp-json\/wp\/v2\/types\/product"}],"replies":[{"embeddable":true,"href":"https:\/\/www.makitamarket.com.tr\/site\/wp-json\/wp\/v2\/comments?post=15646"}],"wp:featuredmedia":[{"embeddable":true,"href":"https:\/\/www.makitamarket.com.tr\/site\/wp-json\/wp\/v2\/media\/15645"}],"wp:attachment":[{"href":"https:\/\/www.makitamarket.com.tr\/site\/wp-json\/wp\/v2\/media?parent=15646"}],"wp:term":[{"taxonomy":"product_brand","embeddable":true,"href":"https:\/\/www.makitamarket.com.tr\/site\/wp-json\/wp\/v2\/product_brand?post=15646"},{"taxonomy":"product_cat","embeddable":true,"href":"https:\/\/www.makitamarket.com.tr\/site\/wp-json\/wp\/v2\/product_cat?post=15646"},{"taxonomy":"product_tag","embeddable":true,"href":"https:\/\/www.makitamarket.com.tr\/site\/wp-json\/wp\/v2\/product_tag?post=15646"}],"curies":[{"name":"wp","href":"https:\/\/api.w.org\/{rel}","templated":true}]}}