{"id":15662,"date":"2024-11-28T19:51:46","date_gmt":"2024-11-28T16:51:46","guid":{"rendered":"https:\/\/www.makitamarket.com.tr\/site\/urun\/knipex-plastik-penseler\/"},"modified":"2026-03-30T09:15:30","modified_gmt":"2026-03-30T06:15:30","slug":"knipex-plastik-penseler","status":"publish","type":"product","link":"https:\/\/www.makitamarket.com.tr\/site\/urun\/knipex-plastik-penseler\/","title":{"rendered":"Knipex 986202 PLAST\u0130K PENSELER"},"content":{"rendered":"<p><b>98 62 02 Plastik Kargaburun (Yal\u0131tkan)<\/b><br \/>\u0130zolasyon yap\u0131s\u0131 k\u0131sa devre riskini azalt\u0131r. S\u0131n\u0131f C; kullan\u0131m aral\u0131\u011f\u0131 azami -40\u00b0C. <\/p>\n<table>\n<tr>\n<td>Uzunluk<\/td>\n<td>220<\/td>\n<\/tr>\n<tr>\n<td>A\u011f\u0131rl\u0131k<\/td>\n<td>130 gr<\/td>\n<\/tr>\n<\/table>\n","protected":false},"excerpt":{"rendered":"<p><b>98 62 02 Plastik Kargaburun (Yal\u0131tkan)<\/b><br \/>\u0130zolasyon yap\u0131s\u0131 k\u0131sa devre riskini azalt\u0131r. S\u0131n\u0131f C; kullan\u0131m aral\u0131\u011f\u0131 azami -40\u00b0C. <\/p>\n","protected":false},"featured_media":15663,"comment_status":"open","ping_status":"closed","template":"","meta":{"_acf_changed":false},"product_brand":[1486],"product_cat":[1270],"product_tag":[],"class_list":{"0":"post-15662","1":"product","2":"type-product","3":"status-publish","4":"has-post-thumbnail","6":"product_brand-knipex","7":"product_cat-izoleli-bicaklar-ve-aletler","9":"first","10":"instock","11":"taxable","12":"shipping-taxable","13":"purchasable","14":"product-type-simple","15":"add-to-wishlist-after_add_to_cart"},"acf":[],"_links":{"self":[{"href":"https:\/\/www.makitamarket.com.tr\/site\/wp-json\/wp\/v2\/product\/15662","targetHints":{"allow":["GET"]}}],"collection":[{"href":"https:\/\/www.makitamarket.com.tr\/site\/wp-json\/wp\/v2\/product"}],"about":[{"href":"https:\/\/www.makitamarket.com.tr\/site\/wp-json\/wp\/v2\/types\/product"}],"replies":[{"embeddable":true,"href":"https:\/\/www.makitamarket.com.tr\/site\/wp-json\/wp\/v2\/comments?post=15662"}],"wp:featuredmedia":[{"embeddable":true,"href":"https:\/\/www.makitamarket.com.tr\/site\/wp-json\/wp\/v2\/media\/15663"}],"wp:attachment":[{"href":"https:\/\/www.makitamarket.com.tr\/site\/wp-json\/wp\/v2\/media?parent=15662"}],"wp:term":[{"taxonomy":"product_brand","embeddable":true,"href":"https:\/\/www.makitamarket.com.tr\/site\/wp-json\/wp\/v2\/product_brand?post=15662"},{"taxonomy":"product_cat","embeddable":true,"href":"https:\/\/www.makitamarket.com.tr\/site\/wp-json\/wp\/v2\/product_cat?post=15662"},{"taxonomy":"product_tag","embeddable":true,"href":"https:\/\/www.makitamarket.com.tr\/site\/wp-json\/wp\/v2\/product_tag?post=15662"}],"curies":[{"name":"wp","href":"https:\/\/api.w.org\/{rel}","templated":true}]}}