{"id":15671,"date":"2024-11-28T19:51:48","date_gmt":"2024-11-28T16:51:48","guid":{"rendered":"https:\/\/www.makitamarket.com.tr\/site\/urun\/knipex-ayarli-pense-180-mm\/"},"modified":"2026-03-30T09:15:32","modified_gmt":"2026-03-30T06:15:32","slug":"knipex-ayarli-pense-180-mm","status":"publish","type":"product","link":"https:\/\/www.makitamarket.com.tr\/site\/urun\/knipex-ayarli-pense-180-mm\/","title":{"rendered":"Knipex 4104180 AYARLI PENSE 180 mm"},"content":{"rendered":"<p><b>41 04 180 Ayarl\u0131 pense<\/b><br \/>Yuvarlak ve yass\u0131 malzemeleri g\u00fcvenli bir \u015fekilde tutar. A\u011f\u0131r hizmet. Ayar vidas\u0131 ve gev\u015fetme kolu ile. Tek elle kullan\u0131m. Dirsek kollu aktar\u0131m sayesinde; y\u00fcksek kuvvet aktar\u0131m\u0131 Kesici k\u0131s\u0131ml\u0131, yuvarlak malzeme i\u00e7in \u00e7eneler. <\/p>\n<li><b>Germe aral\u0131\u011f\u0131 yuvarlak: <\/b>30 mm<\/li>\n<li><b>Germe aral\u0131\u011f\u0131 4 k\u00f6\u015fe: <\/b>20 mm<\/li>\n<li><b>Germe aral\u0131\u011f\u0131 6 k\u00f6\u015fe: <\/b>30 mm<\/li>\n<table>\n<tr>\n<td>Uzunluk<\/td>\n<td>180<\/td>\n<\/tr>\n<tr>\n<td>Kafa<\/td>\n<td>Nikel<\/td>\n<\/tr>\n<tr>\n<td>Sap<\/td>\n<td>Nikel<\/td>\n<\/tr>\n<tr>\n<td>S\u0131kma \u00d6l\u00e7\u00fcleri<\/td>\n<td>Yuvarlak : 30mm , Kare : 20mm , Alt\u0131gen : 30mm<\/td>\n<\/tr>\n<tr>\n<td>A\u011f\u0131rl\u0131k<\/td>\n<td>363 gr<\/td>\n<\/tr>\n<\/table>\n","protected":false},"excerpt":{"rendered":"<p><b>41 04 180 Ayarl\u0131 pense<\/b><br \/>Yuvarlak ve yass\u0131 malzemeleri g\u00fcvenli bir \u015fekilde tutar. A\u011f\u0131r hizmet. Ayar vidas\u0131 ve gev\u015fetme kolu ile. Tek elle kullan\u0131m. Dirsek kollu aktar\u0131m sayesinde; y\u00fcksek kuvvet aktar\u0131m\u0131 Kesici k\u0131s\u0131ml\u0131, yuvarlak malzeme i\u00e7in \u00e7eneler. <\/p>\n<li><b>Germe aral\u0131\u011f\u0131 yuvarlak: <\/b>30 mm<\/li>\n<li><b>Germe aral\u0131\u011f\u0131 4 k\u00f6\u015fe: <\/b>20 mm<\/li>\n<li><b>Germe aral\u0131\u011f\u0131 6 k\u00f6\u015fe: <\/b>30 mm<\/li>\n","protected":false},"featured_media":15670,"comment_status":"open","ping_status":"closed","template":"","meta":{"_acf_changed":false},"product_brand":[1486],"product_cat":[956],"product_tag":[],"class_list":{"0":"post-15671","1":"product","2":"type-product","3":"status-publish","4":"has-post-thumbnail","6":"product_brand-knipex","7":"product_cat-ayarli-penseler","9":"first","10":"instock","11":"taxable","12":"shipping-taxable","13":"purchasable","14":"product-type-simple","15":"add-to-wishlist-after_add_to_cart"},"acf":[],"_links":{"self":[{"href":"https:\/\/www.makitamarket.com.tr\/site\/wp-json\/wp\/v2\/product\/15671","targetHints":{"allow":["GET"]}}],"collection":[{"href":"https:\/\/www.makitamarket.com.tr\/site\/wp-json\/wp\/v2\/product"}],"about":[{"href":"https:\/\/www.makitamarket.com.tr\/site\/wp-json\/wp\/v2\/types\/product"}],"replies":[{"embeddable":true,"href":"https:\/\/www.makitamarket.com.tr\/site\/wp-json\/wp\/v2\/comments?post=15671"}],"wp:featuredmedia":[{"embeddable":true,"href":"https:\/\/www.makitamarket.com.tr\/site\/wp-json\/wp\/v2\/media\/15670"}],"wp:attachment":[{"href":"https:\/\/www.makitamarket.com.tr\/site\/wp-json\/wp\/v2\/media?parent=15671"}],"wp:term":[{"taxonomy":"product_brand","embeddable":true,"href":"https:\/\/www.makitamarket.com.tr\/site\/wp-json\/wp\/v2\/product_brand?post=15671"},{"taxonomy":"product_cat","embeddable":true,"href":"https:\/\/www.makitamarket.com.tr\/site\/wp-json\/wp\/v2\/product_cat?post=15671"},{"taxonomy":"product_tag","embeddable":true,"href":"https:\/\/www.makitamarket.com.tr\/site\/wp-json\/wp\/v2\/product_tag?post=15671"}],"curies":[{"name":"wp","href":"https:\/\/api.w.org\/{rel}","templated":true}]}}