{"id":15712,"date":"2024-11-28T19:52:02","date_gmt":"2024-11-28T16:52:02","guid":{"rendered":"https:\/\/www.makitamarket.com.tr\/site\/urun\/bea-195-tipi-yatakci-zimba-teli-25-mm\/"},"modified":"2026-03-30T09:16:26","modified_gmt":"2026-03-30T06:16:26","slug":"bea-195-tipi-yatakci-zimba-teli-25-mm","status":"publish","type":"product","link":"https:\/\/www.makitamarket.com.tr\/site\/urun\/bea-195-tipi-yatakci-zimba-teli-25-mm\/","title":{"rendered":"Bea 195\/25 195 T\u0130P\u0130 YATAK\u00c7I ZIMBA TEL\u0130 25 mm"},"content":{"rendered":"<p>\n\t<span style=\"color:#f00;\"><strong>Not:<\/strong> Tel ve \u00e7ivi fiyatlar\u0131 1000 adet fiyatlar\u0131d\u0131r.<\/span><\/p>\n<table>\n<tr>\n<td>Uzunluk<\/td>\n<td>25 mm<\/td>\n<\/tr>\n<tr>\n<td>Paket Adet<\/td>\n<td>5.000<\/td>\n<\/tr>\n<tr>\n<td>Koli Adet<\/td>\n<td>30.000<\/td>\n<\/tr>\n<\/table>\n","protected":false},"excerpt":{"rendered":"<p>\n\t<span style=\"color:#f00;\"><strong>Not:<\/strong> Tel ve \u00e7ivi fiyatlar\u0131 1000 adet fiyatlar\u0131d\u0131r.<\/span><\/p>\n","protected":false},"featured_media":15711,"comment_status":"open","ping_status":"closed","template":"","meta":{"_acf_changed":false},"product_brand":[1508],"product_cat":[1565],"product_tag":[],"class_list":{"0":"post-15712","1":"product","2":"type-product","3":"status-publish","4":"has-post-thumbnail","6":"product_brand-bea","7":"product_cat-yok-yok","9":"first","10":"instock","11":"taxable","12":"shipping-taxable","13":"purchasable","14":"product-type-simple","15":"add-to-wishlist-after_add_to_cart"},"acf":[],"_links":{"self":[{"href":"https:\/\/www.makitamarket.com.tr\/site\/wp-json\/wp\/v2\/product\/15712","targetHints":{"allow":["GET"]}}],"collection":[{"href":"https:\/\/www.makitamarket.com.tr\/site\/wp-json\/wp\/v2\/product"}],"about":[{"href":"https:\/\/www.makitamarket.com.tr\/site\/wp-json\/wp\/v2\/types\/product"}],"replies":[{"embeddable":true,"href":"https:\/\/www.makitamarket.com.tr\/site\/wp-json\/wp\/v2\/comments?post=15712"}],"wp:featuredmedia":[{"embeddable":true,"href":"https:\/\/www.makitamarket.com.tr\/site\/wp-json\/wp\/v2\/media\/15711"}],"wp:attachment":[{"href":"https:\/\/www.makitamarket.com.tr\/site\/wp-json\/wp\/v2\/media?parent=15712"}],"wp:term":[{"taxonomy":"product_brand","embeddable":true,"href":"https:\/\/www.makitamarket.com.tr\/site\/wp-json\/wp\/v2\/product_brand?post=15712"},{"taxonomy":"product_cat","embeddable":true,"href":"https:\/\/www.makitamarket.com.tr\/site\/wp-json\/wp\/v2\/product_cat?post=15712"},{"taxonomy":"product_tag","embeddable":true,"href":"https:\/\/www.makitamarket.com.tr\/site\/wp-json\/wp\/v2\/product_tag?post=15712"}],"curies":[{"name":"wp","href":"https:\/\/api.w.org\/{rel}","templated":true}]}}