{"id":15722,"date":"2024-11-28T19:52:05","date_gmt":"2024-11-28T16:52:05","guid":{"rendered":"https:\/\/www.makitamarket.com.tr\/site\/urun\/alteco-alteco-f05-20g-seffaf-epoksi\/"},"modified":"2026-01-23T15:15:51","modified_gmt":"2026-01-23T12:15:51","slug":"alteco-alteco-f05-20g-seffaf-epoksi","status":"publish","type":"product","link":"https:\/\/www.makitamarket.com.tr\/site\/urun\/alteco-alteco-f05-20g-seffaf-epoksi\/","title":{"rendered":"Alteco F05-20GR ALTECO F05 &#8211; 20G \u015eEFFAF EPOKS\u0130"},"content":{"rendered":"<div>\n\t<strong>Kullan\u0131m Alanlar\u0131:<\/strong><br \/>\n\tSeramik, kristal, cam, m\u00fccevherat, metal, porselen ve ah\u015fap kullan\u0131m\u0131 i\u00e7in uygundur.<\/div>\n<table>\n<tr>\n<td>G\u00f6r\u00fcn\u00fcm<\/td>\n<td>Transparan S\u0131v\u0131 (Re\u00e7ine)<\/td>\n<\/tr>\n<tr>\n<td>G\u00f6r\u00fcn\u00fcm<\/td>\n<td>Transparan S\u0131v\u0131 (Sertle\u015ftirici)<\/td>\n<\/tr>\n<tr>\n<td>Vizkosite (cP 25 C)<\/td>\n<td>(A) 11.000 &#8211; 21.000 (Re\u00e7ine)<\/td>\n<\/tr>\n<tr>\n<td>Vizkosite (cP 25 C)<\/td>\n<td>(B) 9.000 &#8211; 15.000 (Sertle\u015ftirici)<\/td>\n<\/tr>\n<tr>\n<td>Spesifik Gravite (25 C \/ 4 C)<\/td>\n<td>(A) 1.16 \u00b1 0.10 (Re\u00e7ine)<\/td>\n<\/tr>\n<tr>\n<td>Spesifik Gravite (25 C \/ 4 C)<\/td>\n<td>(B) 1.13 \u00b1 0.10 (Sertle\u015ftirici)<\/td>\n<\/tr>\n<tr>\n<td>Gerilim Mukavemeti<\/td>\n<td>min 90 kgf\/cm2<\/td>\n<\/tr>\n<tr>\n<td>Kuruma S\u00fcresi<\/td>\n<td>5 dk<\/td>\n<\/tr>\n<tr>\n<td>Kar\u0131\u015f\u0131m Oran\u0131<\/td>\n<td>(A) % 100 &#8211; (B) % 100<\/td>\n<\/tr>\n<tr>\n<td>Renk<\/td>\n<td>Renksiz Transparan<\/td>\n<\/tr>\n<tr>\n<td>Yap\u0131\u015ft\u0131r\u0131c\u0131 Miktar\u0131<\/td>\n<td>20gr.<\/td>\n<\/tr>\n<tr>\n<td>Paket Miktar\u0131<\/td>\n<td>12&#8217;li Set<\/td>\n<\/tr>\n<tr>\n<td>Koli Miktar\u0131<\/td>\n<td>144 Set<\/td>\n<\/tr>\n<\/table>\n","protected":false},"excerpt":{"rendered":"<div>\n\t<strong>Kullan\u0131m Alanlar\u0131:<\/strong><br \/>\n\tSeramik, kristal, cam, m\u00fccevherat, metal, porselen ve ah\u015fap kullan\u0131m\u0131 i\u00e7in uygundur.<\/div>\n","protected":false},"featured_media":15721,"comment_status":"open","ping_status":"closed","template":"","meta":{"_acf_changed":false},"product_brand":[1551],"product_cat":[1188],"product_tag":[],"class_list":{"0":"post-15722","1":"product","2":"type-product","3":"status-publish","4":"has-post-thumbnail","6":"product_brand-alteco","7":"product_cat-yapistiricilar","9":"first","10":"outofstock","11":"taxable","12":"shipping-taxable","13":"purchasable","14":"product-type-simple","15":"add-to-wishlist-after_add_to_cart"},"acf":[],"_links":{"self":[{"href":"https:\/\/www.makitamarket.com.tr\/site\/wp-json\/wp\/v2\/product\/15722","targetHints":{"allow":["GET"]}}],"collection":[{"href":"https:\/\/www.makitamarket.com.tr\/site\/wp-json\/wp\/v2\/product"}],"about":[{"href":"https:\/\/www.makitamarket.com.tr\/site\/wp-json\/wp\/v2\/types\/product"}],"replies":[{"embeddable":true,"href":"https:\/\/www.makitamarket.com.tr\/site\/wp-json\/wp\/v2\/comments?post=15722"}],"wp:featuredmedia":[{"embeddable":true,"href":"https:\/\/www.makitamarket.com.tr\/site\/wp-json\/wp\/v2\/media\/15721"}],"wp:attachment":[{"href":"https:\/\/www.makitamarket.com.tr\/site\/wp-json\/wp\/v2\/media?parent=15722"}],"wp:term":[{"taxonomy":"product_brand","embeddable":true,"href":"https:\/\/www.makitamarket.com.tr\/site\/wp-json\/wp\/v2\/product_brand?post=15722"},{"taxonomy":"product_cat","embeddable":true,"href":"https:\/\/www.makitamarket.com.tr\/site\/wp-json\/wp\/v2\/product_cat?post=15722"},{"taxonomy":"product_tag","embeddable":true,"href":"https:\/\/www.makitamarket.com.tr\/site\/wp-json\/wp\/v2\/product_tag?post=15722"}],"curies":[{"name":"wp","href":"https:\/\/api.w.org\/{rel}","templated":true}]}}