{"id":15741,"date":"2024-11-28T19:52:14","date_gmt":"2024-11-28T16:52:14","guid":{"rendered":"https:\/\/www.makitamarket.com.tr\/site\/urun\/bohle-karpid-uclu-cam-keser\/"},"modified":"2026-03-30T09:17:20","modified_gmt":"2026-03-30T06:17:20","slug":"bohle-karpid-uclu-cam-keser","status":"publish","type":"product","link":"https:\/\/www.makitamarket.com.tr\/site\/urun\/bohle-karpid-uclu-cam-keser\/","title":{"rendered":"Bohle 428.0 KARP\u0130D U\u00c7LU CAM KESER"},"content":{"rendered":"<div>\n\tEle Oturan Ergonomik Yap\u0131<\/div>\n<div>\n\tSert ve kal\u0131n camlar\u0131 kesmeye uygun karbid u\u00e7lu cam keser, e\u011fimli kesimler ve sanat \u00e7al\u0131\u015fmalar\u0131 i\u00e7in<\/div>\n<table>\n<tr>\n<td>Paket \u0130\u00e7i Adedi<\/td>\n<td>1<\/td>\n<\/tr>\n<\/table>\n","protected":false},"excerpt":{"rendered":"<div>\n\tEle Oturan Ergonomik Yap\u0131<\/div>\n<div>\n\tSert ve kal\u0131n camlar\u0131 kesmeye uygun karbid u\u00e7lu cam keser, e\u011fimli kesimler ve sanat \u00e7al\u0131\u015fmalar\u0131 i\u00e7in<\/div>\n","protected":false},"featured_media":15740,"comment_status":"open","ping_status":"closed","template":"","meta":{"_acf_changed":false},"product_brand":[1547],"product_cat":[1098,1099],"product_tag":[],"class_list":{"0":"post-15741","1":"product","2":"type-product","3":"status-publish","4":"has-post-thumbnail","6":"product_brand-bohle","7":"product_cat-cam-kirma-pensi","8":"product_cat-kesme-vantuz-ve-kaziyicilar","10":"first","11":"instock","12":"taxable","13":"shipping-taxable","14":"purchasable","15":"product-type-simple","16":"add-to-wishlist-after_add_to_cart"},"acf":[],"_links":{"self":[{"href":"https:\/\/www.makitamarket.com.tr\/site\/wp-json\/wp\/v2\/product\/15741","targetHints":{"allow":["GET"]}}],"collection":[{"href":"https:\/\/www.makitamarket.com.tr\/site\/wp-json\/wp\/v2\/product"}],"about":[{"href":"https:\/\/www.makitamarket.com.tr\/site\/wp-json\/wp\/v2\/types\/product"}],"replies":[{"embeddable":true,"href":"https:\/\/www.makitamarket.com.tr\/site\/wp-json\/wp\/v2\/comments?post=15741"}],"wp:featuredmedia":[{"embeddable":true,"href":"https:\/\/www.makitamarket.com.tr\/site\/wp-json\/wp\/v2\/media\/15740"}],"wp:attachment":[{"href":"https:\/\/www.makitamarket.com.tr\/site\/wp-json\/wp\/v2\/media?parent=15741"}],"wp:term":[{"taxonomy":"product_brand","embeddable":true,"href":"https:\/\/www.makitamarket.com.tr\/site\/wp-json\/wp\/v2\/product_brand?post=15741"},{"taxonomy":"product_cat","embeddable":true,"href":"https:\/\/www.makitamarket.com.tr\/site\/wp-json\/wp\/v2\/product_cat?post=15741"},{"taxonomy":"product_tag","embeddable":true,"href":"https:\/\/www.makitamarket.com.tr\/site\/wp-json\/wp\/v2\/product_tag?post=15741"}],"curies":[{"name":"wp","href":"https:\/\/api.w.org\/{rel}","templated":true}]}}