{"id":15776,"date":"2024-11-28T19:52:29","date_gmt":"2024-11-28T16:52:29","guid":{"rendered":"https:\/\/www.makitamarket.com.tr\/site\/urun\/knipex-kargaburun-140-mm\/"},"modified":"2026-04-06T15:41:41","modified_gmt":"2026-04-06T12:41:41","slug":"knipex-kargaburun-140-mm","status":"publish","type":"product","link":"https:\/\/www.makitamarket.com.tr\/site\/urun\/knipex-kargaburun-140-mm\/","title":{"rendered":"Knipex 2501140 KARGABURUN 140 mm"},"content":{"rendered":"<p><b>25 01 140 Kargaburun<\/b><br \/>Yass\u0131 yuvarlak, uzun, ucu sivrile\u015fen \u00e7eneler. Hassas mekanik i\u015fleri i\u00e7in ideal. A\u011f\u0131z y\u00fczeyleri di\u015fli. Yumu\u015fak, sert ve orta sertlikte tel i\u00e7in kesiciler. Kesicilere ek olarak ind\u00fcksiyon sertle\u015ftirme uygulamas\u0131 yap\u0131lm\u0131\u015ft\u0131r, kesici sertli\u011fi yakl. 61 HRC. D\u00fcz \u00e7eneler. <\/p>\n<li><b>Orta sert tel kesme de\u011feri (\u00e7ap): <\/b>\u00d8 2,5 mm<\/li>\n<li><b>Schneidwerte harter Draht (Durchmesser): <\/b>\u00d8 1,6 mm<\/li>\n<li><b>\u00c7ene kal\u0131nl\u0131\u011f\u0131 (eklem) (T1): <\/b>8,0 mm<\/li>\n<li><b>U\u00e7lar geni\u015flik (W4): <\/b>2,5 mm<\/li>\n<li><b>Tip Thickness (T2): <\/b>2,0 mm<\/li>\n<li><b>\u00c7ene uzunlu\u011fu (L3): <\/b>42,0 mm<\/li>\n<li><b>Kafa geni\u015fli\u011fi (W3): <\/b>15 mm<\/li>\n<table>\n<tr>\n<td>Uzunluk<\/td>\n<td>140<\/td>\n<\/tr>\n<tr>\n<td>Form<\/td>\n<td>D\u00fcz<\/td>\n<\/tr>\n<tr>\n<td>Orta Sert Tel<\/td>\n<td>2.5 \u00f8mm<\/td>\n<\/tr>\n<tr>\n<td>Sert Tel<\/td>\n<td>1.6  \u00f8mm<\/td>\n<\/tr>\n<tr>\n<td>\u00d6l\u00e7\u00fcler<\/td>\n<td>L3:42mm, W3:15.0mm, T1:8.0mm, W4:2.5mm, T2:2.0mm<\/td>\n<\/tr>\n<tr>\n<td>A\u011f\u0131rl\u0131k<\/td>\n<td>89 gr<\/td>\n<\/tr>\n<\/table>\n","protected":false},"excerpt":{"rendered":"<p><b>25 01 140 Kargaburun<\/b><br \/>Yass\u0131 yuvarlak, uzun, ucu sivrile\u015fen \u00e7eneler. Hassas mekanik i\u015fleri i\u00e7in ideal. A\u011f\u0131z y\u00fczeyleri di\u015fli. Yumu\u015fak, sert ve orta sertlikte tel i\u00e7in kesiciler. Kesicilere ek olarak ind\u00fcksiyon sertle\u015ftirme uygulamas\u0131 yap\u0131lm\u0131\u015ft\u0131r, kesici sertli\u011fi yakl. 61 HRC. D\u00fcz \u00e7eneler. <\/p>\n<li><b>Orta sert tel kesme de\u011feri (\u00e7ap): <\/b>\u00d8 2,5 mm<\/li>\n<li><b>Schneidwerte harter Draht (Durchmesser): <\/b>\u00d8 1,6 mm<\/li>\n<li><b>\u00c7ene kal\u0131nl\u0131\u011f\u0131 (eklem) (T1): <\/b>8,0 mm<\/li>\n<li><b>U\u00e7lar geni\u015flik (W4): <\/b>2,5 mm<\/li>\n<li><b>Tip Thickness (T2): <\/b>2,0 mm<\/li>\n<li><b>\u00c7ene uzunlu\u011fu (L3): <\/b>42,0 mm<\/li>\n<li><b>Kafa geni\u015fli\u011fi (W3): <\/b>15 mm<\/li>\n","protected":false},"featured_media":16414,"comment_status":"open","ping_status":"closed","template":"","meta":{"_acf_changed":false},"product_brand":[1486],"product_cat":[795],"product_tag":[],"class_list":{"0":"post-15776","1":"product","2":"type-product","3":"status-publish","4":"has-post-thumbnail","6":"product_brand-knipex","7":"product_cat-kargaburunlar","9":"first","10":"instock","11":"taxable","12":"shipping-taxable","13":"purchasable","14":"product-type-simple","15":"add-to-wishlist-after_add_to_cart"},"acf":[],"_links":{"self":[{"href":"https:\/\/www.makitamarket.com.tr\/site\/wp-json\/wp\/v2\/product\/15776","targetHints":{"allow":["GET"]}}],"collection":[{"href":"https:\/\/www.makitamarket.com.tr\/site\/wp-json\/wp\/v2\/product"}],"about":[{"href":"https:\/\/www.makitamarket.com.tr\/site\/wp-json\/wp\/v2\/types\/product"}],"replies":[{"embeddable":true,"href":"https:\/\/www.makitamarket.com.tr\/site\/wp-json\/wp\/v2\/comments?post=15776"}],"wp:featuredmedia":[{"embeddable":true,"href":"https:\/\/www.makitamarket.com.tr\/site\/wp-json\/wp\/v2\/media\/16414"}],"wp:attachment":[{"href":"https:\/\/www.makitamarket.com.tr\/site\/wp-json\/wp\/v2\/media?parent=15776"}],"wp:term":[{"taxonomy":"product_brand","embeddable":true,"href":"https:\/\/www.makitamarket.com.tr\/site\/wp-json\/wp\/v2\/product_brand?post=15776"},{"taxonomy":"product_cat","embeddable":true,"href":"https:\/\/www.makitamarket.com.tr\/site\/wp-json\/wp\/v2\/product_cat?post=15776"},{"taxonomy":"product_tag","embeddable":true,"href":"https:\/\/www.makitamarket.com.tr\/site\/wp-json\/wp\/v2\/product_tag?post=15776"}],"curies":[{"name":"wp","href":"https:\/\/api.w.org\/{rel}","templated":true}]}}