{"id":15780,"date":"2024-11-28T19:52:32","date_gmt":"2024-11-28T16:52:32","guid":{"rendered":"https:\/\/www.makitamarket.com.tr\/site\/urun\/makita-sds-plus-matkap-ucu-ve-keski-seti\/"},"modified":"2026-04-06T15:29:55","modified_gmt":"2026-04-06T12:29:55","slug":"makita-sds-plus-matkap-ucu-ve-keski-seti","status":"publish","type":"product","link":"https:\/\/www.makitamarket.com.tr\/site\/urun\/makita-sds-plus-matkap-ucu-ve-keski-seti\/","title":{"rendered":"Makita D-41470 SDS PLUS MATKAP UCU VE KESK\u0130 SET\u0130"},"content":{"rendered":"<p>\n\t\u00a0<\/p>\n<table border=\"1\" cellpadding=\"1\" cellspacing=\"1\" height=\"213\" width=\"444\">\n<tbody>\n<tr>\n<td style=\"width: 50px; text-align: center;\">\n\t\t\t\t<strong>\u00c7AP (mm)<br \/>\n\t\t\t\t<\/strong><\/td>\n<td style=\"width: 50px; text-align: center;\">\n\t\t\t\t<strong>UZUNLUK (mm)<br \/>\n\t\t\t\t<\/strong><\/td>\n<td style=\"width: 50px; text-align: center;\">\n\t\t\t\t<strong>\u00c7ALI\u015eMA UZUNLU\u011eU (mm)<br \/>\n\t\t\t\t<\/strong><\/td>\n<\/tr>\n<tr>\n<td style=\"text-align: center;\">\n\t\t\t\t6<\/td>\n<td style=\"text-align: center;\">\n\t\t\t\t160<\/td>\n<td style=\"text-align: center;\">\n\t\t\t\t92<\/td>\n<\/tr>\n<tr>\n<td style=\"text-align: center;\">\n\t\t\t\t7<\/td>\n<td style=\"text-align: center;\">\n\t\t\t\t160<\/td>\n<td style=\"text-align: center;\">\n\t\t\t\t92<\/td>\n<\/tr>\n<tr>\n<td style=\"text-align: center;\">\n\t\t\t\t8<\/td>\n<td style=\"text-align: center;\">\n\t\t\t\t160<\/td>\n<td style=\"text-align: center;\">\n\t\t\t\t92<\/td>\n<\/tr>\n<tr>\n<td style=\"text-align: center;\">\n\t\t\t\t10<\/td>\n<td style=\"text-align: center;\">\n\t\t\t\t160<\/td>\n<td style=\"text-align: center;\">\n\t\t\t\t92<\/td>\n<\/tr>\n<tr>\n<td style=\"text-align: center;\">\n\t\t\t\t12<\/td>\n<td style=\"text-align: center;\">\n\t\t\t\t160<\/td>\n<td style=\"text-align: center;\">\n\t\t\t\t92<\/td>\n<\/tr>\n<tr>\n<td style=\"text-align: center;\">\n\t\t\t\t14<\/td>\n<td style=\"text-align: center;\">\n\t\t\t\t260<\/td>\n<td style=\"text-align: center;\">\n\t\t\t\t175<\/td>\n<\/tr>\n<tr>\n<td style=\"text-align: center;\">\n\t\t\t\t16<\/td>\n<td style=\"text-align: center;\">\n\t\t\t\t210<\/td>\n<td style=\"text-align: center;\">\n\t\t\t\t125<\/td>\n<\/tr>\n<tr>\n<td style=\"text-align: center;\">\n\t\t\t\t18<\/td>\n<td style=\"text-align: center;\">\n\t\t\t\t210<\/td>\n<td style=\"text-align: center;\">\n\t\t\t\t120<\/td>\n<\/tr>\n<\/tbody>\n<\/table>\n<p>\n\t\u00a0<\/p>\n<table border=\"1\" cellpadding=\"1\" cellspacing=\"1\" height=\"63\" width=\"444\">\n<tbody>\n<tr>\n<td style=\"text-align: center;\">\n\t\t\t\t<strong>Tip<br \/>\n\t\t\t\t<\/strong><\/td>\n<td style=\"text-align: center;\">\n\t\t\t\t<strong>\u00d6l\u00e7\u00fcler<br \/>\n\t\t\t\t<\/strong><\/td>\n<\/tr>\n<tr>\n<td style=\"text-align: center;\">\n\t\t\t\tSivri<\/td>\n<td style=\"text-align: center;\">\n\t\t\t\t160<\/td>\n<\/tr>\n<tr>\n<td style=\"text-align: center;\">\n\t\t\t\tYass\u0131<\/td>\n<td style=\"text-align: center;\">\n\t\t\t\t20&#215;140<\/td>\n<\/tr>\n<\/tbody>\n<\/table>\n<table>\n<tr>\n<td>Set \u00d6l\u00e7\u00fcleri<\/td>\n<td>6 x 160 x 92<\/td>\n<\/tr>\n<tr>\n<td>Set \u00d6l\u00e7\u00fcleri<\/td>\n<td>7 x 160 x 92<\/td>\n<\/tr>\n<tr>\n<td>Set \u00d6l\u00e7\u00fcleri<\/td>\n<td>8 x 160 x 92<\/td>\n<\/tr>\n<tr>\n<td>Set \u00d6l\u00e7\u00fcleri<\/td>\n<td>10 x 160 x 92<\/td>\n<\/tr>\n<tr>\n<td>Set \u00d6l\u00e7\u00fcleri<\/td>\n<td>14 x 260 x 175<\/td>\n<\/tr>\n<tr>\n<td>Set \u00d6l\u00e7\u00fcleri<\/td>\n<td>16 x 210 x 125<\/td>\n<\/tr>\n<tr>\n<td>Set \u00d6l\u00e7\u00fcleri<\/td>\n<td>18 x 210 x 120<\/td>\n<\/tr>\n<tr>\n<td>\u1d13<\/td>\n<td>160<\/td>\n<\/tr>\n<\/table>\n","protected":false},"excerpt":{"rendered":"<p>\n\t\u00a0<\/p>\n<table border=\"1\" cellpadding=\"1\" cellspacing=\"1\" height=\"213\" width=\"444\">\n<tbody>\n<tr>\n<td style=\"width: 50px; text-align: center;\">\n\t\t\t\t<strong>\u00c7AP (mm)<br \/>\n\t\t\t\t<\/strong><\/td>\n<td style=\"width: 50px; text-align: center;\">\n\t\t\t\t<strong>UZUNLUK (mm)<br \/>\n\t\t\t\t<\/strong><\/td>\n<td style=\"width: 50px; text-align: center;\">\n\t\t\t\t<strong>\u00c7ALI\u015eMA UZUNLU\u011eU (mm)<br \/>\n\t\t\t\t<\/strong><\/td>\n<\/tr>\n<tr>\n<td style=\"text-align: center;\">\n\t\t\t\t6<\/td>\n<td style=\"text-align: center;\">\n\t\t\t\t160<\/td>\n<td style=\"text-align: center;\">\n\t\t\t\t92<\/td>\n<\/tr>\n<tr>\n<td style=\"text-align: center;\">\n\t\t\t\t7<\/td>\n<td style=\"text-align: center;\">\n\t\t\t\t160<\/td>\n<td style=\"text-align: center;\">\n\t\t\t\t92<\/td>\n<\/tr>\n<tr>\n<td style=\"text-align: center;\">\n\t\t\t\t8<\/td>\n<td style=\"text-align: center;\">\n\t\t\t\t160<\/td>\n<td style=\"text-align: center;\">\n\t\t\t\t92<\/td>\n<\/tr>\n<tr>\n<td style=\"text-align: center;\">\n\t\t\t\t10<\/td>\n<td style=\"text-align: center;\">\n\t\t\t\t160<\/td>\n<td style=\"text-align: center;\">\n\t\t\t\t92<\/td>\n<\/tr>\n<tr>\n<td style=\"text-align: center;\">\n\t\t\t\t12<\/td>\n<td style=\"text-align: center;\">\n\t\t\t\t160<\/td>\n<td style=\"text-align: center;\">\n\t\t\t\t92<\/td>\n<\/tr>\n<tr>\n<td style=\"text-align: center;\">\n\t\t\t\t14<\/td>\n<td style=\"text-align: center;\">\n\t\t\t\t260<\/td>\n<td style=\"text-align: center;\">\n\t\t\t\t175<\/td>\n<\/tr>\n<tr>\n<td style=\"text-align: center;\">\n\t\t\t\t16<\/td>\n<td style=\"text-align: center;\">\n\t\t\t\t210<\/td>\n<td style=\"text-align: center;\">\n\t\t\t\t125<\/td>\n<\/tr>\n<tr>\n<td style=\"text-align: center;\">\n\t\t\t\t18<\/td>\n<td style=\"text-align: center;\">\n\t\t\t\t210<\/td>\n<td style=\"text-align: center;\">\n\t\t\t\t120<\/td>\n<\/tr>\n<\/tbody>\n<\/table>\n<p>\n\t\u00a0<\/p>\n<table border=\"1\" cellpadding=\"1\" cellspacing=\"1\" height=\"63\" width=\"444\">\n<tbody>\n<tr>\n<td style=\"text-align: center;\">\n\t\t\t\t<strong>Tip<br \/>\n\t\t\t\t<\/strong><\/td>\n<td style=\"text-align: center;\">\n\t\t\t\t<strong>\u00d6l\u00e7\u00fcler<br \/>\n\t\t\t\t<\/strong><\/td>\n<\/tr>\n<tr>\n<td style=\"text-align: center;\">\n\t\t\t\tSivri<\/td>\n<td style=\"text-align: center;\">\n\t\t\t\t160<\/td>\n<\/tr>\n<tr>\n<td style=\"text-align: center;\">\n\t\t\t\tYass\u0131<\/td>\n<td style=\"text-align: center;\">\n\t\t\t\t20&#215;140<\/td>\n<\/tr>\n<\/tbody>\n<\/table>\n","protected":false},"featured_media":15779,"comment_status":"open","ping_status":"closed","template":"","meta":{"_acf_changed":false},"product_brand":[1485],"product_cat":[1096],"product_tag":[],"class_list":{"0":"post-15780","1":"product","2":"type-product","3":"status-publish","4":"has-post-thumbnail","6":"product_brand-makita","7":"product_cat-ahsap-matkap-uclari","9":"first","10":"instock","11":"taxable","12":"shipping-taxable","13":"purchasable","14":"product-type-simple","15":"add-to-wishlist-after_add_to_cart"},"acf":[],"_links":{"self":[{"href":"https:\/\/www.makitamarket.com.tr\/site\/wp-json\/wp\/v2\/product\/15780","targetHints":{"allow":["GET"]}}],"collection":[{"href":"https:\/\/www.makitamarket.com.tr\/site\/wp-json\/wp\/v2\/product"}],"about":[{"href":"https:\/\/www.makitamarket.com.tr\/site\/wp-json\/wp\/v2\/types\/product"}],"replies":[{"embeddable":true,"href":"https:\/\/www.makitamarket.com.tr\/site\/wp-json\/wp\/v2\/comments?post=15780"}],"wp:featuredmedia":[{"embeddable":true,"href":"https:\/\/www.makitamarket.com.tr\/site\/wp-json\/wp\/v2\/media\/15779"}],"wp:attachment":[{"href":"https:\/\/www.makitamarket.com.tr\/site\/wp-json\/wp\/v2\/media?parent=15780"}],"wp:term":[{"taxonomy":"product_brand","embeddable":true,"href":"https:\/\/www.makitamarket.com.tr\/site\/wp-json\/wp\/v2\/product_brand?post=15780"},{"taxonomy":"product_cat","embeddable":true,"href":"https:\/\/www.makitamarket.com.tr\/site\/wp-json\/wp\/v2\/product_cat?post=15780"},{"taxonomy":"product_tag","embeddable":true,"href":"https:\/\/www.makitamarket.com.tr\/site\/wp-json\/wp\/v2\/product_tag?post=15780"}],"curies":[{"name":"wp","href":"https:\/\/api.w.org\/{rel}","templated":true}]}}