{"id":15789,"date":"2024-11-28T19:52:35","date_gmt":"2024-11-28T16:52:35","guid":{"rendered":"https:\/\/www.makitamarket.com.tr\/site\/urun\/uni-t-dijital-pens-ampermetre\/"},"modified":"2025-07-11T21:28:04","modified_gmt":"2025-07-11T18:28:04","slug":"uni-t-dijital-pens-ampermetre","status":"publish","type":"product","link":"https:\/\/www.makitamarket.com.tr\/site\/urun\/uni-t-dijital-pens-ampermetre\/","title":{"rendered":"Uni-t UT201 D\u0130J\u0130TAL PENS AMPERMETRE"},"content":{"rendered":"<table>\n<tr>\n<td>AC Ak\u0131m (A)<\/td>\n<td>2A\/20A\/200A\/400A \u00b1(1%+9)<\/td>\n<\/tr>\n<tr>\n<td>AC Voltaj (V)<\/td>\n<td>2V\/20V\/200V\/600V \u00b1(1.2%+5)<\/td>\n<\/tr>\n<tr>\n<td>DC Voltaj (V)<\/td>\n<td>200mV\/2V\/20V\/200V\/600V \u00b1(0.8%+1)<\/td>\n<\/tr>\n<tr>\n<td>Diren\u00e7  (\u2126)<\/td>\n<td>200\u2126\/2K\u2126\/20K\u2126\/200K\u2126\/2M\u2126\/20M\u2126 \u00b1(1%+2)<\/td>\n<\/tr>\n<tr>\n<td>Otomatik Menzil<\/td>\n<td>\u221a<\/td>\n<\/tr>\n<tr>\n<td>A\u011f\u0131z Kapasitesi<\/td>\n<td>28 mm<\/td>\n<\/tr>\n<tr>\n<td>Diyot<\/td>\n<td>\u221a<\/td>\n<\/tr>\n<tr>\n<td>S\u00fcreklilik uyar\u0131s\u0131<\/td>\n<td>\u221a<\/td>\n<\/tr>\n<tr>\n<td>Veri tutma<\/td>\n<td>\u221a<\/td>\n<\/tr>\n<tr>\n<td>Maks. Modu<\/td>\n<td>\u221a<\/td>\n<\/tr>\n<tr>\n<td>DCV i\u00e7in giri\u015f empedans\u0131<\/td>\n<td>Yakla\u015f\u0131k 10M\u2126<\/td>\n<\/tr>\n<tr>\n<td>Batarya<\/td>\n<td>1.5 V Bataryalar (R03) X 2<\/td>\n<\/tr>\n<tr>\n<td>A\u011f\u0131rl\u0131k<\/td>\n<td>220 g<\/td>\n<\/tr>\n<\/table>\n","protected":false},"excerpt":{"rendered":"<p>AC Ak\u0131m (A) 2A\/20A\/200A\/400A \u00b1(1%+9) AC Voltaj (V) 2V\/20V\/200V\/600V \u00b1(1.2%+5) DC Voltaj (V) 200mV\/2V\/20V\/200V\/600V \u00b1(0.8%+1) Diren\u00e7 (\u2126) 200\u2126\/2K\u2126\/20K\u2126\/200K\u2126\/2M\u2126\/20M\u2126 \u00b1(1%+2) Otomatik Menzil \u221a A\u011f\u0131z Kapasitesi 28 mm Diyot \u221a S\u00fcreklilik uyar\u0131s\u0131<\/p>\n","protected":false},"featured_media":15851,"comment_status":"open","ping_status":"closed","template":"","meta":{"_acf_changed":false},"product_brand":[],"product_cat":[1081],"product_tag":[],"class_list":{"0":"post-15789","1":"product","2":"type-product","3":"status-publish","4":"has-post-thumbnail","6":"product_cat-pensampermetreler","8":"first","9":"outofstock","10":"taxable","11":"shipping-taxable","12":"purchasable","13":"product-type-simple","14":"add-to-wishlist-after_add_to_cart"},"acf":[],"_links":{"self":[{"href":"https:\/\/www.makitamarket.com.tr\/site\/wp-json\/wp\/v2\/product\/15789","targetHints":{"allow":["GET"]}}],"collection":[{"href":"https:\/\/www.makitamarket.com.tr\/site\/wp-json\/wp\/v2\/product"}],"about":[{"href":"https:\/\/www.makitamarket.com.tr\/site\/wp-json\/wp\/v2\/types\/product"}],"replies":[{"embeddable":true,"href":"https:\/\/www.makitamarket.com.tr\/site\/wp-json\/wp\/v2\/comments?post=15789"}],"wp:featuredmedia":[{"embeddable":true,"href":"https:\/\/www.makitamarket.com.tr\/site\/wp-json\/wp\/v2\/media\/15851"}],"wp:attachment":[{"href":"https:\/\/www.makitamarket.com.tr\/site\/wp-json\/wp\/v2\/media?parent=15789"}],"wp:term":[{"taxonomy":"product_brand","embeddable":true,"href":"https:\/\/www.makitamarket.com.tr\/site\/wp-json\/wp\/v2\/product_brand?post=15789"},{"taxonomy":"product_cat","embeddable":true,"href":"https:\/\/www.makitamarket.com.tr\/site\/wp-json\/wp\/v2\/product_cat?post=15789"},{"taxonomy":"product_tag","embeddable":true,"href":"https:\/\/www.makitamarket.com.tr\/site\/wp-json\/wp\/v2\/product_tag?post=15789"}],"curies":[{"name":"wp","href":"https:\/\/api.w.org\/{rel}","templated":true}]}}