{"id":15790,"date":"2024-11-28T19:52:35","date_gmt":"2024-11-28T16:52:35","guid":{"rendered":"https:\/\/www.makitamarket.com.tr\/site\/urun\/three-files-yuvarlak-ege-orta-8\/"},"modified":"2025-11-16T08:26:48","modified_gmt":"2025-11-16T05:26:48","slug":"three-files-yuvarlak-ege-orta-8","status":"publish","type":"product","link":"https:\/\/www.makitamarket.com.tr\/site\/urun\/three-files-yuvarlak-ege-orta-8\/","title":{"rendered":"Three Files EGYO8 YUVARLAK E\u011eE &#8211; ORTA 8&#8243;"},"content":{"rendered":"<table>\n<tr>\n<td>\u00d6l\u00e7\u00fc<\/td>\n<td>8&#8243;<\/td>\n<\/tr>\n<tr>\n<td>A\u00e7\u0131klama<\/td>\n<td>Orta<\/td>\n<\/tr>\n<\/table>\n","protected":false},"excerpt":{"rendered":"<p>\u00d6l\u00e7\u00fc 8&#8243; A\u00e7\u0131klama Orta<\/p>\n","protected":false},"featured_media":0,"comment_status":"open","ping_status":"closed","template":"","meta":{"_acf_changed":false},"product_brand":[1541],"product_cat":[1031],"product_tag":[],"class_list":{"0":"post-15790","1":"product","2":"type-product","3":"status-publish","5":"product_brand-three-files","6":"product_cat-egeler","8":"first","9":"outofstock","10":"taxable","11":"shipping-taxable","12":"purchasable","13":"product-type-simple","14":"add-to-wishlist-after_add_to_cart"},"acf":[],"_links":{"self":[{"href":"https:\/\/www.makitamarket.com.tr\/site\/wp-json\/wp\/v2\/product\/15790","targetHints":{"allow":["GET"]}}],"collection":[{"href":"https:\/\/www.makitamarket.com.tr\/site\/wp-json\/wp\/v2\/product"}],"about":[{"href":"https:\/\/www.makitamarket.com.tr\/site\/wp-json\/wp\/v2\/types\/product"}],"replies":[{"embeddable":true,"href":"https:\/\/www.makitamarket.com.tr\/site\/wp-json\/wp\/v2\/comments?post=15790"}],"wp:attachment":[{"href":"https:\/\/www.makitamarket.com.tr\/site\/wp-json\/wp\/v2\/media?parent=15790"}],"wp:term":[{"taxonomy":"product_brand","embeddable":true,"href":"https:\/\/www.makitamarket.com.tr\/site\/wp-json\/wp\/v2\/product_brand?post=15790"},{"taxonomy":"product_cat","embeddable":true,"href":"https:\/\/www.makitamarket.com.tr\/site\/wp-json\/wp\/v2\/product_cat?post=15790"},{"taxonomy":"product_tag","embeddable":true,"href":"https:\/\/www.makitamarket.com.tr\/site\/wp-json\/wp\/v2\/product_tag?post=15790"}],"curies":[{"name":"wp","href":"https:\/\/api.w.org\/{rel}","templated":true}]}}