{"id":15809,"date":"2024-11-28T19:52:40","date_gmt":"2024-11-28T16:52:40","guid":{"rendered":"https:\/\/www.makitamarket.com.tr\/site\/urun\/gison-yedek-havali-keski-ucu-yassi\/"},"modified":"2026-04-06T15:49:01","modified_gmt":"2026-04-06T12:49:01","slug":"gison-yedek-havali-keski-ucu-yassi","status":"publish","type":"product","link":"https:\/\/www.makitamarket.com.tr\/site\/urun\/gison-yedek-havali-keski-ucu-yassi\/","title":{"rendered":"Gison GP924015 YEDEK HAVALI KESK\u0130 UCU &#8211; YASSI"},"content":{"rendered":"<table>\n<tr>\n<td>Tipi<\/td>\n<td>Yass\u0131 Keski.<\/td>\n<\/tr>\n<tr>\n<td>Kulland\u0131\u011f\u0131 Makine<\/td>\n<td>GP-851I<\/td>\n<\/tr>\n<tr>\n<td>\u015eaft<\/td>\n<td>Yuvarlak Sapl\u0131<\/td>\n<\/tr>\n<\/table>\n","protected":false},"excerpt":{"rendered":"<p>Tipi Yass\u0131 Keski. Kulland\u0131\u011f\u0131 Makine GP-851I \u015eaft Yuvarlak Sapl\u0131<\/p>\n","protected":false},"featured_media":16806,"comment_status":"open","ping_status":"closed","template":"","meta":{"_acf_changed":false},"product_brand":[1512],"product_cat":[936],"product_tag":[],"class_list":{"0":"post-15809","1":"product","2":"type-product","3":"status-publish","4":"has-post-thumbnail","6":"product_brand-gison","7":"product_cat-havali-keski-ve-kaziyicilar","9":"first","10":"outofstock","11":"taxable","12":"shipping-taxable","13":"purchasable","14":"product-type-simple","15":"add-to-wishlist-after_add_to_cart"},"acf":[],"_links":{"self":[{"href":"https:\/\/www.makitamarket.com.tr\/site\/wp-json\/wp\/v2\/product\/15809","targetHints":{"allow":["GET"]}}],"collection":[{"href":"https:\/\/www.makitamarket.com.tr\/site\/wp-json\/wp\/v2\/product"}],"about":[{"href":"https:\/\/www.makitamarket.com.tr\/site\/wp-json\/wp\/v2\/types\/product"}],"replies":[{"embeddable":true,"href":"https:\/\/www.makitamarket.com.tr\/site\/wp-json\/wp\/v2\/comments?post=15809"}],"wp:featuredmedia":[{"embeddable":true,"href":"https:\/\/www.makitamarket.com.tr\/site\/wp-json\/wp\/v2\/media\/16806"}],"wp:attachment":[{"href":"https:\/\/www.makitamarket.com.tr\/site\/wp-json\/wp\/v2\/media?parent=15809"}],"wp:term":[{"taxonomy":"product_brand","embeddable":true,"href":"https:\/\/www.makitamarket.com.tr\/site\/wp-json\/wp\/v2\/product_brand?post=15809"},{"taxonomy":"product_cat","embeddable":true,"href":"https:\/\/www.makitamarket.com.tr\/site\/wp-json\/wp\/v2\/product_cat?post=15809"},{"taxonomy":"product_tag","embeddable":true,"href":"https:\/\/www.makitamarket.com.tr\/site\/wp-json\/wp\/v2\/product_tag?post=15809"}],"curies":[{"name":"wp","href":"https:\/\/api.w.org\/{rel}","templated":true}]}}