{"id":15811,"date":"2024-11-28T19:52:40","date_gmt":"2024-11-28T16:52:40","guid":{"rendered":"https:\/\/www.makitamarket.com.tr\/site\/urun\/gison-yedek-havali-keski-ucu-egri\/"},"modified":"2026-04-06T15:30:45","modified_gmt":"2026-04-06T12:30:45","slug":"gison-yedek-havali-keski-ucu-egri","status":"publish","type":"product","link":"https:\/\/www.makitamarket.com.tr\/site\/urun\/gison-yedek-havali-keski-ucu-egri\/","title":{"rendered":"Gison GP922030R YEDEK HAVALI KESK\u0130 UCU &#8211; E\u011eR\u0130"},"content":{"rendered":"<div id=\"cke_pastebin\">\n\t\u2022<span style=\"color:#f00;\"><strong>\u00a0<\/strong><\/span>D\u00f6rt K\u00f6\u015fe Sap<\/div>\n<div>\n\t\u2022<span style=\"color:#f00;\"><strong>\u00a0<\/strong><\/span>GP851E i\u00e7in<\/div>\n<table><\/table>\n","protected":false},"excerpt":{"rendered":"<div id=\"cke_pastebin\">\n\t\u2022<span style=\"color:#f00;\"><strong>\u00a0<\/strong><\/span>D\u00f6rt K\u00f6\u015fe Sap<\/div>\n<div>\n\t\u2022<span style=\"color:#f00;\"><strong>\u00a0<\/strong><\/span>GP851E i\u00e7in<\/div>\n","protected":false},"featured_media":15810,"comment_status":"open","ping_status":"closed","template":"","meta":{"_acf_changed":false},"product_brand":[1512],"product_cat":[936],"product_tag":[],"class_list":{"0":"post-15811","1":"product","2":"type-product","3":"status-publish","4":"has-post-thumbnail","6":"product_brand-gison","7":"product_cat-havali-keski-ve-kaziyicilar","9":"first","10":"instock","11":"taxable","12":"shipping-taxable","13":"purchasable","14":"product-type-simple","15":"add-to-wishlist-after_add_to_cart"},"acf":[],"_links":{"self":[{"href":"https:\/\/www.makitamarket.com.tr\/site\/wp-json\/wp\/v2\/product\/15811","targetHints":{"allow":["GET"]}}],"collection":[{"href":"https:\/\/www.makitamarket.com.tr\/site\/wp-json\/wp\/v2\/product"}],"about":[{"href":"https:\/\/www.makitamarket.com.tr\/site\/wp-json\/wp\/v2\/types\/product"}],"replies":[{"embeddable":true,"href":"https:\/\/www.makitamarket.com.tr\/site\/wp-json\/wp\/v2\/comments?post=15811"}],"wp:featuredmedia":[{"embeddable":true,"href":"https:\/\/www.makitamarket.com.tr\/site\/wp-json\/wp\/v2\/media\/15810"}],"wp:attachment":[{"href":"https:\/\/www.makitamarket.com.tr\/site\/wp-json\/wp\/v2\/media?parent=15811"}],"wp:term":[{"taxonomy":"product_brand","embeddable":true,"href":"https:\/\/www.makitamarket.com.tr\/site\/wp-json\/wp\/v2\/product_brand?post=15811"},{"taxonomy":"product_cat","embeddable":true,"href":"https:\/\/www.makitamarket.com.tr\/site\/wp-json\/wp\/v2\/product_cat?post=15811"},{"taxonomy":"product_tag","embeddable":true,"href":"https:\/\/www.makitamarket.com.tr\/site\/wp-json\/wp\/v2\/product_tag?post=15811"}],"curies":[{"name":"wp","href":"https:\/\/api.w.org\/{rel}","templated":true}]}}