{"id":15813,"date":"2024-11-28T19:52:40","date_gmt":"2024-11-28T16:52:40","guid":{"rendered":"https:\/\/www.makitamarket.com.tr\/site\/urun\/gison-yedek-havali-keski-ucu-sivri\/"},"modified":"2026-03-30T09:18:25","modified_gmt":"2026-03-30T06:18:25","slug":"gison-yedek-havali-keski-ucu-sivri","status":"publish","type":"product","link":"https:\/\/www.makitamarket.com.tr\/site\/urun\/gison-yedek-havali-keski-ucu-sivri\/","title":{"rendered":"Gison GP922031 YEDEK HAVALI KESK\u0130 UCU &#8211; S\u0130VR\u0130"},"content":{"rendered":"<table>\n<tr>\n<td>Tipi<\/td>\n<td>Sivri Keski<\/td>\n<\/tr>\n<tr>\n<td>Kulland\u0131\u011f\u0131 Makine<\/td>\n<td>GP-851E<\/td>\n<\/tr>\n<tr>\n<td>\u015eaft<\/td>\n<td>D\u00f6rtk\u00f6\u015fe Sapl\u0131<\/td>\n<\/tr>\n<\/table>\n","protected":false},"excerpt":{"rendered":"<p>Tipi Sivri Keski Kulland\u0131\u011f\u0131 Makine GP-851E \u015eaft D\u00f6rtk\u00f6\u015fe Sapl\u0131<\/p>\n","protected":false},"featured_media":15812,"comment_status":"open","ping_status":"closed","template":"","meta":{"_acf_changed":false},"product_brand":[1512],"product_cat":[936],"product_tag":[],"class_list":{"0":"post-15813","1":"product","2":"type-product","3":"status-publish","4":"has-post-thumbnail","6":"product_brand-gison","7":"product_cat-havali-keski-ve-kaziyicilar","9":"first","10":"instock","11":"taxable","12":"shipping-taxable","13":"purchasable","14":"product-type-simple","15":"add-to-wishlist-after_add_to_cart"},"acf":[],"_links":{"self":[{"href":"https:\/\/www.makitamarket.com.tr\/site\/wp-json\/wp\/v2\/product\/15813","targetHints":{"allow":["GET"]}}],"collection":[{"href":"https:\/\/www.makitamarket.com.tr\/site\/wp-json\/wp\/v2\/product"}],"about":[{"href":"https:\/\/www.makitamarket.com.tr\/site\/wp-json\/wp\/v2\/types\/product"}],"replies":[{"embeddable":true,"href":"https:\/\/www.makitamarket.com.tr\/site\/wp-json\/wp\/v2\/comments?post=15813"}],"wp:featuredmedia":[{"embeddable":true,"href":"https:\/\/www.makitamarket.com.tr\/site\/wp-json\/wp\/v2\/media\/15812"}],"wp:attachment":[{"href":"https:\/\/www.makitamarket.com.tr\/site\/wp-json\/wp\/v2\/media?parent=15813"}],"wp:term":[{"taxonomy":"product_brand","embeddable":true,"href":"https:\/\/www.makitamarket.com.tr\/site\/wp-json\/wp\/v2\/product_brand?post=15813"},{"taxonomy":"product_cat","embeddable":true,"href":"https:\/\/www.makitamarket.com.tr\/site\/wp-json\/wp\/v2\/product_cat?post=15813"},{"taxonomy":"product_tag","embeddable":true,"href":"https:\/\/www.makitamarket.com.tr\/site\/wp-json\/wp\/v2\/product_tag?post=15813"}],"curies":[{"name":"wp","href":"https:\/\/api.w.org\/{rel}","templated":true}]}}