{"id":15815,"date":"2024-11-28T19:52:41","date_gmt":"2024-11-28T16:52:41","guid":{"rendered":"https:\/\/www.makitamarket.com.tr\/site\/urun\/proxxon-elmas-testere-50-mm\/"},"modified":"2026-03-30T09:38:20","modified_gmt":"2026-03-30T06:38:20","slug":"proxxon-elmas-testere-50-mm","status":"publish","type":"product","link":"https:\/\/www.makitamarket.com.tr\/site\/urun\/proxxon-elmas-testere-50-mm\/","title":{"rendered":"Proxxon 28012 ELMAS TESTERE 50 mm"},"content":{"rendered":"<p>\n\t50mm \u00e7ap (10mm g\u00f6bek) 0,5mm kal\u0131nl\u0131kta seramik ve fiberglas levha i\u00e7in elmas tozu<\/p>\n<table><\/table>\n","protected":false},"excerpt":{"rendered":"<p>\n\t50mm \u00e7ap (10mm g\u00f6bek) 0,5mm kal\u0131nl\u0131kta seramik ve fiberglas levha i\u00e7in elmas tozu<\/p>\n","protected":false},"featured_media":16863,"comment_status":"open","ping_status":"closed","template":"","meta":{"_acf_changed":false},"product_brand":[1501],"product_cat":[926],"product_tag":[],"class_list":{"0":"post-15815","1":"product","2":"type-product","3":"status-publish","4":"has-post-thumbnail","6":"product_brand-proxxon","7":"product_cat-aksesuarlar-mikro-aletleri","9":"first","10":"outofstock","11":"taxable","12":"shipping-taxable","13":"purchasable","14":"product-type-simple","15":"add-to-wishlist-after_add_to_cart"},"acf":[],"_links":{"self":[{"href":"https:\/\/www.makitamarket.com.tr\/site\/wp-json\/wp\/v2\/product\/15815","targetHints":{"allow":["GET"]}}],"collection":[{"href":"https:\/\/www.makitamarket.com.tr\/site\/wp-json\/wp\/v2\/product"}],"about":[{"href":"https:\/\/www.makitamarket.com.tr\/site\/wp-json\/wp\/v2\/types\/product"}],"replies":[{"embeddable":true,"href":"https:\/\/www.makitamarket.com.tr\/site\/wp-json\/wp\/v2\/comments?post=15815"}],"wp:featuredmedia":[{"embeddable":true,"href":"https:\/\/www.makitamarket.com.tr\/site\/wp-json\/wp\/v2\/media\/16863"}],"wp:attachment":[{"href":"https:\/\/www.makitamarket.com.tr\/site\/wp-json\/wp\/v2\/media?parent=15815"}],"wp:term":[{"taxonomy":"product_brand","embeddable":true,"href":"https:\/\/www.makitamarket.com.tr\/site\/wp-json\/wp\/v2\/product_brand?post=15815"},{"taxonomy":"product_cat","embeddable":true,"href":"https:\/\/www.makitamarket.com.tr\/site\/wp-json\/wp\/v2\/product_cat?post=15815"},{"taxonomy":"product_tag","embeddable":true,"href":"https:\/\/www.makitamarket.com.tr\/site\/wp-json\/wp\/v2\/product_tag?post=15815"}],"curies":[{"name":"wp","href":"https:\/\/api.w.org\/{rel}","templated":true}]}}