{"id":15819,"date":"2024-11-28T19:52:42","date_gmt":"2024-11-28T16:52:42","guid":{"rendered":"https:\/\/www.makitamarket.com.tr\/site\/urun\/proxxon-endustriyel-acik-agiz-anahtar-34x36-mm\/"},"modified":"2026-04-06T15:30:48","modified_gmt":"2026-04-06T12:30:48","slug":"proxxon-endustriyel-acik-agiz-anahtar-34x36-mm","status":"publish","type":"product","link":"https:\/\/www.makitamarket.com.tr\/site\/urun\/proxxon-endustriyel-acik-agiz-anahtar-34x36-mm\/","title":{"rendered":"Proxxon End\u00fcstriyel 23864 A\u00c7IK A\u011eIZ ANAHTAR 34&#215;36 mm"},"content":{"rendered":"<table>\n<tr>\n<td>S1xS2<\/td>\n<td>34&#215;36 mm<\/td>\n<\/tr>\n<tr>\n<td>B1<\/td>\n<td>59<\/td>\n<\/tr>\n<tr>\n<td>B2<\/td>\n<td>79<\/td>\n<\/tr>\n<tr>\n<td>L<\/td>\n<td>320<\/td>\n<\/tr>\n<tr>\n<td>H<\/td>\n<td>15<\/td>\n<\/tr>\n<\/table>\n","protected":false},"excerpt":{"rendered":"<p>S1xS2 34&#215;36 mm B1 59 B2 79 L 320 H 15<\/p>\n","protected":false},"featured_media":15818,"comment_status":"open","ping_status":"closed","template":"","meta":{"_acf_changed":false},"product_brand":[1529],"product_cat":[978],"product_tag":[],"class_list":{"0":"post-15819","1":"product","2":"type-product","3":"status-publish","4":"has-post-thumbnail","6":"product_brand-proxxon-endustriyel","7":"product_cat-anahtarlar","9":"first","10":"instock","11":"taxable","12":"shipping-taxable","13":"purchasable","14":"product-type-simple","15":"add-to-wishlist-after_add_to_cart"},"acf":[],"_links":{"self":[{"href":"https:\/\/www.makitamarket.com.tr\/site\/wp-json\/wp\/v2\/product\/15819","targetHints":{"allow":["GET"]}}],"collection":[{"href":"https:\/\/www.makitamarket.com.tr\/site\/wp-json\/wp\/v2\/product"}],"about":[{"href":"https:\/\/www.makitamarket.com.tr\/site\/wp-json\/wp\/v2\/types\/product"}],"replies":[{"embeddable":true,"href":"https:\/\/www.makitamarket.com.tr\/site\/wp-json\/wp\/v2\/comments?post=15819"}],"wp:featuredmedia":[{"embeddable":true,"href":"https:\/\/www.makitamarket.com.tr\/site\/wp-json\/wp\/v2\/media\/15818"}],"wp:attachment":[{"href":"https:\/\/www.makitamarket.com.tr\/site\/wp-json\/wp\/v2\/media?parent=15819"}],"wp:term":[{"taxonomy":"product_brand","embeddable":true,"href":"https:\/\/www.makitamarket.com.tr\/site\/wp-json\/wp\/v2\/product_brand?post=15819"},{"taxonomy":"product_cat","embeddable":true,"href":"https:\/\/www.makitamarket.com.tr\/site\/wp-json\/wp\/v2\/product_cat?post=15819"},{"taxonomy":"product_tag","embeddable":true,"href":"https:\/\/www.makitamarket.com.tr\/site\/wp-json\/wp\/v2\/product_tag?post=15819"}],"curies":[{"name":"wp","href":"https:\/\/api.w.org\/{rel}","templated":true}]}}