{"id":15821,"date":"2024-11-28T19:52:42","date_gmt":"2024-11-28T16:52:42","guid":{"rendered":"https:\/\/www.makitamarket.com.tr\/site\/urun\/makita-zimpara-motoru-tasi-205x19x15-88-mm\/"},"modified":"2026-05-12T18:13:13","modified_gmt":"2026-05-12T15:13:13","slug":"makita-zimpara-motoru-tasi-205x19x15-88-mm","status":"publish","type":"product","link":"https:\/\/www.makitamarket.com.tr\/site\/urun\/makita-zimpara-motoru-tasi-205x19x15-88-mm\/","title":{"rendered":"Makita B-51954 ZIMPARA MOTORU TA\u015eI 205x19x15.88 mm"},"content":{"rendered":"<p>\n\tMetal z\u0131mparalama i\u015finde kullan\u0131l\u0131r.<\/p>\n<table>\n<tr>\n<td>Disk \u00c7ap\u0131<\/td>\n<td>205 mm<\/td>\n<\/tr>\n<tr>\n<td>Kal\u0131nl\u0131k<\/td>\n<td>19 mm<\/td>\n<\/tr>\n<tr>\n<td>G\u00f6bek \u00e7ap\u0131<\/td>\n<td>15.88 mm<\/td>\n<\/tr>\n<tr>\n<td>Kum<\/td>\n<td>A60P<\/td>\n<\/tr>\n<\/table>\n","protected":false},"excerpt":{"rendered":"<p>\n\tMetal z\u0131mparalama i\u015finde kullan\u0131l\u0131r.<\/p>\n","protected":false},"featured_media":16787,"comment_status":"open","ping_status":"closed","template":"","meta":{"_acf_changed":false},"product_brand":[1485],"product_cat":[1340],"product_tag":[],"class_list":{"0":"post-15821","1":"product","2":"type-product","3":"status-publish","4":"has-post-thumbnail","6":"product_brand-makita","7":"product_cat-zimpara-motoru-taslari","9":"first","10":"instock","11":"taxable","12":"shipping-taxable","13":"purchasable","14":"product-type-simple","15":"add-to-wishlist-after_add_to_cart"},"acf":[],"_links":{"self":[{"href":"https:\/\/www.makitamarket.com.tr\/site\/wp-json\/wp\/v2\/product\/15821","targetHints":{"allow":["GET"]}}],"collection":[{"href":"https:\/\/www.makitamarket.com.tr\/site\/wp-json\/wp\/v2\/product"}],"about":[{"href":"https:\/\/www.makitamarket.com.tr\/site\/wp-json\/wp\/v2\/types\/product"}],"replies":[{"embeddable":true,"href":"https:\/\/www.makitamarket.com.tr\/site\/wp-json\/wp\/v2\/comments?post=15821"}],"wp:featuredmedia":[{"embeddable":true,"href":"https:\/\/www.makitamarket.com.tr\/site\/wp-json\/wp\/v2\/media\/16787"}],"wp:attachment":[{"href":"https:\/\/www.makitamarket.com.tr\/site\/wp-json\/wp\/v2\/media?parent=15821"}],"wp:term":[{"taxonomy":"product_brand","embeddable":true,"href":"https:\/\/www.makitamarket.com.tr\/site\/wp-json\/wp\/v2\/product_brand?post=15821"},{"taxonomy":"product_cat","embeddable":true,"href":"https:\/\/www.makitamarket.com.tr\/site\/wp-json\/wp\/v2\/product_cat?post=15821"},{"taxonomy":"product_tag","embeddable":true,"href":"https:\/\/www.makitamarket.com.tr\/site\/wp-json\/wp\/v2\/product_tag?post=15821"}],"curies":[{"name":"wp","href":"https:\/\/api.w.org\/{rel}","templated":true}]}}