{"id":15822,"date":"2024-11-28T19:52:42","date_gmt":"2024-11-28T16:52:42","guid":{"rendered":"https:\/\/www.makitamarket.com.tr\/site\/urun\/makita-makita-d-06579-hss-g-10-0x133mm-5li-pkt\/"},"modified":"2026-04-13T21:21:42","modified_gmt":"2026-04-13T18:21:42","slug":"makita-makita-d-06579-hss-g-10-0x133mm-5li-pkt","status":"publish","type":"product","link":"https:\/\/www.makitamarket.com.tr\/site\/urun\/makita-makita-d-06579-hss-g-10-0x133mm-5li-pkt\/","title":{"rendered":"Makita D-06579 MAKITA D &#8211; 06579 HSS &#8211; G 10.0X133mm 5&#8217;L\u0130 PKT"},"content":{"rendered":"<table>\n<tr>\n<td>Matkap \u00c7ap\u0131<\/td>\n<td>10<\/td>\n<\/tr>\n<tr>\n<td>Matkap Boyu<\/td>\n<td>133<\/td>\n<\/tr>\n<tr>\n<td>\u00c7al\u0131\u015fma Uzunlu\u011fu<\/td>\n<td>87<\/td>\n<\/tr>\n<tr>\n<td>\u00c7ap<\/td>\n<td>10.0 mm<\/td>\n<\/tr>\n<tr>\n<td>Uzunluk<\/td>\n<td>133 mm<\/td>\n<\/tr>\n<tr>\n<td>\u00c7al\u0131\u015fma Uzunlu\u011fu<\/td>\n<td>87 mm<\/td>\n<\/tr>\n<tr>\n<td>Ambalaj \u0130\u00e7eri\u011fi<\/td>\n<td>5 Adet<\/td>\n<\/tr>\n<\/table>\n","protected":false},"excerpt":{"rendered":"<p>Matkap \u00c7ap\u0131 10 Matkap Boyu 133 \u00c7al\u0131\u015fma Uzunlu\u011fu 87 \u00c7ap 10.0 mm Uzunluk 133 mm \u00c7al\u0131\u015fma Uzunlu\u011fu 87 mm Ambalaj \u0130\u00e7eri\u011fi 5 Adet<\/p>\n","protected":false},"featured_media":0,"comment_status":"open","ping_status":"closed","template":"","meta":{"_acf_changed":false},"product_brand":[1485],"product_cat":[1064],"product_tag":[],"class_list":{"0":"post-15822","1":"product","2":"type-product","3":"status-publish","5":"product_brand-makita","6":"product_cat-metal-delme-uclari","8":"first","9":"instock","10":"taxable","11":"shipping-taxable","12":"purchasable","13":"product-type-simple","14":"add-to-wishlist-after_add_to_cart"},"acf":[],"_links":{"self":[{"href":"https:\/\/www.makitamarket.com.tr\/site\/wp-json\/wp\/v2\/product\/15822","targetHints":{"allow":["GET"]}}],"collection":[{"href":"https:\/\/www.makitamarket.com.tr\/site\/wp-json\/wp\/v2\/product"}],"about":[{"href":"https:\/\/www.makitamarket.com.tr\/site\/wp-json\/wp\/v2\/types\/product"}],"replies":[{"embeddable":true,"href":"https:\/\/www.makitamarket.com.tr\/site\/wp-json\/wp\/v2\/comments?post=15822"}],"wp:attachment":[{"href":"https:\/\/www.makitamarket.com.tr\/site\/wp-json\/wp\/v2\/media?parent=15822"}],"wp:term":[{"taxonomy":"product_brand","embeddable":true,"href":"https:\/\/www.makitamarket.com.tr\/site\/wp-json\/wp\/v2\/product_brand?post=15822"},{"taxonomy":"product_cat","embeddable":true,"href":"https:\/\/www.makitamarket.com.tr\/site\/wp-json\/wp\/v2\/product_cat?post=15822"},{"taxonomy":"product_tag","embeddable":true,"href":"https:\/\/www.makitamarket.com.tr\/site\/wp-json\/wp\/v2\/product_tag?post=15822"}],"curies":[{"name":"wp","href":"https:\/\/api.w.org\/{rel}","templated":true}]}}