{"id":15835,"date":"2024-11-28T19:52:49","date_gmt":"2024-11-28T16:52:49","guid":{"rendered":"https:\/\/www.makitamarket.com.tr\/site\/urun\/proxxon-endustriyel-vde-izoleli-duz-tornavida-5-5-mm\/"},"modified":"2026-04-06T15:30:56","modified_gmt":"2026-04-06T12:30:56","slug":"proxxon-endustriyel-vde-izoleli-duz-tornavida-5-5-mm","status":"publish","type":"product","link":"https:\/\/www.makitamarket.com.tr\/site\/urun\/proxxon-endustriyel-vde-izoleli-duz-tornavida-5-5-mm\/","title":{"rendered":"Proxxon End\u00fcstriyel 22306 VDE \u0130ZOLEL\u0130 D\u00dcZ TORNAV\u0130DA 5.5 mm"},"content":{"rendered":"<table>\n<tr>\n<td>U\u00e7 Geni\u015fli\u011fi<\/td>\n<td>5,5<\/td>\n<\/tr>\n<tr>\n<td>U\u00e7 Kal\u0131nl\u0131\u011f\u0131<\/td>\n<td>1<\/td>\n<\/tr>\n<tr>\n<td>U\u00e7 uzunlu\u011fu<\/td>\n<td>125<\/td>\n<\/tr>\n<tr>\n<td>Uzunluk<\/td>\n<td>225 mm<\/td>\n<\/tr>\n<\/table>\n","protected":false},"excerpt":{"rendered":"<p>U\u00e7 Geni\u015fli\u011fi 5,5 U\u00e7 Kal\u0131nl\u0131\u011f\u0131 1 U\u00e7 uzunlu\u011fu 125 Uzunluk 225 mm<\/p>\n","protected":false},"featured_media":15834,"comment_status":"open","ping_status":"closed","template":"","meta":{"_acf_changed":false},"product_brand":[1529],"product_cat":[794],"product_tag":[],"class_list":{"0":"post-15835","1":"product","2":"type-product","3":"status-publish","4":"has-post-thumbnail","6":"product_brand-proxxon-endustriyel","7":"product_cat-izoleli-tornavidalar","9":"first","10":"instock","11":"taxable","12":"shipping-taxable","13":"purchasable","14":"product-type-simple","15":"add-to-wishlist-after_add_to_cart"},"acf":[],"_links":{"self":[{"href":"https:\/\/www.makitamarket.com.tr\/site\/wp-json\/wp\/v2\/product\/15835","targetHints":{"allow":["GET"]}}],"collection":[{"href":"https:\/\/www.makitamarket.com.tr\/site\/wp-json\/wp\/v2\/product"}],"about":[{"href":"https:\/\/www.makitamarket.com.tr\/site\/wp-json\/wp\/v2\/types\/product"}],"replies":[{"embeddable":true,"href":"https:\/\/www.makitamarket.com.tr\/site\/wp-json\/wp\/v2\/comments?post=15835"}],"wp:featuredmedia":[{"embeddable":true,"href":"https:\/\/www.makitamarket.com.tr\/site\/wp-json\/wp\/v2\/media\/15834"}],"wp:attachment":[{"href":"https:\/\/www.makitamarket.com.tr\/site\/wp-json\/wp\/v2\/media?parent=15835"}],"wp:term":[{"taxonomy":"product_brand","embeddable":true,"href":"https:\/\/www.makitamarket.com.tr\/site\/wp-json\/wp\/v2\/product_brand?post=15835"},{"taxonomy":"product_cat","embeddable":true,"href":"https:\/\/www.makitamarket.com.tr\/site\/wp-json\/wp\/v2\/product_cat?post=15835"},{"taxonomy":"product_tag","embeddable":true,"href":"https:\/\/www.makitamarket.com.tr\/site\/wp-json\/wp\/v2\/product_tag?post=15835"}],"curies":[{"name":"wp","href":"https:\/\/api.w.org\/{rel}","templated":true}]}}