{"id":15842,"date":"2024-11-28T19:52:52","date_gmt":"2024-11-28T16:52:52","guid":{"rendered":"https:\/\/www.makitamarket.com.tr\/site\/urun\/lightorch-sarj-edilebilir-uzatilabilir-calisma-lambasi-ve-el-feneri\/"},"modified":"2026-03-30T09:18:32","modified_gmt":"2026-03-30T06:18:32","slug":"lightorch-sarj-edilebilir-uzatilabilir-calisma-lambasi-ve-el-feneri","status":"publish","type":"product","link":"https:\/\/www.makitamarket.com.tr\/site\/urun\/lightorch-sarj-edilebilir-uzatilabilir-calisma-lambasi-ve-el-feneri\/","title":{"rendered":"Lightorch LT03148 \u015eARJ ED\u0130LEB\u0130L\u0130R UZATILAB\u0130L\u0130R \u00c7ALI\u015eMA LAMBASI VE EL FENER\u0130"},"content":{"rendered":"<table>\n<tr>\n<td>Ayd\u0131nlatma \u015eiddeti<\/td>\n<td>60, 200 L\u00fcmen<\/td>\n<\/tr>\n<tr>\n<td>Ayd\u0131nlatma Mesafesi<\/td>\n<td>60, 15 Metre<\/td>\n<\/tr>\n<tr>\n<td>LED<\/td>\n<td>12&#215;0.2W + 6&#215;0.06W<\/td>\n<\/tr>\n<tr>\n<td>Tam \u015earjda Kullan\u0131m<\/td>\n<td>5, 3 Saat<\/td>\n<\/tr>\n<tr>\n<td>Batarya<\/td>\n<td>Lithium-Ion \u015farj  edilebilir<\/td>\n<\/tr>\n<tr>\n<td>\u015earj Kablosu<\/td>\n<td>220V Priz \u015farj\u0131<\/td>\n<\/tr>\n<tr>\n<td>Uzayabilir G\u00f6vde<\/td>\n<td>\u221a<\/td>\n<\/tr>\n<tr>\n<td>M\u0131knat\u0131sl\u0131 Taban<\/td>\n<td>\u221a<\/td>\n<\/tr>\n<tr>\n<td>G\u00f6vde Uzunlu\u011fu<\/td>\n<td>25,3 cm<\/td>\n<\/tr>\n<tr>\n<td>Paket \u0130\u00e7i Adedi<\/td>\n<td>4<\/td>\n<\/tr>\n<tr>\n<td>Koli \u0130\u00e7i Adedi<\/td>\n<td>12<\/td>\n<\/tr>\n<\/table>\n","protected":false},"excerpt":{"rendered":"<p>Ayd\u0131nlatma \u015eiddeti 60, 200 L\u00fcmen Ayd\u0131nlatma Mesafesi 60, 15 Metre LED 12&#215;0.2W + 6&#215;0.06W Tam \u015earjda Kullan\u0131m 5, 3 Saat Batarya Lithium-Ion \u015farj edilebilir \u015earj Kablosu 220V Priz \u015farj\u0131 Uzayabilir<\/p>\n","protected":false},"featured_media":15841,"comment_status":"open","ping_status":"closed","template":"","meta":{"_acf_changed":false},"product_brand":[1556],"product_cat":[1339],"product_tag":[],"class_list":{"0":"post-15842","1":"product","2":"type-product","3":"status-publish","4":"has-post-thumbnail","6":"product_brand-lightorch","7":"product_cat-sarjli-el-fenerleri","9":"first","10":"instock","11":"taxable","12":"shipping-taxable","13":"purchasable","14":"product-type-simple","15":"add-to-wishlist-after_add_to_cart"},"acf":[],"_links":{"self":[{"href":"https:\/\/www.makitamarket.com.tr\/site\/wp-json\/wp\/v2\/product\/15842","targetHints":{"allow":["GET"]}}],"collection":[{"href":"https:\/\/www.makitamarket.com.tr\/site\/wp-json\/wp\/v2\/product"}],"about":[{"href":"https:\/\/www.makitamarket.com.tr\/site\/wp-json\/wp\/v2\/types\/product"}],"replies":[{"embeddable":true,"href":"https:\/\/www.makitamarket.com.tr\/site\/wp-json\/wp\/v2\/comments?post=15842"}],"wp:featuredmedia":[{"embeddable":true,"href":"https:\/\/www.makitamarket.com.tr\/site\/wp-json\/wp\/v2\/media\/15841"}],"wp:attachment":[{"href":"https:\/\/www.makitamarket.com.tr\/site\/wp-json\/wp\/v2\/media?parent=15842"}],"wp:term":[{"taxonomy":"product_brand","embeddable":true,"href":"https:\/\/www.makitamarket.com.tr\/site\/wp-json\/wp\/v2\/product_brand?post=15842"},{"taxonomy":"product_cat","embeddable":true,"href":"https:\/\/www.makitamarket.com.tr\/site\/wp-json\/wp\/v2\/product_cat?post=15842"},{"taxonomy":"product_tag","embeddable":true,"href":"https:\/\/www.makitamarket.com.tr\/site\/wp-json\/wp\/v2\/product_tag?post=15842"}],"curies":[{"name":"wp","href":"https:\/\/api.w.org\/{rel}","templated":true}]}}