{"id":15850,"date":"2024-11-28T19:52:55","date_gmt":"2024-11-28T16:52:55","guid":{"rendered":"https:\/\/www.makitamarket.com.tr\/site\/urun\/cora-cora-ab17s-boya-tabancasi-1-4-mm\/"},"modified":"2026-04-06T15:31:02","modified_gmt":"2026-04-06T12:31:02","slug":"cora-cora-ab17s-boya-tabancasi-1-4-mm","status":"publish","type":"product","link":"https:\/\/www.makitamarket.com.tr\/site\/urun\/cora-cora-ab17s-boya-tabancasi-1-4-mm\/","title":{"rendered":"Cora AB17S-1.4MM CORA AB17S BOYA TABANCASI 1.4 MM"},"content":{"rendered":"<table>\n<tr>\n<td>Hava Bas\u0131nc\u0131 (bar-psi)<\/td>\n<td>3,5-43<\/td>\n<\/tr>\n<tr>\n<td>Depo Kapasitesi<\/td>\n<td>1000 ml<\/td>\n<\/tr>\n<tr>\n<td>Hava Giri\u015fi<\/td>\n<td>G1\/4&#8243; G1\/4&#8243;<\/td>\n<\/tr>\n<tr>\n<td>Nozul<\/td>\n<td>1.4 mm<\/td>\n<\/tr>\n<\/table>\n","protected":false},"excerpt":{"rendered":"<p>Hava Bas\u0131nc\u0131 (bar-psi) 3,5-43 Depo Kapasitesi 1000 ml Hava Giri\u015fi G1\/4&#8243; G1\/4&#8243; Nozul 1.4 mm<\/p>\n","protected":false},"featured_media":15849,"comment_status":"open","ping_status":"closed","template":"","meta":{"_acf_changed":false},"product_brand":[1533],"product_cat":[1320],"product_tag":[],"class_list":{"0":"post-15850","1":"product","2":"type-product","3":"status-publish","4":"has-post-thumbnail","6":"product_brand-cora","7":"product_cat-boya-tabancalari","9":"first","10":"instock","11":"taxable","12":"shipping-taxable","13":"purchasable","14":"product-type-simple","15":"add-to-wishlist-after_add_to_cart"},"acf":[],"_links":{"self":[{"href":"https:\/\/www.makitamarket.com.tr\/site\/wp-json\/wp\/v2\/product\/15850","targetHints":{"allow":["GET"]}}],"collection":[{"href":"https:\/\/www.makitamarket.com.tr\/site\/wp-json\/wp\/v2\/product"}],"about":[{"href":"https:\/\/www.makitamarket.com.tr\/site\/wp-json\/wp\/v2\/types\/product"}],"replies":[{"embeddable":true,"href":"https:\/\/www.makitamarket.com.tr\/site\/wp-json\/wp\/v2\/comments?post=15850"}],"wp:featuredmedia":[{"embeddable":true,"href":"https:\/\/www.makitamarket.com.tr\/site\/wp-json\/wp\/v2\/media\/15849"}],"wp:attachment":[{"href":"https:\/\/www.makitamarket.com.tr\/site\/wp-json\/wp\/v2\/media?parent=15850"}],"wp:term":[{"taxonomy":"product_brand","embeddable":true,"href":"https:\/\/www.makitamarket.com.tr\/site\/wp-json\/wp\/v2\/product_brand?post=15850"},{"taxonomy":"product_cat","embeddable":true,"href":"https:\/\/www.makitamarket.com.tr\/site\/wp-json\/wp\/v2\/product_cat?post=15850"},{"taxonomy":"product_tag","embeddable":true,"href":"https:\/\/www.makitamarket.com.tr\/site\/wp-json\/wp\/v2\/product_tag?post=15850"}],"curies":[{"name":"wp","href":"https:\/\/api.w.org\/{rel}","templated":true}]}}