{"id":15857,"date":"2024-11-28T19:52:58","date_gmt":"2024-11-28T16:52:58","guid":{"rendered":"https:\/\/www.makitamarket.com.tr\/site\/urun\/maxgarden-epoksi-kapli-bitki-sokucu-14-1-4\/"},"modified":"2025-07-11T21:28:06","modified_gmt":"2025-07-11T18:28:06","slug":"maxgarden-epoksi-kapli-bitki-sokucu-14-1-4","status":"publish","type":"product","link":"https:\/\/www.makitamarket.com.tr\/site\/urun\/maxgarden-epoksi-kapli-bitki-sokucu-14-1-4\/","title":{"rendered":"Maxgarden MAX607239 EPOKS\u0130 KAPLI B\u0130TK\u0130 S\u00d6K\u00dcC\u00dc 14 &#8211; 1\/4&#8243;"},"content":{"rendered":"<p>\n\tPaket \/ Koli Adedi : 10 \/ 50\u00a0<\/p>\n<table><\/table>\n","protected":false},"excerpt":{"rendered":"<p>\n\tPaket \/ Koli Adedi : 10 \/ 50\u00a0<\/p>\n","protected":false},"featured_media":15856,"comment_status":"open","ping_status":"closed","template":"","meta":{"_acf_changed":false},"product_brand":[],"product_cat":[1166],"product_tag":[],"class_list":{"0":"post-15857","1":"product","2":"type-product","3":"status-publish","4":"has-post-thumbnail","6":"product_cat-bahce-el-aletleri","8":"first","9":"instock","10":"taxable","11":"shipping-taxable","12":"purchasable","13":"product-type-simple","14":"add-to-wishlist-after_add_to_cart"},"acf":[],"_links":{"self":[{"href":"https:\/\/www.makitamarket.com.tr\/site\/wp-json\/wp\/v2\/product\/15857","targetHints":{"allow":["GET"]}}],"collection":[{"href":"https:\/\/www.makitamarket.com.tr\/site\/wp-json\/wp\/v2\/product"}],"about":[{"href":"https:\/\/www.makitamarket.com.tr\/site\/wp-json\/wp\/v2\/types\/product"}],"replies":[{"embeddable":true,"href":"https:\/\/www.makitamarket.com.tr\/site\/wp-json\/wp\/v2\/comments?post=15857"}],"wp:featuredmedia":[{"embeddable":true,"href":"https:\/\/www.makitamarket.com.tr\/site\/wp-json\/wp\/v2\/media\/15856"}],"wp:attachment":[{"href":"https:\/\/www.makitamarket.com.tr\/site\/wp-json\/wp\/v2\/media?parent=15857"}],"wp:term":[{"taxonomy":"product_brand","embeddable":true,"href":"https:\/\/www.makitamarket.com.tr\/site\/wp-json\/wp\/v2\/product_brand?post=15857"},{"taxonomy":"product_cat","embeddable":true,"href":"https:\/\/www.makitamarket.com.tr\/site\/wp-json\/wp\/v2\/product_cat?post=15857"},{"taxonomy":"product_tag","embeddable":true,"href":"https:\/\/www.makitamarket.com.tr\/site\/wp-json\/wp\/v2\/product_tag?post=15857"}],"curies":[{"name":"wp","href":"https:\/\/api.w.org\/{rel}","templated":true}]}}