{"id":15864,"date":"2024-11-28T19:53:00","date_gmt":"2024-11-28T16:53:00","guid":{"rendered":"https:\/\/www.makitamarket.com.tr\/site\/urun\/turcoboor-turcoboor-ttm14-hss-silindirik-matkap-ucu\/"},"modified":"2026-04-13T21:22:40","modified_gmt":"2026-04-13T18:22:40","slug":"turcoboor-turcoboor-ttm14-hss-silindirik-matkap-ucu","status":"publish","type":"product","link":"https:\/\/www.makitamarket.com.tr\/site\/urun\/turcoboor-turcoboor-ttm14-hss-silindirik-matkap-ucu\/","title":{"rendered":"Turcoboor TURCOTTM14 TURCOBOOR TTM14 HSS S\u0130L\u0130ND\u0130R\u0130K MATKAP UCU"},"content":{"rendered":"<table><\/table>\n","protected":false},"excerpt":{"rendered":"","protected":false},"featured_media":0,"comment_status":"open","ping_status":"closed","template":"","meta":{"_acf_changed":false},"product_brand":[1506],"product_cat":[801],"product_tag":[],"class_list":{"0":"post-15864","1":"product","2":"type-product","3":"status-publish","5":"product_brand-turcoboor","6":"product_cat-aksesuarlar-matkaplar","8":"first","9":"outofstock","10":"taxable","11":"shipping-taxable","12":"purchasable","13":"product-type-simple","14":"add-to-wishlist-after_add_to_cart"},"acf":[],"_links":{"self":[{"href":"https:\/\/www.makitamarket.com.tr\/site\/wp-json\/wp\/v2\/product\/15864","targetHints":{"allow":["GET"]}}],"collection":[{"href":"https:\/\/www.makitamarket.com.tr\/site\/wp-json\/wp\/v2\/product"}],"about":[{"href":"https:\/\/www.makitamarket.com.tr\/site\/wp-json\/wp\/v2\/types\/product"}],"replies":[{"embeddable":true,"href":"https:\/\/www.makitamarket.com.tr\/site\/wp-json\/wp\/v2\/comments?post=15864"}],"wp:attachment":[{"href":"https:\/\/www.makitamarket.com.tr\/site\/wp-json\/wp\/v2\/media?parent=15864"}],"wp:term":[{"taxonomy":"product_brand","embeddable":true,"href":"https:\/\/www.makitamarket.com.tr\/site\/wp-json\/wp\/v2\/product_brand?post=15864"},{"taxonomy":"product_cat","embeddable":true,"href":"https:\/\/www.makitamarket.com.tr\/site\/wp-json\/wp\/v2\/product_cat?post=15864"},{"taxonomy":"product_tag","embeddable":true,"href":"https:\/\/www.makitamarket.com.tr\/site\/wp-json\/wp\/v2\/product_tag?post=15864"}],"curies":[{"name":"wp","href":"https:\/\/api.w.org\/{rel}","templated":true}]}}