{"id":15895,"date":"2024-11-28T19:53:10","date_gmt":"2024-11-28T16:53:10","guid":{"rendered":"https:\/\/www.makitamarket.com.tr\/site\/urun\/nikon-flansli-mob-zimpara-40-kum\/"},"modified":"2025-11-16T08:37:22","modified_gmt":"2025-11-16T05:37:22","slug":"nikon-flansli-mob-zimpara-40-kum","status":"publish","type":"product","link":"https:\/\/www.makitamarket.com.tr\/site\/urun\/nikon-flansli-mob-zimpara-40-kum\/","title":{"rendered":"Nikon N32901 FLAN\u015eLI MOB ZIMPARA 40 KUM"},"content":{"rendered":"<p>\n\t<strong>Al\u00fcminyum Oksit<\/strong>\u00a0a\u015f\u0131nd\u0131r\u0131c\u0131 uygulamas\u0131na tabidir. Inox, Al\u00fcminyum ve Sert Metal malzemelerin polisajlama i\u015flerinde kullan\u0131l\u0131r. Kullan\u0131lan y\u00fczeyde zedeleme yapmadan temiz malzeme elde edilir.\u00a0<\/p>\n<table>\n<tr>\n<td>Kum<\/td>\n<td>40<\/td>\n<\/tr>\n<tr>\n<td>\u00d6l\u00e7\u00fcs\u00fc<\/td>\n<td>165x50x45 mm<\/td>\n<\/tr>\n<\/table>\n","protected":false},"excerpt":{"rendered":"<p>\n\t<strong>Al\u00fcminyum Oksit<\/strong>\u00a0a\u015f\u0131nd\u0131r\u0131c\u0131 uygulamas\u0131na tabidir. Inox, Al\u00fcminyum ve Sert Metal malzemelerin polisajlama i\u015flerinde kullan\u0131l\u0131r. Kullan\u0131lan y\u00fczeyde zedeleme yapmadan temiz malzeme elde edilir.\u00a0<\/p>\n","protected":false},"featured_media":15894,"comment_status":"open","ping_status":"closed","template":"","meta":{"_acf_changed":false},"product_brand":[1518],"product_cat":[1222],"product_tag":[],"class_list":{"0":"post-15895","1":"product","2":"type-product","3":"status-publish","4":"has-post-thumbnail","6":"product_brand-nikon","7":"product_cat-flansli-mop-zimparalar","9":"first","10":"outofstock","11":"taxable","12":"shipping-taxable","13":"purchasable","14":"product-type-simple","15":"add-to-wishlist-after_add_to_cart"},"acf":[],"_links":{"self":[{"href":"https:\/\/www.makitamarket.com.tr\/site\/wp-json\/wp\/v2\/product\/15895","targetHints":{"allow":["GET"]}}],"collection":[{"href":"https:\/\/www.makitamarket.com.tr\/site\/wp-json\/wp\/v2\/product"}],"about":[{"href":"https:\/\/www.makitamarket.com.tr\/site\/wp-json\/wp\/v2\/types\/product"}],"replies":[{"embeddable":true,"href":"https:\/\/www.makitamarket.com.tr\/site\/wp-json\/wp\/v2\/comments?post=15895"}],"wp:featuredmedia":[{"embeddable":true,"href":"https:\/\/www.makitamarket.com.tr\/site\/wp-json\/wp\/v2\/media\/15894"}],"wp:attachment":[{"href":"https:\/\/www.makitamarket.com.tr\/site\/wp-json\/wp\/v2\/media?parent=15895"}],"wp:term":[{"taxonomy":"product_brand","embeddable":true,"href":"https:\/\/www.makitamarket.com.tr\/site\/wp-json\/wp\/v2\/product_brand?post=15895"},{"taxonomy":"product_cat","embeddable":true,"href":"https:\/\/www.makitamarket.com.tr\/site\/wp-json\/wp\/v2\/product_cat?post=15895"},{"taxonomy":"product_tag","embeddable":true,"href":"https:\/\/www.makitamarket.com.tr\/site\/wp-json\/wp\/v2\/product_tag?post=15895"}],"curies":[{"name":"wp","href":"https:\/\/api.w.org\/{rel}","templated":true}]}}