{"id":15909,"date":"2024-11-28T19:53:13","date_gmt":"2024-11-28T16:53:13","guid":{"rendered":"https:\/\/www.makitamarket.com.tr\/site\/urun\/euromax-ex75121-icin-yedek-bicak-25-mm\/"},"modified":"2026-04-06T15:32:07","modified_gmt":"2026-04-06T12:32:07","slug":"euromax-ex75121-icin-yedek-bicak-25-mm","status":"publish","type":"product","link":"https:\/\/www.makitamarket.com.tr\/site\/urun\/euromax-ex75121-icin-yedek-bicak-25-mm\/","title":{"rendered":"Euromax EX75127 EX75121 \u0130\u00c7\u0130N YEDEK BI\u00c7AK 25 mm"},"content":{"rendered":"<table>\n<tr>\n<td>Tipi<\/td>\n<td>A Tip<\/td>\n<\/tr>\n<tr>\n<td>Uyumlu Makine<\/td>\n<td>EX75121<\/td>\n<\/tr>\n<tr>\n<td>Kaz\u0131ma Geni\u015fli\u011fi<\/td>\n<td>25 mm.<\/td>\n<\/tr>\n<tr>\n<td>Kaz\u0131ma Derinli\u011fi<\/td>\n<td>15-25 mm.<\/td>\n<\/tr>\n<\/table>\n","protected":false},"excerpt":{"rendered":"<p>Tipi A Tip Uyumlu Makine EX75121 Kaz\u0131ma Geni\u015fli\u011fi 25 mm. Kaz\u0131ma Derinli\u011fi 15-25 mm.<\/p>\n","protected":false},"featured_media":15908,"comment_status":"open","ping_status":"closed","template":"","meta":{"_acf_changed":false},"product_brand":[1513],"product_cat":[965],"product_tag":[],"class_list":{"0":"post-15909","1":"product","2":"type-product","3":"status-publish","4":"has-post-thumbnail","6":"product_brand-euromax","7":"product_cat-kanal-acma-makinalari","9":"first","10":"instock","11":"taxable","12":"shipping-taxable","13":"purchasable","14":"product-type-simple","15":"add-to-wishlist-after_add_to_cart"},"acf":[],"_links":{"self":[{"href":"https:\/\/www.makitamarket.com.tr\/site\/wp-json\/wp\/v2\/product\/15909","targetHints":{"allow":["GET"]}}],"collection":[{"href":"https:\/\/www.makitamarket.com.tr\/site\/wp-json\/wp\/v2\/product"}],"about":[{"href":"https:\/\/www.makitamarket.com.tr\/site\/wp-json\/wp\/v2\/types\/product"}],"replies":[{"embeddable":true,"href":"https:\/\/www.makitamarket.com.tr\/site\/wp-json\/wp\/v2\/comments?post=15909"}],"wp:featuredmedia":[{"embeddable":true,"href":"https:\/\/www.makitamarket.com.tr\/site\/wp-json\/wp\/v2\/media\/15908"}],"wp:attachment":[{"href":"https:\/\/www.makitamarket.com.tr\/site\/wp-json\/wp\/v2\/media?parent=15909"}],"wp:term":[{"taxonomy":"product_brand","embeddable":true,"href":"https:\/\/www.makitamarket.com.tr\/site\/wp-json\/wp\/v2\/product_brand?post=15909"},{"taxonomy":"product_cat","embeddable":true,"href":"https:\/\/www.makitamarket.com.tr\/site\/wp-json\/wp\/v2\/product_cat?post=15909"},{"taxonomy":"product_tag","embeddable":true,"href":"https:\/\/www.makitamarket.com.tr\/site\/wp-json\/wp\/v2\/product_tag?post=15909"}],"curies":[{"name":"wp","href":"https:\/\/api.w.org\/{rel}","templated":true}]}}