{"id":15964,"date":"2024-11-28T19:53:37","date_gmt":"2024-11-28T16:53:37","guid":{"rendered":"https:\/\/www.makitamarket.com.tr\/site\/urun\/bmi-bmi-689150-aluminyum-su-terazisi-150cm\/"},"modified":"2026-03-30T09:20:35","modified_gmt":"2026-03-30T06:20:35","slug":"bmi-bmi-689150-aluminyum-su-terazisi-150cm","status":"publish","type":"product","link":"https:\/\/www.makitamarket.com.tr\/site\/urun\/bmi-bmi-689150-aluminyum-su-terazisi-150cm\/","title":{"rendered":"Bmi 689 150 BMI 689150 AL\u00dcM\u0130NYUM SU TERAZ\u0130S\u0130 150cm"},"content":{"rendered":"<div>\n\t<span dir=\"ltr\" role=\"presentation\" style=\"left: 112.23px; top: 441.532px; font-size: 10px; font-family: sans-serif; transform: scaleX(0.873577);\">Ekonomik seri al\u00fcminyum terazi, dayan\u203akl\u203a ve p\u00fcr\u00fczs\u00fcz al\u00fcminyum profile sahiptir.<\/span><br role=\"presentation\" \/><br \/>\n\t<span dir=\"ltr\" role=\"presentation\" style=\"left: 112.23px; top: 452.362px; font-size: 10px; font-family: sans-serif; transform: scaleX(0.891467);\">Normal konumda terazileme hassasiyeti 1mm\/m<\/span><\/div>\n<table>\n<tr>\n<td>Uzunluk<\/td>\n<td>150cm<\/td>\n<\/tr>\n<\/table>\n","protected":false},"excerpt":{"rendered":"<div>\n\t<span dir=\"ltr\" role=\"presentation\" style=\"left: 112.23px; top: 441.532px; font-size: 10px; font-family: sans-serif; transform: scaleX(0.873577);\">Ekonomik seri al\u00fcminyum terazi, dayan\u203akl\u203a ve p\u00fcr\u00fczs\u00fcz al\u00fcminyum profile sahiptir.<\/span><br role=\"presentation\" \/><br \/>\n\t<span dir=\"ltr\" role=\"presentation\" style=\"left: 112.23px; top: 452.362px; font-size: 10px; font-family: sans-serif; transform: scaleX(0.891467);\">Normal konumda terazileme hassasiyeti 1mm\/m<\/span><\/div>\n","protected":false},"featured_media":15963,"comment_status":"open","ping_status":"closed","template":"","meta":{"_acf_changed":false},"product_brand":[1522],"product_cat":[974],"product_tag":[],"class_list":{"0":"post-15964","1":"product","2":"type-product","3":"status-publish","4":"has-post-thumbnail","6":"product_brand-bmi","7":"product_cat-su-terazileri","9":"first","10":"instock","11":"taxable","12":"shipping-taxable","13":"purchasable","14":"product-type-simple","15":"add-to-wishlist-after_add_to_cart"},"acf":[],"_links":{"self":[{"href":"https:\/\/www.makitamarket.com.tr\/site\/wp-json\/wp\/v2\/product\/15964","targetHints":{"allow":["GET"]}}],"collection":[{"href":"https:\/\/www.makitamarket.com.tr\/site\/wp-json\/wp\/v2\/product"}],"about":[{"href":"https:\/\/www.makitamarket.com.tr\/site\/wp-json\/wp\/v2\/types\/product"}],"replies":[{"embeddable":true,"href":"https:\/\/www.makitamarket.com.tr\/site\/wp-json\/wp\/v2\/comments?post=15964"}],"wp:featuredmedia":[{"embeddable":true,"href":"https:\/\/www.makitamarket.com.tr\/site\/wp-json\/wp\/v2\/media\/15963"}],"wp:attachment":[{"href":"https:\/\/www.makitamarket.com.tr\/site\/wp-json\/wp\/v2\/media?parent=15964"}],"wp:term":[{"taxonomy":"product_brand","embeddable":true,"href":"https:\/\/www.makitamarket.com.tr\/site\/wp-json\/wp\/v2\/product_brand?post=15964"},{"taxonomy":"product_cat","embeddable":true,"href":"https:\/\/www.makitamarket.com.tr\/site\/wp-json\/wp\/v2\/product_cat?post=15964"},{"taxonomy":"product_tag","embeddable":true,"href":"https:\/\/www.makitamarket.com.tr\/site\/wp-json\/wp\/v2\/product_tag?post=15964"}],"curies":[{"name":"wp","href":"https:\/\/api.w.org\/{rel}","templated":true}]}}