{"id":16014,"date":"2024-11-28T19:53:57","date_gmt":"2024-11-28T16:53:57","guid":{"rendered":"https:\/\/www.makitamarket.com.tr\/site\/urun\/nikon-aluminyum-oksit-cirtli-6-delikli-film-disk-zimpara-150-mm-120-kum\/"},"modified":"2025-11-16T08:46:34","modified_gmt":"2025-11-16T05:46:34","slug":"nikon-aluminyum-oksit-cirtli-6-delikli-film-disk-zimpara-150-mm-120-kum","status":"publish","type":"product","link":"https:\/\/www.makitamarket.com.tr\/site\/urun\/nikon-aluminyum-oksit-cirtli-6-delikli-film-disk-zimpara-150-mm-120-kum\/","title":{"rendered":"Nikon N52048 AL\u00dcM\u0130NYUM OKS\u0130T CIRTLI 6 DEL\u0130KL\u0130 F\u0130LM D\u0130SK ZIMPARA 150 mm 120 KUM"},"content":{"rendered":"<p>\n\t<span style=\"color:#f00;\"><strong>Kullan\u0131m Alan\u0131:<\/strong><\/span> Esnek yap\u0131s\u0131ndan dolay\u0131 katland\u0131\u011f\u0131nda k\u0131r\u0131lmaz ve uzun \u00f6m\u00fcrl\u00fcd\u00fcr. P\u00fcr\u00fczs\u00fcz z\u0131mparalama ve parlatma i\u015flerinde kullan\u0131l\u0131r<\/p>\n<table>\n<tr>\n<td>Kum<\/td>\n<td>120<\/td>\n<\/tr>\n<tr>\n<td>Kutu \u0130\u00e7i Adedi<\/td>\n<td>50<\/td>\n<\/tr>\n<tr>\n<td>\u00d6l\u00e7\u00fcs\u00fc<\/td>\n<td>150mm &#8211; 6 Delikli<\/td>\n<\/tr>\n<\/table>\n","protected":false},"excerpt":{"rendered":"<p>\n\t<span style=\"color:#f00;\"><strong>Kullan\u0131m Alan\u0131:<\/strong><\/span> Esnek yap\u0131s\u0131ndan dolay\u0131 katland\u0131\u011f\u0131nda k\u0131r\u0131lmaz ve uzun \u00f6m\u00fcrl\u00fcd\u00fcr. P\u00fcr\u00fczs\u00fcz z\u0131mparalama ve parlatma i\u015flerinde kullan\u0131l\u0131r<\/p>\n","protected":false},"featured_media":0,"comment_status":"open","ping_status":"closed","template":"","meta":{"_acf_changed":false},"product_brand":[1518],"product_cat":[1272],"product_tag":[],"class_list":{"0":"post-16014","1":"product","2":"type-product","3":"status-publish","5":"product_brand-nikon","6":"product_cat-cirtli-disk-zimparalar","8":"first","9":"outofstock","10":"taxable","11":"shipping-taxable","12":"purchasable","13":"product-type-simple","14":"add-to-wishlist-after_add_to_cart"},"acf":[],"_links":{"self":[{"href":"https:\/\/www.makitamarket.com.tr\/site\/wp-json\/wp\/v2\/product\/16014","targetHints":{"allow":["GET"]}}],"collection":[{"href":"https:\/\/www.makitamarket.com.tr\/site\/wp-json\/wp\/v2\/product"}],"about":[{"href":"https:\/\/www.makitamarket.com.tr\/site\/wp-json\/wp\/v2\/types\/product"}],"replies":[{"embeddable":true,"href":"https:\/\/www.makitamarket.com.tr\/site\/wp-json\/wp\/v2\/comments?post=16014"}],"wp:attachment":[{"href":"https:\/\/www.makitamarket.com.tr\/site\/wp-json\/wp\/v2\/media?parent=16014"}],"wp:term":[{"taxonomy":"product_brand","embeddable":true,"href":"https:\/\/www.makitamarket.com.tr\/site\/wp-json\/wp\/v2\/product_brand?post=16014"},{"taxonomy":"product_cat","embeddable":true,"href":"https:\/\/www.makitamarket.com.tr\/site\/wp-json\/wp\/v2\/product_cat?post=16014"},{"taxonomy":"product_tag","embeddable":true,"href":"https:\/\/www.makitamarket.com.tr\/site\/wp-json\/wp\/v2\/product_tag?post=16014"}],"curies":[{"name":"wp","href":"https:\/\/api.w.org\/{rel}","templated":true}]}}