{"id":16053,"date":"2024-11-28T19:54:12","date_gmt":"2024-11-28T16:54:12","guid":{"rendered":"https:\/\/www.makitamarket.com.tr\/site\/urun\/proxxon-dissiz-testere\/"},"modified":"2026-04-06T15:34:46","modified_gmt":"2026-04-06T12:34:46","slug":"proxxon-dissiz-testere","status":"publish","type":"product","link":"https:\/\/www.makitamarket.com.tr\/site\/urun\/proxxon-dissiz-testere\/","title":{"rendered":"Proxxon 28184 D\u0130\u015eS\u0130Z TESTERE"},"content":{"rendered":"<table>\n<tr>\n<td>\u00d6zellik<\/td>\n<td>27172 MBS 240\/E i\u00e7in 1,065x6x0,4mm di\u015fsiz testere<\/td>\n<\/tr>\n<\/table>\n","protected":false},"excerpt":{"rendered":"<p>\u00d6zellik 27172 MBS 240\/E i\u00e7in 1,065x6x0,4mm di\u015fsiz testere<\/p>\n","protected":false},"featured_media":0,"comment_status":"open","ping_status":"closed","template":"","meta":{"_acf_changed":false},"product_brand":[1501],"product_cat":[926],"product_tag":[],"class_list":{"0":"post-16053","1":"product","2":"type-product","3":"status-publish","5":"product_brand-proxxon","6":"product_cat-aksesuarlar-mikro-aletleri","8":"first","9":"instock","10":"taxable","11":"shipping-taxable","12":"purchasable","13":"product-type-simple","14":"add-to-wishlist-after_add_to_cart"},"acf":[],"_links":{"self":[{"href":"https:\/\/www.makitamarket.com.tr\/site\/wp-json\/wp\/v2\/product\/16053","targetHints":{"allow":["GET"]}}],"collection":[{"href":"https:\/\/www.makitamarket.com.tr\/site\/wp-json\/wp\/v2\/product"}],"about":[{"href":"https:\/\/www.makitamarket.com.tr\/site\/wp-json\/wp\/v2\/types\/product"}],"replies":[{"embeddable":true,"href":"https:\/\/www.makitamarket.com.tr\/site\/wp-json\/wp\/v2\/comments?post=16053"}],"wp:attachment":[{"href":"https:\/\/www.makitamarket.com.tr\/site\/wp-json\/wp\/v2\/media?parent=16053"}],"wp:term":[{"taxonomy":"product_brand","embeddable":true,"href":"https:\/\/www.makitamarket.com.tr\/site\/wp-json\/wp\/v2\/product_brand?post=16053"},{"taxonomy":"product_cat","embeddable":true,"href":"https:\/\/www.makitamarket.com.tr\/site\/wp-json\/wp\/v2\/product_cat?post=16053"},{"taxonomy":"product_tag","embeddable":true,"href":"https:\/\/www.makitamarket.com.tr\/site\/wp-json\/wp\/v2\/product_tag?post=16053"}],"curies":[{"name":"wp","href":"https:\/\/api.w.org\/{rel}","templated":true}]}}