{"id":16068,"date":"2024-11-28T19:54:18","date_gmt":"2024-11-28T16:54:18","guid":{"rendered":"https:\/\/www.makitamarket.com.tr\/site\/urun\/knipex-kumanda-dolabi-anahtari\/"},"modified":"2026-04-06T15:34:53","modified_gmt":"2026-04-06T12:34:53","slug":"knipex-kumanda-dolabi-anahtari","status":"publish","type":"product","link":"https:\/\/www.makitamarket.com.tr\/site\/urun\/knipex-kumanda-dolabi-anahtari\/","title":{"rendered":"Knipex 001106V03 KUMANDA DOLABI ANAHTARI"},"content":{"rendered":"<p><b>00 11 06 \u00dcniversal Anahtar<\/b><br \/>Elektroteknik, gaz ve su \u015febekeleri, klima ve iklimlendirme sistemleri, sanayi, bina sistemlerindeki vs. kesme sistemleri i\u00e7in S\u00f6k\u00fclebilir zincir ve kancas\u0131. Toplam kol uzunlu\u011fu: 95 mm. self servis kart\/kabartma. <\/p>\n<li><b>\u00c7ift sakal kapasitesi: <\/b>3 \u2013 5 mm<\/li>\n<li><b>D\u00f6rt k\u00f6\u015fe mm kapasitesi: <\/b>5,0 \/ 6,0 \/ 7,0 \u2014 8,0 \/ 9,0 \u2014 10,0 mm<\/li>\n<li><b>Kapasite \u00fc\u00e7gen: <\/b>7,0 \u2014 8,0 \/ 9,0 \u2014 10,0 \/ 11,0 \u2014 0 mm<\/li>\n<li><b>Yar\u0131m ay kapasitesi: <\/b>6 mm<\/li>\n<li><b>: <\/b>1\/4 in14<\/li>\n<table>\n<tr>\n<td>U\u00e7lar<\/td>\n<td>7-9<\/td>\n<\/tr>\n<tr>\n<td>A\u00e7\u0131klama<\/td>\n<td>Universal d\u00f6ner ba\u015fl\u0131kl\u0131 anahtar<\/td>\n<\/tr>\n<\/table>\n","protected":false},"excerpt":{"rendered":"<p><b>00 11 06 \u00dcniversal Anahtar<\/b><br \/>Elektroteknik, gaz ve su \u015febekeleri, klima ve iklimlendirme sistemleri, sanayi, bina sistemlerindeki vs. kesme sistemleri i\u00e7in S\u00f6k\u00fclebilir zincir ve kancas\u0131. Toplam kol uzunlu\u011fu: 95 mm. self servis kart\/kabartma. <\/p>\n<li><b>\u00c7ift sakal kapasitesi: <\/b>3 \u2013 5 mm<\/li>\n<li><b>D\u00f6rt k\u00f6\u015fe mm kapasitesi: <\/b>5,0 \/ 6,0 \/ 7,0 \u2014 8,0 \/ 9,0 \u2014 10,0 mm<\/li>\n<li><b>Kapasite \u00fc\u00e7gen: <\/b>7,0 \u2014 8,0 \/ 9,0 \u2014 10,0 \/ 11,0 \u2014 0 mm<\/li>\n<li><b>Yar\u0131m ay kapasitesi: <\/b>6 mm<\/li>\n<li><b>: <\/b>1\/4 in14<\/li>\n","protected":false},"featured_media":16067,"comment_status":"open","ping_status":"closed","template":"","meta":{"_acf_changed":false},"product_brand":[1486],"product_cat":[1565],"product_tag":[],"class_list":{"0":"post-16068","1":"product","2":"type-product","3":"status-publish","4":"has-post-thumbnail","6":"product_brand-knipex","7":"product_cat-yok-yok","9":"first","10":"outofstock","11":"taxable","12":"shipping-taxable","13":"purchasable","14":"product-type-simple","15":"add-to-wishlist-after_add_to_cart"},"acf":[],"_links":{"self":[{"href":"https:\/\/www.makitamarket.com.tr\/site\/wp-json\/wp\/v2\/product\/16068","targetHints":{"allow":["GET"]}}],"collection":[{"href":"https:\/\/www.makitamarket.com.tr\/site\/wp-json\/wp\/v2\/product"}],"about":[{"href":"https:\/\/www.makitamarket.com.tr\/site\/wp-json\/wp\/v2\/types\/product"}],"replies":[{"embeddable":true,"href":"https:\/\/www.makitamarket.com.tr\/site\/wp-json\/wp\/v2\/comments?post=16068"}],"wp:featuredmedia":[{"embeddable":true,"href":"https:\/\/www.makitamarket.com.tr\/site\/wp-json\/wp\/v2\/media\/16067"}],"wp:attachment":[{"href":"https:\/\/www.makitamarket.com.tr\/site\/wp-json\/wp\/v2\/media?parent=16068"}],"wp:term":[{"taxonomy":"product_brand","embeddable":true,"href":"https:\/\/www.makitamarket.com.tr\/site\/wp-json\/wp\/v2\/product_brand?post=16068"},{"taxonomy":"product_cat","embeddable":true,"href":"https:\/\/www.makitamarket.com.tr\/site\/wp-json\/wp\/v2\/product_cat?post=16068"},{"taxonomy":"product_tag","embeddable":true,"href":"https:\/\/www.makitamarket.com.tr\/site\/wp-json\/wp\/v2\/product_tag?post=16068"}],"curies":[{"name":"wp","href":"https:\/\/api.w.org\/{rel}","templated":true}]}}