{"id":16090,"date":"2024-11-28T19:54:26","date_gmt":"2024-11-28T16:54:26","guid":{"rendered":"https:\/\/www.makitamarket.com.tr\/site\/urun\/nikon-kanalli-super-flex-zimpara-120-kum\/"},"modified":"2026-03-30T10:12:45","modified_gmt":"2026-03-30T07:12:45","slug":"nikon-kanalli-super-flex-zimpara-120-kum","status":"publish","type":"product","link":"https:\/\/www.makitamarket.com.tr\/site\/urun\/nikon-kanalli-super-flex-zimpara-120-kum\/","title":{"rendered":"Nikon N33911 KANALLI (S\u00dcPER FLEX) ZIMPARA 120 KUM"},"content":{"rendered":"<p>\n\tMermer, Granit, Do\u011fal Ta\u015f malzemelerinin a\u015f\u0131nd\u0131rmas\u0131, Boya kaz\u0131mas\u0131nda ve Tersanelerde z\u0131mparalama i\u015flerinde kullan\u0131l\u0131r<\/p>\n<table>\n<tr>\n<td>Kum<\/td>\n<td>120<\/td>\n<\/tr>\n<tr>\n<td>\u00d6l\u00e7\u00fc(mm)<\/td>\n<td>115 x 22 &#8211; 8 Delik<\/td>\n<\/tr>\n<tr>\n<td>Kutu \u0130\u00e7i Adedi<\/td>\n<td>10<\/td>\n<\/tr>\n<\/table>\n","protected":false},"excerpt":{"rendered":"<p>\n\tMermer, Granit, Do\u011fal Ta\u015f malzemelerinin a\u015f\u0131nd\u0131rmas\u0131, Boya kaz\u0131mas\u0131nda ve Tersanelerde z\u0131mparalama i\u015flerinde kullan\u0131l\u0131r<\/p>\n","protected":false},"featured_media":18740,"comment_status":"open","ping_status":"closed","template":"","meta":{"_acf_changed":false},"product_brand":[1518],"product_cat":[1346],"product_tag":[],"class_list":{"0":"post-16090","1":"product","2":"type-product","3":"status-publish","4":"has-post-thumbnail","6":"product_brand-nikon","7":"product_cat-kanalli-flex-zimparalar","9":"first","10":"instock","11":"taxable","12":"shipping-taxable","13":"purchasable","14":"product-type-simple","15":"add-to-wishlist-after_add_to_cart"},"acf":[],"_links":{"self":[{"href":"https:\/\/www.makitamarket.com.tr\/site\/wp-json\/wp\/v2\/product\/16090","targetHints":{"allow":["GET"]}}],"collection":[{"href":"https:\/\/www.makitamarket.com.tr\/site\/wp-json\/wp\/v2\/product"}],"about":[{"href":"https:\/\/www.makitamarket.com.tr\/site\/wp-json\/wp\/v2\/types\/product"}],"replies":[{"embeddable":true,"href":"https:\/\/www.makitamarket.com.tr\/site\/wp-json\/wp\/v2\/comments?post=16090"}],"wp:featuredmedia":[{"embeddable":true,"href":"https:\/\/www.makitamarket.com.tr\/site\/wp-json\/wp\/v2\/media\/18740"}],"wp:attachment":[{"href":"https:\/\/www.makitamarket.com.tr\/site\/wp-json\/wp\/v2\/media?parent=16090"}],"wp:term":[{"taxonomy":"product_brand","embeddable":true,"href":"https:\/\/www.makitamarket.com.tr\/site\/wp-json\/wp\/v2\/product_brand?post=16090"},{"taxonomy":"product_cat","embeddable":true,"href":"https:\/\/www.makitamarket.com.tr\/site\/wp-json\/wp\/v2\/product_cat?post=16090"},{"taxonomy":"product_tag","embeddable":true,"href":"https:\/\/www.makitamarket.com.tr\/site\/wp-json\/wp\/v2\/product_tag?post=16090"}],"curies":[{"name":"wp","href":"https:\/\/api.w.org\/{rel}","templated":true}]}}