{"id":16140,"date":"2024-11-28T19:54:41","date_gmt":"2024-11-28T16:54:41","guid":{"rendered":"https:\/\/www.makitamarket.com.tr\/site\/urun\/makita-dekupaj-testere-bicagi-metal-b-34\/"},"modified":"2026-03-30T09:24:22","modified_gmt":"2026-03-30T06:24:22","slug":"makita-dekupaj-testere-bicagi-metal-b-34","status":"publish","type":"product","link":"https:\/\/www.makitamarket.com.tr\/site\/urun\/makita-dekupaj-testere-bicagi-metal-b-34\/","title":{"rendered":"Makita B-10453 DEKUPAJ TESTERE BI\u00c7A\u011eI &#8211; METAL B &#8211; 34"},"content":{"rendered":"<p>\n\tYumu\u015fak \u00e7elik, sert plastik ve ince metal kesimleri i\u00e7in kullan\u0131l\u0131r.<\/p>\n<table>\n<tr>\n<td>Uzunda \u00c7al\u0131\u015fma<\/td>\n<td>50<\/td>\n<\/tr>\n<tr>\n<td>Plastik Kesim<\/td>\n<td>1.5 &#8211; 6<\/td>\n<\/tr>\n<tr>\n<td>Al\u00fcminyum Kesim<\/td>\n<td>1.5 &#8211; 3<\/td>\n<\/tr>\n<tr>\n<td>Paslanmaz \u00c7elik Kesim<\/td>\n<td>1.5 &#8211; 3<\/td>\n<\/tr>\n<tr>\n<td>Yumu\u015fak \u00c7elik Kesim<\/td>\n<td>1.5 &#8211; 3<\/td>\n<\/tr>\n<tr>\n<td>\u0130nch Ba\u015f\u0131 Di\u015f<\/td>\n<td>18<\/td>\n<\/tr>\n<tr>\n<td>B\u0131\u00e7ak Materyali<\/td>\n<td>HSS<\/td>\n<\/tr>\n<\/table>\n","protected":false},"excerpt":{"rendered":"<p>\n\tYumu\u015fak \u00e7elik, sert plastik ve ince metal kesimleri i\u00e7in kullan\u0131l\u0131r.<\/p>\n","protected":false},"featured_media":16139,"comment_status":"open","ping_status":"closed","template":"","meta":{"_acf_changed":false},"product_brand":[1485],"product_cat":[1204],"product_tag":[],"class_list":{"0":"post-16140","1":"product","2":"type-product","3":"status-publish","4":"has-post-thumbnail","6":"product_brand-makita","7":"product_cat-b-tipi-kama-tipi-bicaklar","9":"first","10":"instock","11":"taxable","12":"shipping-taxable","13":"purchasable","14":"product-type-simple","15":"add-to-wishlist-after_add_to_cart"},"acf":[],"_links":{"self":[{"href":"https:\/\/www.makitamarket.com.tr\/site\/wp-json\/wp\/v2\/product\/16140","targetHints":{"allow":["GET"]}}],"collection":[{"href":"https:\/\/www.makitamarket.com.tr\/site\/wp-json\/wp\/v2\/product"}],"about":[{"href":"https:\/\/www.makitamarket.com.tr\/site\/wp-json\/wp\/v2\/types\/product"}],"replies":[{"embeddable":true,"href":"https:\/\/www.makitamarket.com.tr\/site\/wp-json\/wp\/v2\/comments?post=16140"}],"wp:featuredmedia":[{"embeddable":true,"href":"https:\/\/www.makitamarket.com.tr\/site\/wp-json\/wp\/v2\/media\/16139"}],"wp:attachment":[{"href":"https:\/\/www.makitamarket.com.tr\/site\/wp-json\/wp\/v2\/media?parent=16140"}],"wp:term":[{"taxonomy":"product_brand","embeddable":true,"href":"https:\/\/www.makitamarket.com.tr\/site\/wp-json\/wp\/v2\/product_brand?post=16140"},{"taxonomy":"product_cat","embeddable":true,"href":"https:\/\/www.makitamarket.com.tr\/site\/wp-json\/wp\/v2\/product_cat?post=16140"},{"taxonomy":"product_tag","embeddable":true,"href":"https:\/\/www.makitamarket.com.tr\/site\/wp-json\/wp\/v2\/product_tag?post=16140"}],"curies":[{"name":"wp","href":"https:\/\/api.w.org\/{rel}","templated":true}]}}