{"id":16141,"date":"2024-11-28T19:54:41","date_gmt":"2024-11-28T16:54:41","guid":{"rendered":"https:\/\/www.makitamarket.com.tr\/site\/urun\/makita-hss-co-metal-delme-matkap-ucu-7-5x109-mm\/"},"modified":"2025-11-16T08:50:56","modified_gmt":"2025-11-16T05:50:56","slug":"makita-hss-co-metal-delme-matkap-ucu-7-5x109-mm","status":"publish","type":"product","link":"https:\/\/www.makitamarket.com.tr\/site\/urun\/makita-hss-co-metal-delme-matkap-ucu-7-5x109-mm\/","title":{"rendered":"Makita D-16748 HSS &#8211; CO METAL DELME MATKAP UCU 7.5&#215;109 mm"},"content":{"rendered":"<table>\n<tr>\n<td>Matkap \u00c7ap\u0131<\/td>\n<td>7.5<\/td>\n<\/tr>\n<tr>\n<td>Matkap Boyu<\/td>\n<td>109<\/td>\n<\/tr>\n<tr>\n<td>\u00c7al\u0131\u015fma Uzunlu\u011fu<\/td>\n<td>69<\/td>\n<\/tr>\n<tr>\n<td>\u00c7ap<\/td>\n<td>7.5 mm<\/td>\n<\/tr>\n<tr>\n<td>Uzunluk<\/td>\n<td>109 mm<\/td>\n<\/tr>\n<tr>\n<td>\u00c7al\u0131\u015fma Uzunlu\u011fu<\/td>\n<td>69 mm<\/td>\n<\/tr>\n<tr>\n<td>Ambalaj \u0130\u00e7eri\u011fi<\/td>\n<td>5 Adet<\/td>\n<\/tr>\n<\/table>\n","protected":false},"excerpt":{"rendered":"<p>Matkap \u00c7ap\u0131 7.5 Matkap Boyu 109 \u00c7al\u0131\u015fma Uzunlu\u011fu 69 \u00c7ap 7.5 mm Uzunluk 109 mm \u00c7al\u0131\u015fma Uzunlu\u011fu 69 mm Ambalaj \u0130\u00e7eri\u011fi 5 Adet<\/p>\n","protected":false},"featured_media":0,"comment_status":"open","ping_status":"closed","template":"","meta":{"_acf_changed":false},"product_brand":[1485],"product_cat":[1064],"product_tag":[],"class_list":{"0":"post-16141","1":"product","2":"type-product","3":"status-publish","5":"product_brand-makita","6":"product_cat-metal-delme-uclari","8":"first","9":"outofstock","10":"taxable","11":"shipping-taxable","12":"purchasable","13":"product-type-simple","14":"add-to-wishlist-after_add_to_cart"},"acf":[],"_links":{"self":[{"href":"https:\/\/www.makitamarket.com.tr\/site\/wp-json\/wp\/v2\/product\/16141","targetHints":{"allow":["GET"]}}],"collection":[{"href":"https:\/\/www.makitamarket.com.tr\/site\/wp-json\/wp\/v2\/product"}],"about":[{"href":"https:\/\/www.makitamarket.com.tr\/site\/wp-json\/wp\/v2\/types\/product"}],"replies":[{"embeddable":true,"href":"https:\/\/www.makitamarket.com.tr\/site\/wp-json\/wp\/v2\/comments?post=16141"}],"wp:attachment":[{"href":"https:\/\/www.makitamarket.com.tr\/site\/wp-json\/wp\/v2\/media?parent=16141"}],"wp:term":[{"taxonomy":"product_brand","embeddable":true,"href":"https:\/\/www.makitamarket.com.tr\/site\/wp-json\/wp\/v2\/product_brand?post=16141"},{"taxonomy":"product_cat","embeddable":true,"href":"https:\/\/www.makitamarket.com.tr\/site\/wp-json\/wp\/v2\/product_cat?post=16141"},{"taxonomy":"product_tag","embeddable":true,"href":"https:\/\/www.makitamarket.com.tr\/site\/wp-json\/wp\/v2\/product_tag?post=16141"}],"curies":[{"name":"wp","href":"https:\/\/api.w.org\/{rel}","templated":true}]}}