{"id":16143,"date":"2024-11-28T19:54:42","date_gmt":"2024-11-28T16:54:42","guid":{"rendered":"https:\/\/www.makitamarket.com.tr\/site\/urun\/proxxon-endustriyel-proxxon-1-4-mafsalli-mikro-circir-kolu-23162\/"},"modified":"2025-01-06T17:12:52","modified_gmt":"2025-01-06T14:12:52","slug":"proxxon-endustriyel-proxxon-1-4-mafsalli-mikro-circir-kolu-23162","status":"publish","type":"product","link":"https:\/\/www.makitamarket.com.tr\/site\/urun\/proxxon-endustriyel-proxxon-1-4-mafsalli-mikro-circir-kolu-23162\/","title":{"rendered":"Proxxon End\u00fcstriyel PROXXON 1\/4 MAFSALLI M\u0130KRO CIRCIR KOLU 23162"},"content":{"rendered":"<p>Mafsall\u0131 mikro c\u0131rc\u0131r kolu<\/p>\n<table>\n<tr>\n<td>A\u00e7\u0131klama<\/td>\n<td>72 Di\u015f C\u0131rc\u0131r Kafas\u0131 H\u0131zl\u0131 Lokma \u00c7\u0131kartma Butonu<\/td>\n<\/tr>\n<\/table>\n","protected":false},"excerpt":{"rendered":"<p>Mafsall\u0131 mikro c\u0131rc\u0131r kolu<\/p>\n","protected":false},"featured_media":16142,"comment_status":"open","ping_status":"closed","template":"","meta":{"_acf_changed":false},"product_brand":[],"product_cat":[1065],"product_tag":[],"class_list":{"0":"post-16143","1":"product","2":"type-product","3":"status-publish","4":"has-post-thumbnail","6":"product_cat-circir-kollari","8":"first","9":"outofstock","10":"taxable","11":"shipping-taxable","12":"purchasable","13":"product-type-simple","14":"add-to-wishlist-after_add_to_cart"},"acf":[],"_links":{"self":[{"href":"https:\/\/www.makitamarket.com.tr\/site\/wp-json\/wp\/v2\/product\/16143","targetHints":{"allow":["GET"]}}],"collection":[{"href":"https:\/\/www.makitamarket.com.tr\/site\/wp-json\/wp\/v2\/product"}],"about":[{"href":"https:\/\/www.makitamarket.com.tr\/site\/wp-json\/wp\/v2\/types\/product"}],"replies":[{"embeddable":true,"href":"https:\/\/www.makitamarket.com.tr\/site\/wp-json\/wp\/v2\/comments?post=16143"}],"wp:featuredmedia":[{"embeddable":true,"href":"https:\/\/www.makitamarket.com.tr\/site\/wp-json\/wp\/v2\/media\/16142"}],"wp:attachment":[{"href":"https:\/\/www.makitamarket.com.tr\/site\/wp-json\/wp\/v2\/media?parent=16143"}],"wp:term":[{"taxonomy":"product_brand","embeddable":true,"href":"https:\/\/www.makitamarket.com.tr\/site\/wp-json\/wp\/v2\/product_brand?post=16143"},{"taxonomy":"product_cat","embeddable":true,"href":"https:\/\/www.makitamarket.com.tr\/site\/wp-json\/wp\/v2\/product_cat?post=16143"},{"taxonomy":"product_tag","embeddable":true,"href":"https:\/\/www.makitamarket.com.tr\/site\/wp-json\/wp\/v2\/product_tag?post=16143"}],"curies":[{"name":"wp","href":"https:\/\/api.w.org\/{rel}","templated":true}]}}