{"id":16158,"date":"2024-11-28T19:54:49","date_gmt":"2024-11-28T16:54:49","guid":{"rendered":"https:\/\/www.makitamarket.com.tr\/site\/urun\/knisaw-16-li-panc-seti\/"},"modified":"2026-03-30T09:24:27","modified_gmt":"2026-03-30T06:24:27","slug":"knisaw-16-li-panc-seti","status":"publish","type":"product","link":"https:\/\/www.makitamarket.com.tr\/site\/urun\/knisaw-16-li-panc-seti\/","title":{"rendered":"Knisaw KS51573 16 LI PAN\u00c7 SET\u0130"},"content":{"rendered":"<p>\n\t<strong>Set \u0130\u00e7eri\u011fi :<br \/>\n\t<\/strong><\/p>\n<ul>\n<li>\n\t\t\u00d819,22,28,32,38,44,51,64,76,8 8,102,127mm. Pan\u00e7,<\/li>\n<li>\n\t\t2 Adapt\u00f6r,<\/li>\n<li>\n\t\tAllen,<\/li>\n<li>\n\t\tPlastik \u00c7anta<\/li>\n<\/ul>\n<table><\/table>\n","protected":false},"excerpt":{"rendered":"<p>\n\t<strong>Set \u0130\u00e7eri\u011fi :<br \/>\n\t<\/strong><\/p>\n<ul>\n<li>\n\t\t\u00d819,22,28,32,38,44,51,64,76,8 8,102,127mm. Pan\u00e7,<\/li>\n<li>\n\t\t2 Adapt\u00f6r,<\/li>\n<li>\n\t\tAllen,<\/li>\n<li>\n\t\tPlastik \u00c7anta<\/li>\n<\/ul>\n","protected":false},"featured_media":16157,"comment_status":"open","ping_status":"closed","template":"","meta":{"_acf_changed":false},"product_brand":[1550],"product_cat":[1124],"product_tag":[],"class_list":{"0":"post-16158","1":"product","2":"type-product","3":"status-publish","4":"has-post-thumbnail","6":"product_brand-knisaw","7":"product_cat-bi-metal-delik-testere-setleri","9":"first","10":"instock","11":"taxable","12":"shipping-taxable","13":"purchasable","14":"product-type-simple","15":"add-to-wishlist-after_add_to_cart"},"acf":[],"_links":{"self":[{"href":"https:\/\/www.makitamarket.com.tr\/site\/wp-json\/wp\/v2\/product\/16158","targetHints":{"allow":["GET"]}}],"collection":[{"href":"https:\/\/www.makitamarket.com.tr\/site\/wp-json\/wp\/v2\/product"}],"about":[{"href":"https:\/\/www.makitamarket.com.tr\/site\/wp-json\/wp\/v2\/types\/product"}],"replies":[{"embeddable":true,"href":"https:\/\/www.makitamarket.com.tr\/site\/wp-json\/wp\/v2\/comments?post=16158"}],"wp:featuredmedia":[{"embeddable":true,"href":"https:\/\/www.makitamarket.com.tr\/site\/wp-json\/wp\/v2\/media\/16157"}],"wp:attachment":[{"href":"https:\/\/www.makitamarket.com.tr\/site\/wp-json\/wp\/v2\/media?parent=16158"}],"wp:term":[{"taxonomy":"product_brand","embeddable":true,"href":"https:\/\/www.makitamarket.com.tr\/site\/wp-json\/wp\/v2\/product_brand?post=16158"},{"taxonomy":"product_cat","embeddable":true,"href":"https:\/\/www.makitamarket.com.tr\/site\/wp-json\/wp\/v2\/product_cat?post=16158"},{"taxonomy":"product_tag","embeddable":true,"href":"https:\/\/www.makitamarket.com.tr\/site\/wp-json\/wp\/v2\/product_tag?post=16158"}],"curies":[{"name":"wp","href":"https:\/\/api.w.org\/{rel}","templated":true}]}}