{"id":16180,"date":"2024-11-28T19:54:56","date_gmt":"2024-11-28T16:54:56","guid":{"rendered":"https:\/\/www.makitamarket.com.tr\/site\/urun\/probox-9-bolmeli-organizer-kutu\/"},"modified":"2025-11-16T08:51:01","modified_gmt":"2025-11-16T05:51:01","slug":"probox-9-bolmeli-organizer-kutu","status":"publish","type":"product","link":"https:\/\/www.makitamarket.com.tr\/site\/urun\/probox-9-bolmeli-organizer-kutu\/","title":{"rendered":"Probox PX05331 9 B\u00d6LMEL\u0130 ORGAN\u0130ZER KUTU"},"content":{"rendered":"<table>\n<tr>\n<td>\u00d6l\u00e7\u00fcleri<\/td>\n<td>9 B\u00f6lmeli (140 x 100 x 30 mm.)<\/td>\n<\/tr>\n<tr>\n<td>Koli \u0130\u00e7i Adedi<\/td>\n<td>48 ad.<\/td>\n<\/tr>\n<\/table>\n","protected":false},"excerpt":{"rendered":"<p>\u00d6l\u00e7\u00fcleri 9 B\u00f6lmeli (140 x 100 x 30 mm.) Koli \u0130\u00e7i Adedi 48 ad.<\/p>\n","protected":false},"featured_media":16179,"comment_status":"open","ping_status":"closed","template":"","meta":{"_acf_changed":false},"product_brand":[1503],"product_cat":[757],"product_tag":[],"class_list":{"0":"post-16180","1":"product","2":"type-product","3":"status-publish","4":"has-post-thumbnail","6":"product_brand-probox","7":"product_cat-organizer-kutular","9":"first","10":"outofstock","11":"taxable","12":"shipping-taxable","13":"purchasable","14":"product-type-simple","15":"add-to-wishlist-after_add_to_cart"},"acf":[],"_links":{"self":[{"href":"https:\/\/www.makitamarket.com.tr\/site\/wp-json\/wp\/v2\/product\/16180","targetHints":{"allow":["GET"]}}],"collection":[{"href":"https:\/\/www.makitamarket.com.tr\/site\/wp-json\/wp\/v2\/product"}],"about":[{"href":"https:\/\/www.makitamarket.com.tr\/site\/wp-json\/wp\/v2\/types\/product"}],"replies":[{"embeddable":true,"href":"https:\/\/www.makitamarket.com.tr\/site\/wp-json\/wp\/v2\/comments?post=16180"}],"wp:featuredmedia":[{"embeddable":true,"href":"https:\/\/www.makitamarket.com.tr\/site\/wp-json\/wp\/v2\/media\/16179"}],"wp:attachment":[{"href":"https:\/\/www.makitamarket.com.tr\/site\/wp-json\/wp\/v2\/media?parent=16180"}],"wp:term":[{"taxonomy":"product_brand","embeddable":true,"href":"https:\/\/www.makitamarket.com.tr\/site\/wp-json\/wp\/v2\/product_brand?post=16180"},{"taxonomy":"product_cat","embeddable":true,"href":"https:\/\/www.makitamarket.com.tr\/site\/wp-json\/wp\/v2\/product_cat?post=16180"},{"taxonomy":"product_tag","embeddable":true,"href":"https:\/\/www.makitamarket.com.tr\/site\/wp-json\/wp\/v2\/product_tag?post=16180"}],"curies":[{"name":"wp","href":"https:\/\/api.w.org\/{rel}","templated":true}]}}