{"id":16248,"date":"2024-11-28T19:55:29","date_gmt":"2024-11-28T16:55:29","guid":{"rendered":"https:\/\/www.makitamarket.com.tr\/site\/urun\/three-files-three-files-egsil7-slim-testere-egesi\/"},"modified":"2026-04-06T15:38:43","modified_gmt":"2026-04-06T12:38:43","slug":"three-files-three-files-egsil7-slim-testere-egesi","status":"publish","type":"product","link":"https:\/\/www.makitamarket.com.tr\/site\/urun\/three-files-three-files-egsil7-slim-testere-egesi\/","title":{"rendered":"Three Files E\u011eS\u0130L7 THREE FILES E\u011eSIL7 SL\u0130M TESTERE E\u011eES\u0130"},"content":{"rendered":"<table>\n<tr>\n<td>\u00d6l\u00e7\u00fc<\/td>\n<td>7&#8243;<\/td>\n<\/tr>\n<tr>\n<td>A\u00e7\u0131klama<\/td>\n<td>Slim<\/td>\n<\/tr>\n<\/table>\n","protected":false},"excerpt":{"rendered":"<p>\u00d6l\u00e7\u00fc 7&#8243; A\u00e7\u0131klama Slim<\/p>\n","protected":false},"featured_media":0,"comment_status":"open","ping_status":"closed","template":"","meta":{"_acf_changed":false},"product_brand":[1541],"product_cat":[1031],"product_tag":[],"class_list":{"0":"post-16248","1":"product","2":"type-product","3":"status-publish","5":"product_brand-three-files","6":"product_cat-egeler","8":"first","9":"instock","10":"taxable","11":"shipping-taxable","12":"purchasable","13":"product-type-simple","14":"add-to-wishlist-after_add_to_cart"},"acf":[],"_links":{"self":[{"href":"https:\/\/www.makitamarket.com.tr\/site\/wp-json\/wp\/v2\/product\/16248","targetHints":{"allow":["GET"]}}],"collection":[{"href":"https:\/\/www.makitamarket.com.tr\/site\/wp-json\/wp\/v2\/product"}],"about":[{"href":"https:\/\/www.makitamarket.com.tr\/site\/wp-json\/wp\/v2\/types\/product"}],"replies":[{"embeddable":true,"href":"https:\/\/www.makitamarket.com.tr\/site\/wp-json\/wp\/v2\/comments?post=16248"}],"wp:attachment":[{"href":"https:\/\/www.makitamarket.com.tr\/site\/wp-json\/wp\/v2\/media?parent=16248"}],"wp:term":[{"taxonomy":"product_brand","embeddable":true,"href":"https:\/\/www.makitamarket.com.tr\/site\/wp-json\/wp\/v2\/product_brand?post=16248"},{"taxonomy":"product_cat","embeddable":true,"href":"https:\/\/www.makitamarket.com.tr\/site\/wp-json\/wp\/v2\/product_cat?post=16248"},{"taxonomy":"product_tag","embeddable":true,"href":"https:\/\/www.makitamarket.com.tr\/site\/wp-json\/wp\/v2\/product_tag?post=16248"}],"curies":[{"name":"wp","href":"https:\/\/api.w.org\/{rel}","templated":true}]}}