{"id":16271,"date":"2024-11-28T19:55:37","date_gmt":"2024-11-28T16:55:37","guid":{"rendered":"https:\/\/www.makitamarket.com.tr\/site\/urun\/knipex-lokma-ucu-11-mm\/"},"modified":"2026-03-30T09:26:32","modified_gmt":"2026-03-30T06:26:32","slug":"knipex-lokma-ucu-11-mm","status":"publish","type":"product","link":"https:\/\/www.makitamarket.com.tr\/site\/urun\/knipex-lokma-ucu-11-mm\/","title":{"rendered":"Knipex 984711 LOKMA UCU 11 mm"},"content":{"rendered":"<p><b>98 47 11 Alt\u0131 k\u00f6\u015fe civatalar i\u00e7in lokma tak\u0131m\u0131<\/b><br \/>Metrik veya in\u00e7 \u00f6l\u00e7\u00fcl\u00fc alt\u0131 k\u00f6\u015feli c\u0131vata kafalar\u0131 i\u00e7in. Krom anahtar \u00fczeri plastik kaplama. <\/p>\n<li><b>Anahtar \u00f6l\u00e7\u00fcs\u00fc S: <\/b>11 mm<\/li>\n<li><b>Etki eden taraf max. \u00e7ap max.: <\/b>20,7 mm<\/li>\n<li><b>Ba\u011flant\u0131 d\u00f6rtgeni: <\/b>1\/2 in<\/li>\n<table>\n<tr>\n<td>\u00d6l\u00e7\u00fcler<\/td>\n<td>11 mm<\/td>\n<\/tr>\n<tr>\n<td>Ba\u011flant\u0131 \u00f6l\u00e7\u00fcs\u00fc<\/td>\n<td>1\/2&#8221;<\/td>\n<\/tr>\n<tr>\n<td>A\u011f\u0131rl\u0131k<\/td>\n<td>61 gr<\/td>\n<\/tr>\n<\/table>\n","protected":false},"excerpt":{"rendered":"<p><b>98 47 11 Alt\u0131 k\u00f6\u015fe civatalar i\u00e7in lokma tak\u0131m\u0131<\/b><br \/>Metrik veya in\u00e7 \u00f6l\u00e7\u00fcl\u00fc alt\u0131 k\u00f6\u015feli c\u0131vata kafalar\u0131 i\u00e7in. Krom anahtar \u00fczeri plastik kaplama. <\/p>\n<li><b>Anahtar \u00f6l\u00e7\u00fcs\u00fc S: <\/b>11 mm<\/li>\n<li><b>Etki eden taraf max. \u00e7ap max.: <\/b>20,7 mm<\/li>\n<li><b>Ba\u011flant\u0131 d\u00f6rtgeni: <\/b>1\/2 in<\/li>\n","protected":false},"featured_media":16270,"comment_status":"open","ping_status":"closed","template":"","meta":{"_acf_changed":false},"product_brand":[1486],"product_cat":[1317],"product_tag":[],"class_list":{"0":"post-16271","1":"product","2":"type-product","3":"status-publish","4":"has-post-thumbnail","6":"product_brand-knipex","7":"product_cat-izoleli-lokma-kafalari","9":"first","10":"instock","11":"taxable","12":"shipping-taxable","13":"purchasable","14":"product-type-simple","15":"add-to-wishlist-after_add_to_cart"},"acf":[],"_links":{"self":[{"href":"https:\/\/www.makitamarket.com.tr\/site\/wp-json\/wp\/v2\/product\/16271","targetHints":{"allow":["GET"]}}],"collection":[{"href":"https:\/\/www.makitamarket.com.tr\/site\/wp-json\/wp\/v2\/product"}],"about":[{"href":"https:\/\/www.makitamarket.com.tr\/site\/wp-json\/wp\/v2\/types\/product"}],"replies":[{"embeddable":true,"href":"https:\/\/www.makitamarket.com.tr\/site\/wp-json\/wp\/v2\/comments?post=16271"}],"wp:featuredmedia":[{"embeddable":true,"href":"https:\/\/www.makitamarket.com.tr\/site\/wp-json\/wp\/v2\/media\/16270"}],"wp:attachment":[{"href":"https:\/\/www.makitamarket.com.tr\/site\/wp-json\/wp\/v2\/media?parent=16271"}],"wp:term":[{"taxonomy":"product_brand","embeddable":true,"href":"https:\/\/www.makitamarket.com.tr\/site\/wp-json\/wp\/v2\/product_brand?post=16271"},{"taxonomy":"product_cat","embeddable":true,"href":"https:\/\/www.makitamarket.com.tr\/site\/wp-json\/wp\/v2\/product_cat?post=16271"},{"taxonomy":"product_tag","embeddable":true,"href":"https:\/\/www.makitamarket.com.tr\/site\/wp-json\/wp\/v2\/product_tag?post=16271"}],"curies":[{"name":"wp","href":"https:\/\/api.w.org\/{rel}","templated":true}]}}